{"id":16235,"date":"2022-12-16T16:23:46","date_gmt":"2022-12-16T16:23:46","guid":{"rendered":"https:\/\/www.dibosch.com\/?page_id=16235"},"modified":"2024-03-13T11:24:25","modified_gmt":"2024-03-13T11:24:25","slug":"politica-de-cookies","status":"publish","type":"page","link":"https:\/\/dibosch.com\/es\/politica-de-cookies\/","title":{"rendered":"Pol\u00edtica de Cookies"},"content":{"rendered":"\n<p><strong>Pol\u00edtica de cookies<br><br>\u00bfQu\u00e9 es una cookie?<\/strong><\/p>\n\n\n\n<p>Una cookie es un fichero que se descarga en su ordenador al acceder el Usuario a determinadas p\u00e1ginas web. Las cookies permiten a una p\u00e1gina web, entre otras cosas, almacenar y recuperar informaci\u00f3n sobre los h\u00e1bitos de navegaci\u00f3n de un usuario o de su equipo y, dependiendo de la informaci\u00f3n que contengan y de la forma en que utilice su equipo, pueden utilizarse para reconocer al usuario.<\/p>\n\n\n\n<p><strong>\u00bfQu\u00e9 tipos de cookies existen?<\/strong><\/p>\n\n\n\n<p>Existen varios tipos de cookies en funci\u00f3n de distintos criterios:<\/p>\n\n\n\n<p>En funci\u00f3n del tiempo que permanecen activadas:<\/p>\n\n\n\n<ul class=\"wp-block-list\">\n<li>&nbsp;Cookies de sesi\u00f3n. Son un tipo de cookies dise\u00f1adas para recabar y almacenar datos mientras el usuario accede a una p\u00e1gina web.<\/li>\n\n\n\n<li>Cookies permanentes: Son un tipo de cookies en el que los datos siguen almacenados en el terminal y pueden ser accedidos y tratados durante un periodo definido por el responsable de la cookie.<\/li>\n<\/ul>\n\n\n\n<p>En funci\u00f3n de la titularidad:<\/p>\n\n\n\n<ul class=\"wp-block-list\">\n<li>Cookies propias.<\/li>\n\n\n\n<li>&nbsp;Cookies de terceros.<\/li>\n<\/ul>\n\n\n\n<p>En funci\u00f3n de su finalidad:<\/p>\n\n\n\n<ul class=\"wp-block-list\">\n<li>Cookies t\u00e9cnicas y\/o de personalizaci\u00f3n. Son aqu\u00e9llas que sirven para mejorar el servicio, localizar incidencias, reconocer al usuario, etc.<\/li>\n\n\n\n<li>Cookies de an\u00e1lisis y\/o de publicidad. Son aqu\u00e9llas que sirven para analizar informaci\u00f3n sobre la navegaci\u00f3n y ofrecer publicidad, sea gen\u00e9rica o personalizada.<\/li>\n<\/ul>\n\n\n\n<p><strong>\u00bfQu\u00e9 tipos de cookies son m\u00e1s habituales?<\/strong><\/p>\n\n\n\n<p>T\u00c9CNICAS: Son cookies PROPIAS, de sesi\u00f3n, de identificaci\u00f3n, de configuraci\u00f3n y de registro, estrictamente necesarias para la identificaci\u00f3n del usuario y para la prestaci\u00f3n de los servicios solicitados por el usuario.&nbsp;<\/p>\n\n\n\n<p>DE AN\u00c1LISIS: Son aqu\u00e9llas que, bien tratadas por nosotros o por terceros, nos permiten cuantificar el n\u00famero de usuarios y as\u00ed realizar la medici\u00f3n y an\u00e1lisis estad\u00edstico de la utilizaci\u00f3n que hacen los usuarios del servicio ofertado. Para ello se analiza su navegaci\u00f3n en nuestra p\u00e1gina web con el fin de mejorar la oferta de productos o servicios que le ofrecemos.<\/p>\n\n\n\n<p>DE PUBLICIDAD: Son aqu\u00e9llas que, bien tratadas por nosotros o por terceros, permiten la gesti\u00f3n, de la forma m\u00e1s eficaz posible, de los espacios publicitarios que se pudieran incluir en nuestra p\u00e1gina web y\/o almacenan informaci\u00f3n del comportamiento de los usuarios obtenida a trav\u00e9s de la observaci\u00f3n continuada. Gracias a ellas, podemos conocer los h\u00e1bitos de navegaci\u00f3n en internet y mostrarle publicidad relacionada con su perfil de navegaci\u00f3n.<\/p>\n\n\n\n<p><strong>\u00bfPara qu\u00e9 sirve una cookie?<\/strong><\/p>\n\n\n\n<p>Las cookies se utilizan para poder ofrecerle servicios y\/o publicidad personalizados, para analizar el funcionamiento del sistema, reconocerle cuando accede como usuario, localizar incidencias y problemas que puedan surgir y solventarlos en el menor plazo posible, as\u00ed como analizar y medir el uso y actividad de la p\u00e1gina web.<\/p>\n\n\n\n<p><strong>\u00bfSe necesita mi consentimiento para implantar una cookie?<\/strong><\/p>\n\n\n\n<p>No se precisa el consentimiento para la instalaci\u00f3n de cookies t\u00e9cnicas o las que sean estrictamente necesarias para la prestaci\u00f3n de un servicio de la sociedad de la informaci\u00f3n expresamente solicitado por el destinatario.<\/p>\n\n\n\n<p>Para el resto, s\u00ed se precisa del consentimiento del interesado que se puede solicitar por distintas v\u00edas. Se entender\u00e1 otorgado si Vd. sigue utilizando la p\u00e1gina web, sin perjuicio de que en cualquier momento podr\u00e1 revocarlo y desactivar las cookies.<\/p>\n\n\n\n<p><strong>\u00bfQu\u00e9 tipos de cookies utiliza esta p\u00e1gina web?<\/strong><\/p>\n\n\n\n<p>Cookies t\u00e9cnicas: Son aquellas creadas y gestionadas \u00fanicamente por nosotros, y permiten al usuario la navegaci\u00f3n a trav\u00e9s de nuestra p\u00e1gina web y la utilizaci\u00f3n de las diferentes opciones como, por ejemplo, identificar la sesi\u00f3n, personalizar informaci\u00f3n o acceder a zonas de acceso restringido.<\/p>\n\n\n\n<p>Nuestro lugar web utiliza (o puede utilizar) Google Analytics, una herramienta de anal\u00edtica web desarrollada por Google, que ayuda a los propietarios de sitios web a medir c\u00f3mo interact\u00faan los usuarios con el contenido del sitio. Para la prestaci\u00f3n de estos servicios, Google Analytics utilizan cookies que recopilan la informaci\u00f3n, incluida la direcci\u00f3n IP del usuario que ser\u00e1 trasmitida, tratada y almacenada por Google en los t\u00e9rminos fijados en la web Google.com.<\/p>\n\n\n\n<p>Para m\u00e1s informaci\u00f3n ver:&nbsp;<a href=\"https:\/\/developers.google.com\/analytics\/devguides\/collection\/analyticsjs\/cookie-usage\" target=\"_blank\" rel=\"noreferrer noopener\">https:\/\/developers.google.com\/analytics\/devguides\/collection\/analyticsjs\/cookie-usage<\/a><\/p>\n\n\n\n<p>El dominio web&nbsp;<strong>www.dibosch.com<\/strong>&nbsp;utiliza los siguientes tipos de cookies:<\/p>\n\n\n\n<figure class=\"wp-block-table\"><table><tbody><tr><td><strong>Nombre de la cookie<\/strong><\/td><td><strong>Finalidad<\/strong><\/td><td><strong>Expira<\/strong><\/td><\/tr><tr><td>consentiment_cookies<\/td><td>Guarda el valor de la aceptaci\u00f3n del cartel de cookies.<\/td><td>1 a\u00f1o<\/td><\/tr><tr><td>dateExpireCookie<\/td><td>Guarda la fecha de expiraci\u00f3n de la cookie del cartel de cookies.<\/td><td>1 a\u00f1o<\/td><\/tr><tr><td>_ga<\/td><td>Se utiliza para diferenciar entre usuarios y sesiones. La cookie se crea al cargar la libreta javascript y no hay una versi\u00f3n previa de la cookie _ga. La cookie se utiliza cada vez que env\u00eda los datos a Google Analytics.&nbsp;<\/td><td>2 a\u00f1os<\/td><\/tr><tr><td>_gat<\/td><td>Se usa paara limitar el porcentaje de solicitudes. Si has implementado Google Analytics mediante Google Tag Manager, esta cookie se llamar\u00e1 _dc_gtm_.<\/td><td>1 minuto<\/td><\/tr><tr><td>_gid<\/td><td>Se utiliza oara distinguir a los usuarios. Cookie de Google analytics.<\/td><td>24 horas<\/td><\/tr><tr><td>_zlcid<\/td><td>Estas cookies son estrictamente necesarias para ofrecerle los servicios disponibles a trav\u00e9s de nuestro sitio web i utilizar algunas de sus funciones.<\/td><td>Sessi\u00f3<\/td><\/tr><tr><td>_zlcmid<\/td><td>Estas cookies son estrictamente necesarias para ofrecerle los servicios disponibles a trav\u00e9s de nuestro sitio web i utilizar algunas de sus funciones.<\/td><td>&nbsp;<\/td><\/tr><tr><td>_zlcstore<\/td><td>Estas cookies son estrictamente necesarias para ofrecerle los servicios disponibles a trav\u00e9s de nuestro sitio web i utilizar algunas de sus funciones.<\/td><td>&nbsp;<\/td><\/tr><tr><td>zte2095<\/td><td>Cookie t\u00e9cnica habilitada por si el usuario inicia la sessi\u00f3n diversas ocasiones.&nbsp;<\/td><td>Sessi\u00f3<\/td><\/tr><tr><td>Z3JhbmthcHR1cmFpbmRleHBocA&nbsp;&nbsp;<\/td><td>Cookie b\u00e1sica necesaria para el funcionamento b\u00e1sico de la p\u00e1gina web.<\/td><td>Sessi\u00f3<\/td><\/tr><\/tbody><\/table><\/figure>\n\n\n\n<p>Puedes editar tu configuraci\u00f3n de cookies haciendo clic&nbsp;aqu\u00ed.<\/p>\n\n\n\n<p><strong>\u00bfC\u00f3mo desactivar cookies?<\/strong><\/p>\n\n\n\n<p>Puede permitir, bloquear o eliminar las cookies instaladas en su equipo mediante la configuraci\u00f3n de las opciones del navegador instalado en su ordenador.<\/p>\n\n\n\n<ul class=\"wp-block-list\">\n<li>Firefox : https:\/\/support.mozilla.org\/es\/kb\/habilitar-y-deshabilitar-cookies-sitios-web-rastrear-preferencias?redirectlocale=es&amp;redirectslug=habilitar-y-deshabilitar-cookies-que-los-sitios-we<\/li>\n\n\n\n<li>Chrome: https:\/\/support.google.com\/chrome\/answer\/95647?hl=es<\/li>\n\n\n\n<li>Internet Explorer: https:\/\/support.microsoft.com\/es-es\/products\/windows?os=windows-10<\/li>\n\n\n\n<li>Safari: https:\/\/support.apple.com\/kb\/ph5042?locale=es_ES<\/li>\n\n\n\n<li>Safari para iOS: https:\/\/support.apple.com\/es-es\/HT201265<\/li>\n\n\n\n<li>Opera: http:\/\/help.opera.com\/Windows\/11.50\/es-ES\/cookies.html<\/li>\n<\/ul>\n","protected":false},"excerpt":{"rendered":"<p>Pol\u00edtica de cookies \u00bfQu\u00e9 es una cookie? Una cookie es un fichero que se descarga en su ordenador al acceder el Usuario a determinadas p\u00e1ginas web. Las cookies permiten a una p\u00e1gina web, entre otras cosas, almacenar y recuperar informaci\u00f3n sobre los h\u00e1bitos de navegaci\u00f3n de un usuario o de su equipo y, dependiendo de [&hellip;]<\/p>\n","protected":false},"author":1,"featured_media":0,"parent":0,"menu_order":0,"comment_status":"closed","ping_status":"closed","template":"","meta":{"footnotes":""},"class_list":["post-16235","page","type-page","status-publish","hentry"],"_links":{"self":[{"href":"https:\/\/dibosch.com\/es\/wp-json\/wp\/v2\/pages\/16235","targetHints":{"allow":["GET"]}}],"collection":[{"href":"https:\/\/dibosch.com\/es\/wp-json\/wp\/v2\/pages"}],"about":[{"href":"https:\/\/dibosch.com\/es\/wp-json\/wp\/v2\/types\/page"}],"author":[{"embeddable":true,"href":"https:\/\/dibosch.com\/es\/wp-json\/wp\/v2\/users\/1"}],"replies":[{"embeddable":true,"href":"https:\/\/dibosch.com\/es\/wp-json\/wp\/v2\/comments?post=16235"}],"version-history":[{"count":0,"href":"https:\/\/dibosch.com\/es\/wp-json\/wp\/v2\/pages\/16235\/revisions"}],"wp:attachment":[{"href":"https:\/\/dibosch.com\/es\/wp-json\/wp\/v2\/media?parent=16235"}],"curies":[{"name":"wp","href":"https:\/\/api.w.org\/{rel}","templated":true}]}}