{"id":16242,"date":"2022-12-16T16:25:14","date_gmt":"2022-12-16T16:25:14","guid":{"rendered":"https:\/\/www.dibosch.com\/politica-de-privacidad\/"},"modified":"2026-01-20T10:59:44","modified_gmt":"2026-01-20T10:59:44","slug":"politica-de-privacidad","status":"publish","type":"page","link":"https:\/\/dibosch.com\/es\/politica-de-privacidad\/","title":{"rendered":"Pol\u00edtica de privacidad"},"content":{"rendered":"\n<p>De conformidad con lo dispuesto en la Ley Org\u00e1nica 15\/1999, de 13 de diciembre, de Protecci\u00f3n de Datos de Car\u00e1cter Personal (LOPD), le informamos que sus datos personales se incorporar\u00e1n a archivos titularidad de DIBOSCH S.L.U con la finalidad de poder atender adecuadamente sus peticiones de informaci\u00f3n y elaborar los presupuestos que puedan solicitarnos. Para ejercer los derechos de acceso, rectificaci\u00f3n, cancelaci\u00f3n y oposici\u00f3n contemplados en la Ley, pueden dirigirse mediante carta a Ctra. De Riudellots a Cass\u00e0 s\/n Pol. Ind. Gerona 17457 Riudellots de la Selva (Girona) &#8211; Espa\u00f1a, Ref. Protecci\u00f3n de datos.<\/p>\n","protected":false},"excerpt":{"rendered":"<p>De conformidad con lo dispuesto en la Ley Org\u00e1nica 15\/1999, de 13 de diciembre, de Protecci\u00f3n de Datos de Car\u00e1cter Personal (LOPD), le informamos que sus datos personales se incorporar\u00e1n a archivos titularidad de DIBOSCH S.L.U con la finalidad de poder atender adecuadamente sus peticiones de informaci\u00f3n y elaborar los presupuestos que puedan solicitarnos. Para [&hellip;]<\/p>\n","protected":false},"author":1,"featured_media":0,"parent":0,"menu_order":0,"comment_status":"closed","ping_status":"closed","template":"","meta":{"footnotes":""},"class_list":["post-16242","page","type-page","status-publish","hentry"],"_links":{"self":[{"href":"https:\/\/dibosch.com\/es\/wp-json\/wp\/v2\/pages\/16242","targetHints":{"allow":["GET"]}}],"collection":[{"href":"https:\/\/dibosch.com\/es\/wp-json\/wp\/v2\/pages"}],"about":[{"href":"https:\/\/dibosch.com\/es\/wp-json\/wp\/v2\/types\/page"}],"author":[{"embeddable":true,"href":"https:\/\/dibosch.com\/es\/wp-json\/wp\/v2\/users\/1"}],"replies":[{"embeddable":true,"href":"https:\/\/dibosch.com\/es\/wp-json\/wp\/v2\/comments?post=16242"}],"version-history":[{"count":1,"href":"https:\/\/dibosch.com\/es\/wp-json\/wp\/v2\/pages\/16242\/revisions"}],"predecessor-version":[{"id":35490,"href":"https:\/\/dibosch.com\/es\/wp-json\/wp\/v2\/pages\/16242\/revisions\/35490"}],"wp:attachment":[{"href":"https:\/\/dibosch.com\/es\/wp-json\/wp\/v2\/media?parent=16242"}],"curies":[{"name":"wp","href":"https:\/\/api.w.org\/{rel}","templated":true}]}}