{"id":16252,"date":"2022-12-16T16:29:40","date_gmt":"2022-12-16T16:29:40","guid":{"rendered":"https:\/\/www.dibosch.com\/nota-legal\/"},"modified":"2026-01-20T10:58:46","modified_gmt":"2026-01-20T10:58:46","slug":"nota-legal","status":"publish","type":"page","link":"https:\/\/dibosch.com\/es\/nota-legal\/","title":{"rendered":"Nota Legal"},"content":{"rendered":"\n<p><strong>Legal<\/strong><\/p>\n\n\n\n<p>El dominio: http:\/\/www.dibosch.com es propiedad de la empresa DIBOSCH S.L.U. con el NIF Registro Mercantil de . El domicilio de la empresa es Ctra. De Riudellots a Cass\u00e0 s\/n Pol. Ind. Gerona 17457 Riudellots de la Selva (Girona). Tambi\u00e9n puede ponerse en contacto con nosotros en el T. 972 47 70 52 o en el e-mail:info@dibosch.com<\/p>\n\n\n\n<p><strong>Propiedad intelectual e industrial:<\/strong><\/p>\n\n\n\n<p>La totalidad del contenido de este sitio web est\u00e1 protegido por derechos de propiedad industrial e intelectual que el usuario de este sitio web debe respetar. Queda prohibida la reproducci\u00f3n, salvo para uso privado, la comunicaci\u00f3n o distribuci\u00f3n de los materiales incluidos en este sitio web sin autorizaci\u00f3n expresa de DIBOSCH  S.L.U.<\/p>\n\n\n\n<p><strong>Responsabilidad en los enlaces:<\/strong><\/p>\n\n\n\n<p>DIBOSCH S.L.U incluye en su sitio web una serie de enlaces a p\u00e1ginas de sus clientes y proveedores, \u00fanicamente con la intenci\u00f3n de hacer publicidad de los trabajos efectuados por encargo de \u00e9stos. DIBOSCH S.L.U no se hace responsable de las informaciones comerciales contenidas en estos sitios o de cualquiera de los servicios o pr\u00e1cticas que se vinculen o relacionen con las p\u00e1ginas web enlazadas.<\/p>\n\n\n\n<p><strong>Protecci\u00f3n de datos:<\/strong><\/p>\n\n\n\n<p>De conformidad con lo dispuesto en la Ley Org\u00e1nica 15\/1999, de 13 de diciembre, de Protecci\u00f3n de Datos de Car\u00e1cter Personal (LOPD), le informamos que sus datos personales son incorporados en ficheros titularidad de DIBOSCH S.L.U con el fin de poder atender adecuadamente sus peticiones de informaci\u00f3n y elaborar los presupuestos que puedan solicitarnos. Para ejercitar los derechos de acceso, rectificaci\u00f3n, cancelaci\u00f3n y oposici\u00f3n que contempla la Ley puede dirigirse mediante carta a Ctra. De Riudellots a Cass\u00e0 s\/n Pol. Ind. Gerona 17457 Riudellots de la Selva (Girona), Ref. Protecci\u00f3n de datos.<\/p>\n\n\n\n<p><\/p>\n","protected":false},"excerpt":{"rendered":"<p>Legal El dominio: http:\/\/www.dibosch.com es propiedad de la empresa DIBOSCH S.L.U. con el NIF Registro Mercantil de . El domicilio de la empresa es Ctra. De Riudellots a Cass\u00e0 s\/n Pol. Ind. Gerona 17457 Riudellots de la Selva (Girona). Tambi\u00e9n puede ponerse en contacto con nosotros en el T. 972 47 70 52 o en [&hellip;]<\/p>\n","protected":false},"author":1,"featured_media":0,"parent":0,"menu_order":0,"comment_status":"closed","ping_status":"closed","template":"","meta":{"footnotes":""},"class_list":["post-16252","page","type-page","status-publish","hentry"],"_links":{"self":[{"href":"https:\/\/dibosch.com\/es\/wp-json\/wp\/v2\/pages\/16252","targetHints":{"allow":["GET"]}}],"collection":[{"href":"https:\/\/dibosch.com\/es\/wp-json\/wp\/v2\/pages"}],"about":[{"href":"https:\/\/dibosch.com\/es\/wp-json\/wp\/v2\/types\/page"}],"author":[{"embeddable":true,"href":"https:\/\/dibosch.com\/es\/wp-json\/wp\/v2\/users\/1"}],"replies":[{"embeddable":true,"href":"https:\/\/dibosch.com\/es\/wp-json\/wp\/v2\/comments?post=16252"}],"version-history":[{"count":1,"href":"https:\/\/dibosch.com\/es\/wp-json\/wp\/v2\/pages\/16252\/revisions"}],"predecessor-version":[{"id":35489,"href":"https:\/\/dibosch.com\/es\/wp-json\/wp\/v2\/pages\/16252\/revisions\/35489"}],"wp:attachment":[{"href":"https:\/\/dibosch.com\/es\/wp-json\/wp\/v2\/media?parent=16252"}],"curies":[{"name":"wp","href":"https:\/\/api.w.org\/{rel}","templated":true}]}}