{"id":11541,"date":"2022-12-07T10:57:05","date_gmt":"2022-12-07T10:57:05","guid":{"rendered":"https:\/\/www.dibosch.com\/producto\/m-aspirador-mtl301dry-kit40\/"},"modified":"2024-03-26T16:04:07","modified_gmt":"2024-03-26T16:04:07","slug":"m-aspirador-mtl301dry-kit40","status":"publish","type":"product","link":"https:\/\/dibosch.com\/es\/producto\/m-aspirador-mtl301dry-kit40\/","title":{"rendered":"ASPIRADOR MTL301DRY KIT40 &#8211; DELFIN"},"content":{"rendered":"<p>El aspirador 301 DUSTOP est\u00e1 equipado con un potente motor Lamb-Ametek monof\u00e1sico y una estructura de acero muy s\u00f3lida (tambi\u00e9n disponible en acero inoxidable). Dentro de la c\u00e1mara de filtraci\u00f3n de acero existe un cartucho de filtro c\u00f3nico de gran superficie con alta eficiencia de filtraci\u00f3n (1 micra, clase M). El nuevo sistema de limpieza semiautom\u00e1tico del filtro Dustop permite al operador limpiar el filtro sin esfuerzo simplemente levantando la aleta de la c\u00e1mara varias veces.<br \/>\nEsta simple operaci\u00f3n permite mantener siempre la m\u00e1xima capacidad de filtrado y el mejor rendimiento de la aspiradora.<\/p>\n<p>Gracias a esta estructura modular, el aspirador tambi\u00e9n puede estar equipado con un saco de alta eficiencia de filtraci\u00f3n, un filtro de clase H (HEPA) absoluto o una variedad de filtros especiales, dise\u00f1ados espec\u00edficamente para aplicaciones especiales.<\/p>\n<p>&nbsp;<\/p>\n<p><strong>*Precio base sujeto a disponibilidad (Sin IVA) Consultar complementos incluidos.<\/strong><\/p>\n","protected":false},"excerpt":{"rendered":"<p>Tensi\u00f3n: 220V | Puede: 1,15 kW|Superficie filtrado 2.000 cm\u00b2 | Depresi\u00f3n 2900 mmH?O | Caudal: 175 m?\/h |Capacidad 12 l | pulso | accesorios excluidos<\/p>\n","protected":false},"featured_media":24674,"comment_status":"closed","ping_status":"closed","template":"","meta":[],"product_brand":[],"product_cat":[1323,578,577],"product_tag":[],"marcas":[915],"certificats":[],"caracteristiques":[],"tipus-productes":[],"zona-aplicacio":[949],"tipus-maquinaria":[],"class_list":{"0":"post-11541","1":"product","2":"type-product","3":"status-publish","4":"has-post-thumbnail","6":"product_cat-aspiradores-herramientas","7":"product_cat-aspiradores-industriales","8":"product_cat-maquinas","9":"marcas-delfin-es","10":"zona-aplicacio-zona-produccion-y-talleres","12":"first","13":"instock","14":"purchasable","15":"product-type-simple"},"_links":{"self":[{"href":"https:\/\/dibosch.com\/es\/wp-json\/wp\/v2\/product\/11541","targetHints":{"allow":["GET"]}}],"collection":[{"href":"https:\/\/dibosch.com\/es\/wp-json\/wp\/v2\/product"}],"about":[{"href":"https:\/\/dibosch.com\/es\/wp-json\/wp\/v2\/types\/product"}],"replies":[{"embeddable":true,"href":"https:\/\/dibosch.com\/es\/wp-json\/wp\/v2\/comments?post=11541"}],"wp:featuredmedia":[{"embeddable":true,"href":"https:\/\/dibosch.com\/es\/wp-json\/wp\/v2\/media\/24674"}],"wp:attachment":[{"href":"https:\/\/dibosch.com\/es\/wp-json\/wp\/v2\/media?parent=11541"}],"wp:term":[{"taxonomy":"product_brand","embeddable":true,"href":"https:\/\/dibosch.com\/es\/wp-json\/wp\/v2\/product_brand?post=11541"},{"taxonomy":"product_cat","embeddable":true,"href":"https:\/\/dibosch.com\/es\/wp-json\/wp\/v2\/product_cat?post=11541"},{"taxonomy":"product_tag","embeddable":true,"href":"https:\/\/dibosch.com\/es\/wp-json\/wp\/v2\/product_tag?post=11541"},{"taxonomy":"marcas","embeddable":true,"href":"https:\/\/dibosch.com\/es\/wp-json\/wp\/v2\/marcas?post=11541"},{"taxonomy":"certificats","embeddable":true,"href":"https:\/\/dibosch.com\/es\/wp-json\/wp\/v2\/certificats?post=11541"},{"taxonomy":"caracteristiques","embeddable":true,"href":"https:\/\/dibosch.com\/es\/wp-json\/wp\/v2\/caracteristiques?post=11541"},{"taxonomy":"tipus-productes","embeddable":true,"href":"https:\/\/dibosch.com\/es\/wp-json\/wp\/v2\/tipus-productes?post=11541"},{"taxonomy":"zona-aplicacio","embeddable":true,"href":"https:\/\/dibosch.com\/es\/wp-json\/wp\/v2\/zona-aplicacio?post=11541"},{"taxonomy":"tipus-maquinaria","embeddable":true,"href":"https:\/\/dibosch.com\/es\/wp-json\/wp\/v2\/tipus-maquinaria?post=11541"}],"curies":[{"name":"wp","href":"https:\/\/api.w.org\/{rel}","templated":true}]}}