{"id":11550,"date":"2022-12-07T10:55:26","date_gmt":"2022-12-07T10:55:26","guid":{"rendered":"https:\/\/www.dibosch.com\/producto\/m-aspirador-mtl352bl-kw11-230v-x-z22\/"},"modified":"2024-03-26T16:04:08","modified_gmt":"2024-03-26T16:04:08","slug":"m-aspirador-mtl352bl-kw11-230v-x-z22","status":"publish","type":"product","link":"https:\/\/dibosch.com\/es\/producto\/m-aspirador-mtl352bl-kw11-230v-x-z22\/","title":{"rendered":"M- ASPIRADOR MTL352BL KW1,1 230V X Z22"},"content":{"rendered":"<p>Certificaci\u00f3n 2GD para un uso totalmente seguro en las zonas Atex 1, 2, 21, 22.<br \/>\nLos filtros antiest\u00e1ticos, la construcci\u00f3n completa en acero inoxidable AISI304 y la toma de tierra completa lo convierten en el aspirador industrial de aire comprimido ideal para todo tipo de aplicaciones en zonas peligrosas.<br \/>\nImpulsado por una potente unidad Venturi de 7 boquillas con una relaci\u00f3n excepcional entre el consumo de aire y el rendimiento.<\/p>\n","protected":false},"excerpt":{"rendered":"<p>Certificaci\u00f3n 2GD para un uso totalmente seguro en las zonas Atex 1, 2, 21, 22. Los filtros antiest\u00e1ticos, la construcci\u00f3n completa en acero inoxidable AISI304 y la toma de tierra completa lo convierten en el aspirador industrial de aire comprimido ideal para todo tipo de aplicaciones en zonas peligrosas. Impulsado por una potente unidad Venturi [&hellip;]<\/p>\n","protected":false},"featured_media":24677,"comment_status":"closed","ping_status":"closed","template":"","meta":[],"product_brand":[],"product_cat":[578,577],"product_tag":[],"marcas":[],"certificats":[],"caracteristiques":[],"tipus-productes":[],"zona-aplicacio":[],"tipus-maquinaria":[],"class_list":{"0":"post-11550","1":"product","2":"type-product","3":"status-publish","4":"has-post-thumbnail","6":"product_cat-aspiradores-industriales","7":"product_cat-maquinas","9":"first","10":"instock","11":"product-type-simple"},"_links":{"self":[{"href":"https:\/\/dibosch.com\/es\/wp-json\/wp\/v2\/product\/11550","targetHints":{"allow":["GET"]}}],"collection":[{"href":"https:\/\/dibosch.com\/es\/wp-json\/wp\/v2\/product"}],"about":[{"href":"https:\/\/dibosch.com\/es\/wp-json\/wp\/v2\/types\/product"}],"replies":[{"embeddable":true,"href":"https:\/\/dibosch.com\/es\/wp-json\/wp\/v2\/comments?post=11550"}],"wp:featuredmedia":[{"embeddable":true,"href":"https:\/\/dibosch.com\/es\/wp-json\/wp\/v2\/media\/24677"}],"wp:attachment":[{"href":"https:\/\/dibosch.com\/es\/wp-json\/wp\/v2\/media?parent=11550"}],"wp:term":[{"taxonomy":"product_brand","embeddable":true,"href":"https:\/\/dibosch.com\/es\/wp-json\/wp\/v2\/product_brand?post=11550"},{"taxonomy":"product_cat","embeddable":true,"href":"https:\/\/dibosch.com\/es\/wp-json\/wp\/v2\/product_cat?post=11550"},{"taxonomy":"product_tag","embeddable":true,"href":"https:\/\/dibosch.com\/es\/wp-json\/wp\/v2\/product_tag?post=11550"},{"taxonomy":"marcas","embeddable":true,"href":"https:\/\/dibosch.com\/es\/wp-json\/wp\/v2\/marcas?post=11550"},{"taxonomy":"certificats","embeddable":true,"href":"https:\/\/dibosch.com\/es\/wp-json\/wp\/v2\/certificats?post=11550"},{"taxonomy":"caracteristiques","embeddable":true,"href":"https:\/\/dibosch.com\/es\/wp-json\/wp\/v2\/caracteristiques?post=11550"},{"taxonomy":"tipus-productes","embeddable":true,"href":"https:\/\/dibosch.com\/es\/wp-json\/wp\/v2\/tipus-productes?post=11550"},{"taxonomy":"zona-aplicacio","embeddable":true,"href":"https:\/\/dibosch.com\/es\/wp-json\/wp\/v2\/zona-aplicacio?post=11550"},{"taxonomy":"tipus-maquinaria","embeddable":true,"href":"https:\/\/dibosch.com\/es\/wp-json\/wp\/v2\/tipus-maquinaria?post=11550"}],"curies":[{"name":"wp","href":"https:\/\/api.w.org\/{rel}","templated":true}]}}