{"id":11553,"date":"2022-12-07T11:10:50","date_gmt":"2022-12-07T11:10:50","guid":{"rendered":"https:\/\/www.dibosch.com\/producto\/m-aspirador-mtl202bllp\/"},"modified":"2024-03-26T16:04:08","modified_gmt":"2024-03-26T16:04:08","slug":"m-aspirador-mtl202bllp","status":"publish","type":"product","link":"https:\/\/dibosch.com\/es\/producto\/m-aspirador-mtl202bllp\/","title":{"rendered":"M- ASPIRADOR MTL202BLLP"},"content":{"rendered":"<p>El 202 BL 1\/3D es el aspirador Delfin para la aspiraci\u00f3n de pulso explosiva no conductora, certificado zona 20 interna y zona 22 externa.<\/p>\n<p>El potente motor Brushless no requiere mantenimiento alguno y tiene una duraci\u00f3n de 20.000 horas, una longevidad garantizada tambi\u00e9n por la v\u00e1lvula de descarga de presi\u00f3n suministrada de serie.<\/p>\n<p>Los polvos aspirados est\u00e1n contenidos en un contenedor de acero inoxidable AISI304 y se pueden vaciar f\u00e1cilmente gracias al c\u00f3modo sistema de desbloqueo ya las ruedas que facilitan su manipulaci\u00f3n.<\/p>\n<p>La 202 BL 1\/3D est\u00e1 equipada con dos filtros: un filtro primario antiest\u00e1tico de clase M y un filtro absoluto HEPA que, con el pr\u00e1ctico sistema de limpieza DUSTOP, permanecen constantemente limpios manteniendo una elevada eficacia de filtraci\u00f3n<\/p>\n","protected":false},"excerpt":{"rendered":"<p>El 202 BL 1\/3D es el aspirador Delfin para la aspiraci\u00f3n de pulso explosiva no conductora, certificado zona 20 interna y zona 22 externa. El potente motor Brushless no requiere mantenimiento alguno y tiene una duraci\u00f3n de 20.000 horas, una longevidad garantizada tambi\u00e9n por la v\u00e1lvula de descarga de presi\u00f3n suministrada de serie. Los polvos [&hellip;]<\/p>\n","protected":false},"featured_media":16826,"comment_status":"closed","ping_status":"closed","template":"","meta":[],"product_brand":[],"product_cat":[1188,578,577],"product_tag":[],"marcas":[],"certificats":[],"caracteristiques":[],"tipus-productes":[],"zona-aplicacio":[],"tipus-maquinaria":[],"class_list":{"0":"post-11553","1":"product","2":"type-product","3":"status-publish","4":"has-post-thumbnail","6":"product_cat-aspiradores-delfin","7":"product_cat-aspiradores-industriales","8":"product_cat-maquinas","10":"first","11":"instock","12":"product-type-simple"},"_links":{"self":[{"href":"https:\/\/dibosch.com\/es\/wp-json\/wp\/v2\/product\/11553","targetHints":{"allow":["GET"]}}],"collection":[{"href":"https:\/\/dibosch.com\/es\/wp-json\/wp\/v2\/product"}],"about":[{"href":"https:\/\/dibosch.com\/es\/wp-json\/wp\/v2\/types\/product"}],"replies":[{"embeddable":true,"href":"https:\/\/dibosch.com\/es\/wp-json\/wp\/v2\/comments?post=11553"}],"wp:featuredmedia":[{"embeddable":true,"href":"https:\/\/dibosch.com\/es\/wp-json\/wp\/v2\/media\/16826"}],"wp:attachment":[{"href":"https:\/\/dibosch.com\/es\/wp-json\/wp\/v2\/media?parent=11553"}],"wp:term":[{"taxonomy":"product_brand","embeddable":true,"href":"https:\/\/dibosch.com\/es\/wp-json\/wp\/v2\/product_brand?post=11553"},{"taxonomy":"product_cat","embeddable":true,"href":"https:\/\/dibosch.com\/es\/wp-json\/wp\/v2\/product_cat?post=11553"},{"taxonomy":"product_tag","embeddable":true,"href":"https:\/\/dibosch.com\/es\/wp-json\/wp\/v2\/product_tag?post=11553"},{"taxonomy":"marcas","embeddable":true,"href":"https:\/\/dibosch.com\/es\/wp-json\/wp\/v2\/marcas?post=11553"},{"taxonomy":"certificats","embeddable":true,"href":"https:\/\/dibosch.com\/es\/wp-json\/wp\/v2\/certificats?post=11553"},{"taxonomy":"caracteristiques","embeddable":true,"href":"https:\/\/dibosch.com\/es\/wp-json\/wp\/v2\/caracteristiques?post=11553"},{"taxonomy":"tipus-productes","embeddable":true,"href":"https:\/\/dibosch.com\/es\/wp-json\/wp\/v2\/tipus-productes?post=11553"},{"taxonomy":"zona-aplicacio","embeddable":true,"href":"https:\/\/dibosch.com\/es\/wp-json\/wp\/v2\/zona-aplicacio?post=11553"},{"taxonomy":"tipus-maquinaria","embeddable":true,"href":"https:\/\/dibosch.com\/es\/wp-json\/wp\/v2\/tipus-maquinaria?post=11553"}],"curies":[{"name":"wp","href":"https:\/\/api.w.org\/{rel}","templated":true}]}}