{"id":11560,"date":"2022-12-07T11:20:19","date_gmt":"2022-12-07T11:20:19","guid":{"rendered":"https:\/\/www.dibosch.com\/producto\/m-aspirador-dg75-001-sistema-pn\/"},"modified":"2024-03-26T16:04:09","modified_gmt":"2024-03-26T16:04:09","slug":"m-aspirador-dg75-001-sistema-pn","status":"publish","type":"product","link":"https:\/\/dibosch.com\/es\/producto\/m-aspirador-dg75-001-sistema-pn\/","title":{"rendered":"M- ASPIRADOR DG75-001 SISTEMA PN"},"content":{"rendered":"<p>El aspirador DG75 combina el alto rendimiento de aspiraci\u00f3n de los modelos de l\u00ednea pesada con la complacidad de la serie intermedia trif\u00e1sica.<br \/>\nEl mayor rendimiento de la turbina de canal lateral, el aumento de la superficie del filtro de poli\u00e9ster y la excelente capacidad para la recolecci\u00f3n de s\u00f3lidos y l\u00edquidos son las caracter\u00edsticas que distinguen al DG75.<br \/>\nEl pr\u00e1ctico sacudidor manual de filtros ayuda a mantener siempre el m\u00e1ximo rendimiento de aspiraci\u00f3n incluso en servicio continuo o en uso en sistemas centralizados.<\/p>\n","protected":false},"excerpt":{"rendered":"<p>Tensi\u00f3n: 380V | Puede: 7,5 kW|Superficie filtrante 80.Capacidad 100 l | pulso | accesorios excluidos<\/p>\n","protected":false},"featured_media":24658,"comment_status":"closed","ping_status":"closed","template":"","meta":[],"product_brand":[],"product_cat":[1355,1190,578,577],"product_tag":[],"marcas":[],"certificats":[],"caracteristiques":[],"tipus-productes":[],"zona-aplicacio":[],"tipus-maquinaria":[],"class_list":{"0":"post-11560","1":"product","2":"type-product","3":"status-publish","4":"has-post-thumbnail","6":"product_cat-aspirador-industrial-neumatico","7":"product_cat-aspiradores-arena","8":"product_cat-aspiradores-industriales","9":"product_cat-maquinas","11":"first","12":"instock","13":"product-type-simple"},"_links":{"self":[{"href":"https:\/\/dibosch.com\/es\/wp-json\/wp\/v2\/product\/11560","targetHints":{"allow":["GET"]}}],"collection":[{"href":"https:\/\/dibosch.com\/es\/wp-json\/wp\/v2\/product"}],"about":[{"href":"https:\/\/dibosch.com\/es\/wp-json\/wp\/v2\/types\/product"}],"replies":[{"embeddable":true,"href":"https:\/\/dibosch.com\/es\/wp-json\/wp\/v2\/comments?post=11560"}],"wp:featuredmedia":[{"embeddable":true,"href":"https:\/\/dibosch.com\/es\/wp-json\/wp\/v2\/media\/24658"}],"wp:attachment":[{"href":"https:\/\/dibosch.com\/es\/wp-json\/wp\/v2\/media?parent=11560"}],"wp:term":[{"taxonomy":"product_brand","embeddable":true,"href":"https:\/\/dibosch.com\/es\/wp-json\/wp\/v2\/product_brand?post=11560"},{"taxonomy":"product_cat","embeddable":true,"href":"https:\/\/dibosch.com\/es\/wp-json\/wp\/v2\/product_cat?post=11560"},{"taxonomy":"product_tag","embeddable":true,"href":"https:\/\/dibosch.com\/es\/wp-json\/wp\/v2\/product_tag?post=11560"},{"taxonomy":"marcas","embeddable":true,"href":"https:\/\/dibosch.com\/es\/wp-json\/wp\/v2\/marcas?post=11560"},{"taxonomy":"certificats","embeddable":true,"href":"https:\/\/dibosch.com\/es\/wp-json\/wp\/v2\/certificats?post=11560"},{"taxonomy":"caracteristiques","embeddable":true,"href":"https:\/\/dibosch.com\/es\/wp-json\/wp\/v2\/caracteristiques?post=11560"},{"taxonomy":"tipus-productes","embeddable":true,"href":"https:\/\/dibosch.com\/es\/wp-json\/wp\/v2\/tipus-productes?post=11560"},{"taxonomy":"zona-aplicacio","embeddable":true,"href":"https:\/\/dibosch.com\/es\/wp-json\/wp\/v2\/zona-aplicacio?post=11560"},{"taxonomy":"tipus-maquinaria","embeddable":true,"href":"https:\/\/dibosch.com\/es\/wp-json\/wp\/v2\/tipus-maquinaria?post=11560"}],"curies":[{"name":"wp","href":"https:\/\/api.w.org\/{rel}","templated":true}]}}