{"id":11563,"date":"2022-12-07T10:56:16","date_gmt":"2022-12-07T10:56:16","guid":{"rendered":"https:\/\/www.dibosch.com\/producto\/m-aspirador-kit-diam-40-mtl202ds\/"},"modified":"2024-03-26T16:04:09","modified_gmt":"2024-03-26T16:04:09","slug":"m-aspirador-kit-diam-40-mtl202ds","status":"publish","type":"product","link":"https:\/\/dibosch.com\/es\/producto\/m-aspirador-kit-diam-40-mtl202ds\/","title":{"rendered":"M- ASPIRADOR KIT Diam. 40 MTL202DS"},"content":{"rendered":"<p>El aspirador industrial 202 DS ATEX se distingue por su estabilidad, filtraci\u00f3n excepcional gracias al filtro de poli\u00e9ster antiest\u00e1tico de clase M de amplia superficie y por su extrema maniobrabilidad.<br \/>\nEl aspirador con certificado ATEX m\u00e1s seguro y compacto para el polvo, gracias al sistema DUSTOP para la limpieza del filtro por presi\u00f3n diferencial, que siempre garantiza el m\u00e1ximo rendimiento y seguridad incluso cuando se trabaja en atm\u00f3sferas explosivas.<br \/>\nTambi\u00e9n disponible en una versi\u00f3n el\u00e9ctrica que no est\u00e1 certificada o alimentada por aire comprimido.<\/p>\n","protected":false},"excerpt":{"rendered":"<p>El aspirador industrial 202 DS ATEX se distingue por su estabilidad, filtraci\u00f3n excepcional gracias al filtro de poli\u00e9ster antiest\u00e1tico de clase M de amplia superficie y por su extrema maniobrabilidad. El aspirador con certificado ATEX m\u00e1s seguro y compacto para el polvo, gracias al sistema DUSTOP para la limpieza del filtro por presi\u00f3n diferencial, que [&hellip;]<\/p>\n","protected":false},"featured_media":24664,"comment_status":"closed","ping_status":"closed","template":"","meta":[],"product_brand":[],"product_cat":[1192,1165,578,577],"product_tag":[],"marcas":[],"certificats":[],"caracteristiques":[],"tipus-productes":[],"zona-aplicacio":[],"tipus-maquinaria":[],"class_list":{"0":"post-11563","1":"product","2":"type-product","3":"status-publish","4":"has-post-thumbnail","6":"product_cat-aspirador-industrial-obras","7":"product_cat-aspirador-de-polvo-liquido-industrial","8":"product_cat-aspiradores-industriales","9":"product_cat-maquinas","11":"first","12":"instock","13":"product-type-simple"},"_links":{"self":[{"href":"https:\/\/dibosch.com\/es\/wp-json\/wp\/v2\/product\/11563","targetHints":{"allow":["GET"]}}],"collection":[{"href":"https:\/\/dibosch.com\/es\/wp-json\/wp\/v2\/product"}],"about":[{"href":"https:\/\/dibosch.com\/es\/wp-json\/wp\/v2\/types\/product"}],"replies":[{"embeddable":true,"href":"https:\/\/dibosch.com\/es\/wp-json\/wp\/v2\/comments?post=11563"}],"wp:featuredmedia":[{"embeddable":true,"href":"https:\/\/dibosch.com\/es\/wp-json\/wp\/v2\/media\/24664"}],"wp:attachment":[{"href":"https:\/\/dibosch.com\/es\/wp-json\/wp\/v2\/media?parent=11563"}],"wp:term":[{"taxonomy":"product_brand","embeddable":true,"href":"https:\/\/dibosch.com\/es\/wp-json\/wp\/v2\/product_brand?post=11563"},{"taxonomy":"product_cat","embeddable":true,"href":"https:\/\/dibosch.com\/es\/wp-json\/wp\/v2\/product_cat?post=11563"},{"taxonomy":"product_tag","embeddable":true,"href":"https:\/\/dibosch.com\/es\/wp-json\/wp\/v2\/product_tag?post=11563"},{"taxonomy":"marcas","embeddable":true,"href":"https:\/\/dibosch.com\/es\/wp-json\/wp\/v2\/marcas?post=11563"},{"taxonomy":"certificats","embeddable":true,"href":"https:\/\/dibosch.com\/es\/wp-json\/wp\/v2\/certificats?post=11563"},{"taxonomy":"caracteristiques","embeddable":true,"href":"https:\/\/dibosch.com\/es\/wp-json\/wp\/v2\/caracteristiques?post=11563"},{"taxonomy":"tipus-productes","embeddable":true,"href":"https:\/\/dibosch.com\/es\/wp-json\/wp\/v2\/tipus-productes?post=11563"},{"taxonomy":"zona-aplicacio","embeddable":true,"href":"https:\/\/dibosch.com\/es\/wp-json\/wp\/v2\/zona-aplicacio?post=11563"},{"taxonomy":"tipus-maquinaria","embeddable":true,"href":"https:\/\/dibosch.com\/es\/wp-json\/wp\/v2\/tipus-maquinaria?post=11563"}],"curies":[{"name":"wp","href":"https:\/\/api.w.org\/{rel}","templated":true}]}}