{"id":11571,"date":"2022-12-07T10:43:28","date_gmt":"2022-12-07T10:43:28","guid":{"rendered":"https:\/\/www.dibosch.com\/producto\/m-aspirador-dg-vl-75-ex1-3d\/"},"modified":"2024-03-26T16:04:10","modified_gmt":"2024-03-26T16:04:10","slug":"m-aspirador-dg-vl-75-ex1-3d","status":"publish","type":"product","link":"https:\/\/dibosch.com\/es\/producto\/m-aspirador-dg-vl-75-ex1-3d\/","title":{"rendered":"M- ASPIRADOR DG VL 75 EX1\/3D"},"content":{"rendered":"<p>Los aspiradores industriales de la serie DG VL son resistentes y potentes, ideales para la aspiraci\u00f3n de grandes cantidades de material l\u00edquido s\u00f3lido y mixto en continuas aplicaciones o instalados en sistemas de aspiraci\u00f3n centralizados.<br \/>\nEl potente ventilador de canal lateral genera altos niveles de vac\u00edo, lo que le hace adecuado para aspirar cualquier material.<br \/>\nEl filtro de poli\u00e9ster de gran superficie y el c\u00f3modo sistema de limpieza integrado Selfclean garantizan una larga autonom\u00eda de trabajo.<\/p>\n","protected":false},"excerpt":{"rendered":"<p>Los aspiradores industriales de la serie DG VL son resistentes y potentes, ideales para la aspiraci\u00f3n de grandes cantidades de material l\u00edquido s\u00f3lido y mixto en continuas aplicaciones o instalados en sistemas de aspiraci\u00f3n centralizados. El potente ventilador de canal lateral genera altos niveles de vac\u00edo, lo que le hace adecuado para aspirar cualquier material. [&hellip;]<\/p>\n","protected":false},"featured_media":24652,"comment_status":"closed","ping_status":"closed","template":"","meta":[],"product_brand":[],"product_cat":[1190,578,577],"product_tag":[],"marcas":[],"certificats":[],"caracteristiques":[],"tipus-productes":[],"zona-aplicacio":[],"tipus-maquinaria":[],"class_list":{"0":"post-11571","1":"product","2":"type-product","3":"status-publish","4":"has-post-thumbnail","6":"product_cat-aspiradores-arena","7":"product_cat-aspiradores-industriales","8":"product_cat-maquinas","10":"first","11":"instock","12":"product-type-simple"},"_links":{"self":[{"href":"https:\/\/dibosch.com\/es\/wp-json\/wp\/v2\/product\/11571","targetHints":{"allow":["GET"]}}],"collection":[{"href":"https:\/\/dibosch.com\/es\/wp-json\/wp\/v2\/product"}],"about":[{"href":"https:\/\/dibosch.com\/es\/wp-json\/wp\/v2\/types\/product"}],"replies":[{"embeddable":true,"href":"https:\/\/dibosch.com\/es\/wp-json\/wp\/v2\/comments?post=11571"}],"wp:featuredmedia":[{"embeddable":true,"href":"https:\/\/dibosch.com\/es\/wp-json\/wp\/v2\/media\/24652"}],"wp:attachment":[{"href":"https:\/\/dibosch.com\/es\/wp-json\/wp\/v2\/media?parent=11571"}],"wp:term":[{"taxonomy":"product_brand","embeddable":true,"href":"https:\/\/dibosch.com\/es\/wp-json\/wp\/v2\/product_brand?post=11571"},{"taxonomy":"product_cat","embeddable":true,"href":"https:\/\/dibosch.com\/es\/wp-json\/wp\/v2\/product_cat?post=11571"},{"taxonomy":"product_tag","embeddable":true,"href":"https:\/\/dibosch.com\/es\/wp-json\/wp\/v2\/product_tag?post=11571"},{"taxonomy":"marcas","embeddable":true,"href":"https:\/\/dibosch.com\/es\/wp-json\/wp\/v2\/marcas?post=11571"},{"taxonomy":"certificats","embeddable":true,"href":"https:\/\/dibosch.com\/es\/wp-json\/wp\/v2\/certificats?post=11571"},{"taxonomy":"caracteristiques","embeddable":true,"href":"https:\/\/dibosch.com\/es\/wp-json\/wp\/v2\/caracteristiques?post=11571"},{"taxonomy":"tipus-productes","embeddable":true,"href":"https:\/\/dibosch.com\/es\/wp-json\/wp\/v2\/tipus-productes?post=11571"},{"taxonomy":"zona-aplicacio","embeddable":true,"href":"https:\/\/dibosch.com\/es\/wp-json\/wp\/v2\/zona-aplicacio?post=11571"},{"taxonomy":"tipus-maquinaria","embeddable":true,"href":"https:\/\/dibosch.com\/es\/wp-json\/wp\/v2\/tipus-maquinaria?post=11571"}],"curies":[{"name":"wp","href":"https:\/\/api.w.org\/{rel}","templated":true}]}}