{"id":11580,"date":"2022-12-07T10:50:44","date_gmt":"2022-12-07T10:50:44","guid":{"rendered":"https:\/\/www.dibosch.com\/producto\/m-aspirador-dm32bl-cic\/"},"modified":"2024-03-26T16:04:10","modified_gmt":"2024-03-26T16:04:10","slug":"m-aspirador-dm32bl-cic","status":"publish","type":"product","link":"https:\/\/dibosch.com\/es\/producto\/m-aspirador-dm32bl-cic\/","title":{"rendered":"ASPIRADOR DM32BL + CIC &#8211; DELFIN"},"content":{"rendered":"<p>Aspirador industrial con certificaci\u00f3n IECEx para polvo, s\u00f3lidos y l\u00edquidos. El exclusivo cabezal con 2 motores sin escobillas garantiza un rendimiento excepcional combinado con la m\u00e1xima seguridad de aspiraci\u00f3n, filtro de poli\u00e9ster antiest\u00e1tico con c\u00f3modo agitador de filtro manual, recipiente de acero inoxidable AISI304 y toma de suelo incluida.<\/p>\n<p>Sus caracter\u00edsticas de filtrado y aspiraci\u00f3n lo convierten en el aspirador industrial por excelencia para su uso en entornos en los que se manipulan materiales potencialmente explosivos.<\/p>\n<p>&nbsp;<\/p>\n<p>&nbsp;<\/p>\n<p>&nbsp;<\/p>\n<p><strong>*Precio base sujeto a disponibilidad (Sin IVA) Consultar complementos incluidos.<\/strong><\/p>\n","protected":false},"excerpt":{"rendered":"<p>Aspirador industrial con certificaci\u00f3n IECEx para polvo, s\u00f3lidos y l\u00edquidos. El exclusivo cabezal con 2 motores sin escobillas garantiza un rendimiento excepcional combinado con la m\u00e1xima seguridad de aspiraci\u00f3n, filtro de poli\u00e9ster antiest\u00e1tico con c\u00f3modo agitador de filtro manual, recipiente de acero inoxidable AISI304 y toma de suelo incluida. Sus caracter\u00edsticas de filtrado y aspiraci\u00f3n [&hellip;]<\/p>\n","protected":false},"featured_media":16811,"comment_status":"closed","ping_status":"closed","template":"","meta":[],"product_brand":[],"product_cat":[578,577],"product_tag":[],"marcas":[915],"certificats":[],"caracteristiques":[],"tipus-productes":[],"zona-aplicacio":[],"tipus-maquinaria":[],"class_list":{"0":"post-11580","1":"product","2":"type-product","3":"status-publish","4":"has-post-thumbnail","6":"product_cat-aspiradores-industriales","7":"product_cat-maquinas","8":"marcas-delfin-es","10":"first","11":"instock","12":"purchasable","13":"product-type-simple"},"_links":{"self":[{"href":"https:\/\/dibosch.com\/es\/wp-json\/wp\/v2\/product\/11580","targetHints":{"allow":["GET"]}}],"collection":[{"href":"https:\/\/dibosch.com\/es\/wp-json\/wp\/v2\/product"}],"about":[{"href":"https:\/\/dibosch.com\/es\/wp-json\/wp\/v2\/types\/product"}],"replies":[{"embeddable":true,"href":"https:\/\/dibosch.com\/es\/wp-json\/wp\/v2\/comments?post=11580"}],"wp:featuredmedia":[{"embeddable":true,"href":"https:\/\/dibosch.com\/es\/wp-json\/wp\/v2\/media\/16811"}],"wp:attachment":[{"href":"https:\/\/dibosch.com\/es\/wp-json\/wp\/v2\/media?parent=11580"}],"wp:term":[{"taxonomy":"product_brand","embeddable":true,"href":"https:\/\/dibosch.com\/es\/wp-json\/wp\/v2\/product_brand?post=11580"},{"taxonomy":"product_cat","embeddable":true,"href":"https:\/\/dibosch.com\/es\/wp-json\/wp\/v2\/product_cat?post=11580"},{"taxonomy":"product_tag","embeddable":true,"href":"https:\/\/dibosch.com\/es\/wp-json\/wp\/v2\/product_tag?post=11580"},{"taxonomy":"marcas","embeddable":true,"href":"https:\/\/dibosch.com\/es\/wp-json\/wp\/v2\/marcas?post=11580"},{"taxonomy":"certificats","embeddable":true,"href":"https:\/\/dibosch.com\/es\/wp-json\/wp\/v2\/certificats?post=11580"},{"taxonomy":"caracteristiques","embeddable":true,"href":"https:\/\/dibosch.com\/es\/wp-json\/wp\/v2\/caracteristiques?post=11580"},{"taxonomy":"tipus-productes","embeddable":true,"href":"https:\/\/dibosch.com\/es\/wp-json\/wp\/v2\/tipus-productes?post=11580"},{"taxonomy":"zona-aplicacio","embeddable":true,"href":"https:\/\/dibosch.com\/es\/wp-json\/wp\/v2\/zona-aplicacio?post=11580"},{"taxonomy":"tipus-maquinaria","embeddable":true,"href":"https:\/\/dibosch.com\/es\/wp-json\/wp\/v2\/tipus-maquinaria?post=11580"}],"curies":[{"name":"wp","href":"https:\/\/api.w.org\/{rel}","templated":true}]}}