{"id":11583,"date":"2022-12-07T11:02:35","date_gmt":"2022-12-07T11:02:35","guid":{"rendered":"https:\/\/www.dibosch.com\/producto\/m-aspirador-lc1000d-001\/"},"modified":"2024-03-26T16:04:11","modified_gmt":"2024-03-26T16:04:11","slug":"m-aspirador-lc1000c-001","status":"publish","type":"product","link":"https:\/\/dibosch.com\/es\/producto\/m-aspirador-lc1000c-001\/","title":{"rendered":"M- ASPIRADOR LC1000D-001"},"content":{"rendered":"<p>El aspirador para sala blanca LC1000 D es un aspirador de sala limpia creada por las demandas de las grandes multinacionales farmac\u00e9uticas y de alimentos.<\/p>\n<p>M\u00faltiples niveles de filtraci\u00f3n HEPA garantizan la pureza del aire que sale del aspirador, mientras que las superficies lisas y la construcci\u00f3n de acero inoxidable facilitan la limpieza y mantenimiento.<\/p>\n<p>El aspirador y los accesorios espec\u00edficos (cabezal del motor excluido) pueden esterilizarse en autoclave para una desinfecci\u00f3n completa y segura del aspirador. Adecuado para uso en salas limpias hasta ISO4.<\/p>\n","protected":false},"excerpt":{"rendered":"<p>|Superficie filtrado 6.000 cm\u00b2 | Depresi\u00f3n 2500 mmH?O | Caudal: 180 m?\/h | Capacidad 5 l |polvo | Accesorios excluidos | hacer ASI 316 | Filtros salida ULPA |Autoclavable a 120\u00baC<\/p>\n","protected":false},"featured_media":24666,"comment_status":"closed","ping_status":"closed","template":"","meta":[],"product_brand":[],"product_cat":[578,577],"product_tag":[],"marcas":[],"certificats":[],"caracteristiques":[],"tipus-productes":[],"zona-aplicacio":[],"tipus-maquinaria":[],"class_list":{"0":"post-11583","1":"product","2":"type-product","3":"status-publish","4":"has-post-thumbnail","6":"product_cat-aspiradores-industriales","7":"product_cat-maquinas","9":"first","10":"instock","11":"product-type-simple"},"_links":{"self":[{"href":"https:\/\/dibosch.com\/es\/wp-json\/wp\/v2\/product\/11583","targetHints":{"allow":["GET"]}}],"collection":[{"href":"https:\/\/dibosch.com\/es\/wp-json\/wp\/v2\/product"}],"about":[{"href":"https:\/\/dibosch.com\/es\/wp-json\/wp\/v2\/types\/product"}],"replies":[{"embeddable":true,"href":"https:\/\/dibosch.com\/es\/wp-json\/wp\/v2\/comments?post=11583"}],"wp:featuredmedia":[{"embeddable":true,"href":"https:\/\/dibosch.com\/es\/wp-json\/wp\/v2\/media\/24666"}],"wp:attachment":[{"href":"https:\/\/dibosch.com\/es\/wp-json\/wp\/v2\/media?parent=11583"}],"wp:term":[{"taxonomy":"product_brand","embeddable":true,"href":"https:\/\/dibosch.com\/es\/wp-json\/wp\/v2\/product_brand?post=11583"},{"taxonomy":"product_cat","embeddable":true,"href":"https:\/\/dibosch.com\/es\/wp-json\/wp\/v2\/product_cat?post=11583"},{"taxonomy":"product_tag","embeddable":true,"href":"https:\/\/dibosch.com\/es\/wp-json\/wp\/v2\/product_tag?post=11583"},{"taxonomy":"marcas","embeddable":true,"href":"https:\/\/dibosch.com\/es\/wp-json\/wp\/v2\/marcas?post=11583"},{"taxonomy":"certificats","embeddable":true,"href":"https:\/\/dibosch.com\/es\/wp-json\/wp\/v2\/certificats?post=11583"},{"taxonomy":"caracteristiques","embeddable":true,"href":"https:\/\/dibosch.com\/es\/wp-json\/wp\/v2\/caracteristiques?post=11583"},{"taxonomy":"tipus-productes","embeddable":true,"href":"https:\/\/dibosch.com\/es\/wp-json\/wp\/v2\/tipus-productes?post=11583"},{"taxonomy":"zona-aplicacio","embeddable":true,"href":"https:\/\/dibosch.com\/es\/wp-json\/wp\/v2\/zona-aplicacio?post=11583"},{"taxonomy":"tipus-maquinaria","embeddable":true,"href":"https:\/\/dibosch.com\/es\/wp-json\/wp\/v2\/tipus-maquinaria?post=11583"}],"curies":[{"name":"wp","href":"https:\/\/api.w.org\/{rel}","templated":true}]}}