{"id":12065,"date":"2022-12-07T10:34:08","date_gmt":"2022-12-07T10:34:08","guid":{"rendered":"https:\/\/www.dibosch.com\/producto\/suamax-care-inside-bb10\/"},"modified":"2024-03-26T16:04:17","modified_gmt":"2024-03-26T16:04:17","slug":"suamax-care-inside-bb10","status":"publish","type":"product","link":"https:\/\/dibosch.com\/es\/producto\/suamax-care-inside-bb10\/","title":{"rendered":"SUAMAX CARE INSIDE BB10 &#8211; INDUQUIM"},"content":{"rendered":"<p><strong>Caracter\u00edsticas del producto:<\/strong><\/p>\n<p>Producto dise\u00f1ado para realizar el exclusivo sistema de lavado en su etapa final. El sistema de lavado est\u00e1 especialmente estudiado para eliminar restos org\u00e1nicos en la ropa de<br \/>\nresidencias y centros de la 3\u00ba edad.<\/p>\n<p>Limpia, respeta y cuida los tejidos de la ropa m\u00e1s delicada, ofreciendo una higienizaci\u00f3n y suavidad total a las prendas.<\/p>\n<p>El suavizante est\u00e1 minuciosamente estudiado para lograr una rentabilidad excepcional dentro del sistema de lavado<\/p>\n<p>&nbsp;<\/p>\n<p><strong>Manual de uso:<\/strong><\/p>\n<p>Para un correcto sistema de lavado , se recomienda una dosificaci\u00f3n de 1,5 gr por cada kg de ropa. Para obtener un \u00f3ptimo resultado en el lavado, es necesario tener en cuenta otros factores adem\u00e1s de la dosificaci\u00f3n, la m\u00e1quina utilizada, la temperatura, el tiempo y el agua son elementos fundamentales para que el proceso sea satisfactorio<\/p>\n","protected":false},"excerpt":{"rendered":"<p>Suavizante neutralizante concentrado completo<\/p>\n","protected":false},"featured_media":10469,"comment_status":"closed","ping_status":"closed","template":"","meta":[],"product_brand":[],"product_cat":[690,689,712],"product_tag":[],"marcas":[],"certificats":[],"caracteristiques":[],"tipus-productes":[],"zona-aplicacio":[],"tipus-maquinaria":[],"class_list":{"0":"post-12065","1":"product","2":"type-product","3":"status-publish","4":"has-post-thumbnail","6":"product_cat-especificos-para-lavanderia","7":"product_cat-productos-de-limpieza","8":"product_cat-suavizantes","10":"first","11":"instock","12":"product-type-simple"},"_links":{"self":[{"href":"https:\/\/dibosch.com\/es\/wp-json\/wp\/v2\/product\/12065","targetHints":{"allow":["GET"]}}],"collection":[{"href":"https:\/\/dibosch.com\/es\/wp-json\/wp\/v2\/product"}],"about":[{"href":"https:\/\/dibosch.com\/es\/wp-json\/wp\/v2\/types\/product"}],"replies":[{"embeddable":true,"href":"https:\/\/dibosch.com\/es\/wp-json\/wp\/v2\/comments?post=12065"}],"wp:featuredmedia":[{"embeddable":true,"href":"https:\/\/dibosch.com\/es\/wp-json\/wp\/v2\/media\/10469"}],"wp:attachment":[{"href":"https:\/\/dibosch.com\/es\/wp-json\/wp\/v2\/media?parent=12065"}],"wp:term":[{"taxonomy":"product_brand","embeddable":true,"href":"https:\/\/dibosch.com\/es\/wp-json\/wp\/v2\/product_brand?post=12065"},{"taxonomy":"product_cat","embeddable":true,"href":"https:\/\/dibosch.com\/es\/wp-json\/wp\/v2\/product_cat?post=12065"},{"taxonomy":"product_tag","embeddable":true,"href":"https:\/\/dibosch.com\/es\/wp-json\/wp\/v2\/product_tag?post=12065"},{"taxonomy":"marcas","embeddable":true,"href":"https:\/\/dibosch.com\/es\/wp-json\/wp\/v2\/marcas?post=12065"},{"taxonomy":"certificats","embeddable":true,"href":"https:\/\/dibosch.com\/es\/wp-json\/wp\/v2\/certificats?post=12065"},{"taxonomy":"caracteristiques","embeddable":true,"href":"https:\/\/dibosch.com\/es\/wp-json\/wp\/v2\/caracteristiques?post=12065"},{"taxonomy":"tipus-productes","embeddable":true,"href":"https:\/\/dibosch.com\/es\/wp-json\/wp\/v2\/tipus-productes?post=12065"},{"taxonomy":"zona-aplicacio","embeddable":true,"href":"https:\/\/dibosch.com\/es\/wp-json\/wp\/v2\/zona-aplicacio?post=12065"},{"taxonomy":"tipus-maquinaria","embeddable":true,"href":"https:\/\/dibosch.com\/es\/wp-json\/wp\/v2\/tipus-maquinaria?post=12065"}],"curies":[{"name":"wp","href":"https:\/\/api.w.org\/{rel}","templated":true}]}}