{"id":12066,"date":"2022-12-07T10:33:43","date_gmt":"2022-12-07T10:33:43","guid":{"rendered":"https:\/\/www.dibosch.com\/producto\/fancy-care-bp20\/"},"modified":"2024-03-26T16:04:18","modified_gmt":"2024-03-26T16:04:18","slug":"fancy-care-bp20","status":"publish","type":"product","link":"https:\/\/dibosch.com\/es\/producto\/fancy-care-bp20\/","title":{"rendered":"FANCY CARE BP20 &#8211; INDUQUIM"},"content":{"rendered":"<p><strong>Caracter\u00edsticas del producto:<\/strong><\/p>\n<p>El detergente est\u00e1 minuciosamente estudiado para lograr una rentabilidad excepcional dentro del proceso de lavado. Est\u00e1 compuesto por una gran cantidad secuestrantes, tensoactivos y blanqueantes \u00f3pticos que confieren un tratado \u00f3ptimo al proceso de lavado. Adem\u00e1s, incorpora un principio activo a base de carbonatos para ayudar a los tensoactivos a realizar su funci\u00f3n.<\/p>\n<p>Los dos detergentes empleados para el proceso de lavado son ligeramente alcalinos para conseguir una completa eliminaci\u00f3n de restos org\u00e1nicos tales como sangre, fluidos corporales y excrementos.<\/p>\n<p>&nbsp;<\/p>\n<p><strong>Manual de uso:<\/strong><\/p>\n<p>Para un correcto proceso de lavado , se recomienda una dosificaci\u00f3n de de 5 gr por cada kg de ropa. Para obtener un \u00f3ptimo resultado en el lavado, es necesario tener en cuenta otros factores adem\u00e1s de la dosificaci\u00f3n, la m\u00e1quina utilizada, la temperatura, el tiempo y el agua son elementos fundamentales para que el proceso sea satisfactorio.<\/p>\n<p>&nbsp;<\/p>\n<p><strong>Indicado para:<\/strong><\/p>\n<p>Especialmente estudiado para eliminar restos org\u00e1nicos en la ropa de residencias y centros de la 3\u00ba edad<\/p>\n","protected":false},"excerpt":{"rendered":"<p>Detergente activo de baja alcalinidad.<\/p>\n","protected":false},"featured_media":21144,"comment_status":"closed","ping_status":"closed","template":"","meta":[],"product_brand":[],"product_cat":[711,690,689],"product_tag":[],"marcas":[],"certificats":[],"caracteristiques":[],"tipus-productes":[],"zona-aplicacio":[],"tipus-maquinaria":[],"class_list":{"0":"post-12066","1":"product","2":"type-product","3":"status-publish","4":"has-post-thumbnail","6":"product_cat-aditivos","7":"product_cat-especificos-para-lavanderia","8":"product_cat-productos-de-limpieza","10":"first","11":"instock","12":"product-type-simple"},"_links":{"self":[{"href":"https:\/\/dibosch.com\/es\/wp-json\/wp\/v2\/product\/12066","targetHints":{"allow":["GET"]}}],"collection":[{"href":"https:\/\/dibosch.com\/es\/wp-json\/wp\/v2\/product"}],"about":[{"href":"https:\/\/dibosch.com\/es\/wp-json\/wp\/v2\/types\/product"}],"replies":[{"embeddable":true,"href":"https:\/\/dibosch.com\/es\/wp-json\/wp\/v2\/comments?post=12066"}],"wp:featuredmedia":[{"embeddable":true,"href":"https:\/\/dibosch.com\/es\/wp-json\/wp\/v2\/media\/21144"}],"wp:attachment":[{"href":"https:\/\/dibosch.com\/es\/wp-json\/wp\/v2\/media?parent=12066"}],"wp:term":[{"taxonomy":"product_brand","embeddable":true,"href":"https:\/\/dibosch.com\/es\/wp-json\/wp\/v2\/product_brand?post=12066"},{"taxonomy":"product_cat","embeddable":true,"href":"https:\/\/dibosch.com\/es\/wp-json\/wp\/v2\/product_cat?post=12066"},{"taxonomy":"product_tag","embeddable":true,"href":"https:\/\/dibosch.com\/es\/wp-json\/wp\/v2\/product_tag?post=12066"},{"taxonomy":"marcas","embeddable":true,"href":"https:\/\/dibosch.com\/es\/wp-json\/wp\/v2\/marcas?post=12066"},{"taxonomy":"certificats","embeddable":true,"href":"https:\/\/dibosch.com\/es\/wp-json\/wp\/v2\/certificats?post=12066"},{"taxonomy":"caracteristiques","embeddable":true,"href":"https:\/\/dibosch.com\/es\/wp-json\/wp\/v2\/caracteristiques?post=12066"},{"taxonomy":"tipus-productes","embeddable":true,"href":"https:\/\/dibosch.com\/es\/wp-json\/wp\/v2\/tipus-productes?post=12066"},{"taxonomy":"zona-aplicacio","embeddable":true,"href":"https:\/\/dibosch.com\/es\/wp-json\/wp\/v2\/zona-aplicacio?post=12066"},{"taxonomy":"tipus-maquinaria","embeddable":true,"href":"https:\/\/dibosch.com\/es\/wp-json\/wp\/v2\/tipus-maquinaria?post=12066"}],"curies":[{"name":"wp","href":"https:\/\/api.w.org\/{rel}","templated":true}]}}