{"id":12088,"date":"2022-12-07T10:33:49","date_gmt":"2022-12-07T10:33:49","guid":{"rendered":"https:\/\/www.dibosch.com\/producto\/emulgen-unimatic-bp20\/"},"modified":"2024-03-26T16:04:25","modified_gmt":"2024-03-26T16:04:25","slug":"emulgen-unimatic-bp20","status":"publish","type":"product","link":"https:\/\/dibosch.com\/es\/producto\/emulgen-unimatic-bp20\/","title":{"rendered":"EMULGEN UNIMATIC BP20 &#8211; SUCITESA"},"content":{"rendered":"<p><strong>Caracter\u00edsticas del producto:<\/strong><\/p>\n<p>Elimina la suciedad general. Eficaz a cualquier temperatura y dureza del agua. Agua fr\u00eda-80\u00baC. Nivel suciedad medio\/bajo. Protege el color y la elasticidad de los tejidos. \u00d3ptimos resultados sin da\u00f1ar las prendas.<\/p>\n<p>&nbsp;<\/p>\n<p><strong>Manual de uso:<\/strong><\/p>\n<ul>\n<li>PRELAVADO. Dosificar 5-10 gr de producto por kg de ropa.<\/li>\n<li>LAVADO. Dosificar 8-20 gr de producto por kg de ropa. La dosificaci\u00f3n depende del nivel de suciedad y dureza del agua.<\/li>\n<li>USO AUTOM\u00c1TICO. Sistemas de pre-disoluci\u00f3n. Seguir las instrucciones subministradas con el equipo. Calibrar las bombas dosificadoras seg\u00fan la temperatura ambiente de trabajo.<\/li>\n<\/ul>\n<p>&nbsp;<\/p>\n<p><strong>Indicado para:<\/strong><\/p>\n<p>Lavander\u00edas profesionales. Hoteles. Centros sanitarios. Residencias geri\u00e1tricas. Salones de est\u00e9tica \/ belleza.<\/p>\n","protected":false},"excerpt":{"rendered":"<p>Deteregente l\u00edquido de uso general. Suciedad medio\/bajo<\/p>\n","protected":false},"featured_media":10129,"comment_status":"closed","ping_status":"closed","template":"","meta":[],"product_brand":[],"product_cat":[691,690,689],"product_tag":[],"marcas":[922],"certificats":[],"caracteristiques":[],"tipus-productes":[],"zona-aplicacio":[],"tipus-maquinaria":[],"class_list":{"0":"post-12088","1":"product","2":"type-product","3":"status-publish","4":"has-post-thumbnail","6":"product_cat-detergentes","7":"product_cat-especificos-para-lavanderia","8":"product_cat-productos-de-limpieza","9":"marcas-sucitesa-es","11":"first","12":"instock","13":"product-type-simple"},"_links":{"self":[{"href":"https:\/\/dibosch.com\/es\/wp-json\/wp\/v2\/product\/12088","targetHints":{"allow":["GET"]}}],"collection":[{"href":"https:\/\/dibosch.com\/es\/wp-json\/wp\/v2\/product"}],"about":[{"href":"https:\/\/dibosch.com\/es\/wp-json\/wp\/v2\/types\/product"}],"replies":[{"embeddable":true,"href":"https:\/\/dibosch.com\/es\/wp-json\/wp\/v2\/comments?post=12088"}],"wp:featuredmedia":[{"embeddable":true,"href":"https:\/\/dibosch.com\/es\/wp-json\/wp\/v2\/media\/10129"}],"wp:attachment":[{"href":"https:\/\/dibosch.com\/es\/wp-json\/wp\/v2\/media?parent=12088"}],"wp:term":[{"taxonomy":"product_brand","embeddable":true,"href":"https:\/\/dibosch.com\/es\/wp-json\/wp\/v2\/product_brand?post=12088"},{"taxonomy":"product_cat","embeddable":true,"href":"https:\/\/dibosch.com\/es\/wp-json\/wp\/v2\/product_cat?post=12088"},{"taxonomy":"product_tag","embeddable":true,"href":"https:\/\/dibosch.com\/es\/wp-json\/wp\/v2\/product_tag?post=12088"},{"taxonomy":"marcas","embeddable":true,"href":"https:\/\/dibosch.com\/es\/wp-json\/wp\/v2\/marcas?post=12088"},{"taxonomy":"certificats","embeddable":true,"href":"https:\/\/dibosch.com\/es\/wp-json\/wp\/v2\/certificats?post=12088"},{"taxonomy":"caracteristiques","embeddable":true,"href":"https:\/\/dibosch.com\/es\/wp-json\/wp\/v2\/caracteristiques?post=12088"},{"taxonomy":"tipus-productes","embeddable":true,"href":"https:\/\/dibosch.com\/es\/wp-json\/wp\/v2\/tipus-productes?post=12088"},{"taxonomy":"zona-aplicacio","embeddable":true,"href":"https:\/\/dibosch.com\/es\/wp-json\/wp\/v2\/zona-aplicacio?post=12088"},{"taxonomy":"tipus-maquinaria","embeddable":true,"href":"https:\/\/dibosch.com\/es\/wp-json\/wp\/v2\/tipus-maquinaria?post=12088"}],"curies":[{"name":"wp","href":"https:\/\/api.w.org\/{rel}","templated":true}]}}