{"id":12114,"date":"2022-12-07T10:34:31","date_gmt":"2022-12-07T10:34:31","guid":{"rendered":"https:\/\/www.dibosch.com\/producto\/sanigen-alf-bp20\/"},"modified":"2024-03-26T16:04:32","modified_gmt":"2024-03-26T16:04:32","slug":"sanigeno-alf-bp20","status":"publish","type":"product","link":"https:\/\/dibosch.com\/es\/producto\/sanigeno-alf-bp20\/","title":{"rendered":"SANIGEN ALF BP20 &#8211; SUCITESA"},"content":{"rendered":"<p><strong>Caracter\u00edsticas del producto:<\/strong><\/p>\n<p>M\u00e1xima eficacia contra la grasa y la suciedad de tipo profesional \/ industrial. Gran adherencia y efectividad. Solubiliza y desincrusta restos org\u00e1nicos y minerales. Recupera las superficies expuestas a un ensuciamiento severo. Espuma estable y duradera. M\u00e1xima eficacia sin salpicaduras ni vapores. Evita tener que frotar.<\/p>\n<p>&nbsp;<\/p>\n<p><strong>Manual de uso:<\/strong><\/p>\n<p>SISTEMAS PRESI\u00d3N-ESPUMA:. Dosific\u00e1is 1-5% de producto en agua. Aplic\u00e1is la soluci\u00f3n limpiadora del modo habitual.<\/p>\n<p>Dej\u00e1is actuar la espuma. Evit\u00e1is que el producto se seque sobre la superficie antes de enjuagar. La dosificaci\u00f3n y tiempo de contacto dependen del estado de la superficie.<\/p>\n<p>&nbsp;<\/p>\n<p><strong>Indicado para:<\/strong><\/p>\n<p>Superfic\u00edes resistentes a pH alcalino.<\/p>\n","protected":false},"excerpt":{"rendered":"<p>Detergente desengrasa espumante de alta concentraci\u00f3n.<\/p>\n","protected":false},"featured_media":21304,"comment_status":"closed","ping_status":"closed","template":"","meta":[],"product_brand":[],"product_cat":[716,715,689],"product_tag":[],"marcas":[922],"certificats":[],"caracteristiques":[],"tipus-productes":[],"zona-aplicacio":[],"tipus-maquinaria":[],"class_list":{"0":"post-12114","1":"product","2":"type-product","3":"status-publish","4":"has-post-thumbnail","6":"product_cat-alcalinos-espumante","7":"product_cat-especificos-para-industria-alimentaria","8":"product_cat-productos-de-limpieza","9":"marcas-sucitesa-es","11":"first","12":"instock","13":"product-type-simple"},"_links":{"self":[{"href":"https:\/\/dibosch.com\/es\/wp-json\/wp\/v2\/product\/12114","targetHints":{"allow":["GET"]}}],"collection":[{"href":"https:\/\/dibosch.com\/es\/wp-json\/wp\/v2\/product"}],"about":[{"href":"https:\/\/dibosch.com\/es\/wp-json\/wp\/v2\/types\/product"}],"replies":[{"embeddable":true,"href":"https:\/\/dibosch.com\/es\/wp-json\/wp\/v2\/comments?post=12114"}],"wp:featuredmedia":[{"embeddable":true,"href":"https:\/\/dibosch.com\/es\/wp-json\/wp\/v2\/media\/21304"}],"wp:attachment":[{"href":"https:\/\/dibosch.com\/es\/wp-json\/wp\/v2\/media?parent=12114"}],"wp:term":[{"taxonomy":"product_brand","embeddable":true,"href":"https:\/\/dibosch.com\/es\/wp-json\/wp\/v2\/product_brand?post=12114"},{"taxonomy":"product_cat","embeddable":true,"href":"https:\/\/dibosch.com\/es\/wp-json\/wp\/v2\/product_cat?post=12114"},{"taxonomy":"product_tag","embeddable":true,"href":"https:\/\/dibosch.com\/es\/wp-json\/wp\/v2\/product_tag?post=12114"},{"taxonomy":"marcas","embeddable":true,"href":"https:\/\/dibosch.com\/es\/wp-json\/wp\/v2\/marcas?post=12114"},{"taxonomy":"certificats","embeddable":true,"href":"https:\/\/dibosch.com\/es\/wp-json\/wp\/v2\/certificats?post=12114"},{"taxonomy":"caracteristiques","embeddable":true,"href":"https:\/\/dibosch.com\/es\/wp-json\/wp\/v2\/caracteristiques?post=12114"},{"taxonomy":"tipus-productes","embeddable":true,"href":"https:\/\/dibosch.com\/es\/wp-json\/wp\/v2\/tipus-productes?post=12114"},{"taxonomy":"zona-aplicacio","embeddable":true,"href":"https:\/\/dibosch.com\/es\/wp-json\/wp\/v2\/zona-aplicacio?post=12114"},{"taxonomy":"tipus-maquinaria","embeddable":true,"href":"https:\/\/dibosch.com\/es\/wp-json\/wp\/v2\/tipus-maquinaria?post=12114"}],"curies":[{"name":"wp","href":"https:\/\/api.w.org\/{rel}","templated":true}]}}