{"id":12120,"date":"2022-12-07T10:34:47","date_gmt":"2022-12-07T10:34:47","guid":{"rendered":"https:\/\/www.dibosch.com\/producto\/natursafe-xtra-degreaser-bp5\/"},"modified":"2024-03-26T16:04:33","modified_gmt":"2024-03-26T16:04:33","slug":"natursafe-xtra-degreaser-bp5","status":"publish","type":"product","link":"https:\/\/dibosch.com\/es\/producto\/natursafe-xtra-degreaser-bp5\/","title":{"rendered":"NATURSAFE XTRA DEGREASER BP5 &#8211; SUCITESA"},"content":{"rendered":"<p><strong>Caracter\u00edsticas del producto:<\/strong><\/p>\n<p>Desengrasante. Especial cocinas. Elimina grasa y suciedad persistente. Espuma consistente, que prolonga la acci\u00f3n. M\u00e1xima eficacia limpiadora sin salpicaduras ni vapores. Solubiliza y desincrusta restos org\u00e1nicos y minerales. Producto sostenible desarrollado bajo estrictos criterios medioambientales y de seguridad, con la garant\u00eda LIFE CARE. Producto VEGANO. F\u00f3rmula que no contiene ning\u00fan ingrediente de origen animal.<\/p>\n<p>&nbsp;<\/p>\n<p><strong>Modo de empleo:<\/strong><\/p>\n<p>Pulverizar el producto sobre la superficie. Frotar con un estropajo o pa\u00f1o h\u00famedo. Dejar actuar y aclarar con agua. Repetir la operaci\u00f3n, en caso necesario<\/p>\n<p>&nbsp;<\/p>\n<p><strong>Indicado para:<\/strong><\/p>\n<p>Superfices resistentes a pH alcalino. Suelos. Paredes. Mesas de trabajo. Utensilios y equipos.<\/p>\n","protected":false},"excerpt":{"rendered":"<p>Desengrasante. Especial cocinas con Ecolabel.<\/p>\n","protected":false},"featured_media":31361,"comment_status":"closed","ping_status":"closed","template":"","meta":[],"product_brand":[],"product_cat":[746,689,694],"product_tag":[],"marcas":[922],"certificats":[936],"caracteristiques":[939,940],"tipus-productes":[943],"zona-aplicacio":[944],"tipus-maquinaria":[],"class_list":{"0":"post-12120","1":"product","2":"type-product","3":"status-publish","4":"has-post-thumbnail","6":"product_cat-desengrasantes","7":"product_cat-productos-de-limpieza","8":"product_cat-quimicos","9":"marcas-sucitesa-es","10":"certificats-eu-ecolabel-es","11":"caracteristiques-concentrados-es","12":"caracteristiques-ecologicos-es","13":"tipus-productes-sistema-de-ahorro-es","14":"zona-aplicacio-zona-cocina","16":"first","17":"instock","18":"product-type-simple"},"_links":{"self":[{"href":"https:\/\/dibosch.com\/es\/wp-json\/wp\/v2\/product\/12120","targetHints":{"allow":["GET"]}}],"collection":[{"href":"https:\/\/dibosch.com\/es\/wp-json\/wp\/v2\/product"}],"about":[{"href":"https:\/\/dibosch.com\/es\/wp-json\/wp\/v2\/types\/product"}],"replies":[{"embeddable":true,"href":"https:\/\/dibosch.com\/es\/wp-json\/wp\/v2\/comments?post=12120"}],"wp:featuredmedia":[{"embeddable":true,"href":"https:\/\/dibosch.com\/es\/wp-json\/wp\/v2\/media\/31361"}],"wp:attachment":[{"href":"https:\/\/dibosch.com\/es\/wp-json\/wp\/v2\/media?parent=12120"}],"wp:term":[{"taxonomy":"product_brand","embeddable":true,"href":"https:\/\/dibosch.com\/es\/wp-json\/wp\/v2\/product_brand?post=12120"},{"taxonomy":"product_cat","embeddable":true,"href":"https:\/\/dibosch.com\/es\/wp-json\/wp\/v2\/product_cat?post=12120"},{"taxonomy":"product_tag","embeddable":true,"href":"https:\/\/dibosch.com\/es\/wp-json\/wp\/v2\/product_tag?post=12120"},{"taxonomy":"marcas","embeddable":true,"href":"https:\/\/dibosch.com\/es\/wp-json\/wp\/v2\/marcas?post=12120"},{"taxonomy":"certificats","embeddable":true,"href":"https:\/\/dibosch.com\/es\/wp-json\/wp\/v2\/certificats?post=12120"},{"taxonomy":"caracteristiques","embeddable":true,"href":"https:\/\/dibosch.com\/es\/wp-json\/wp\/v2\/caracteristiques?post=12120"},{"taxonomy":"tipus-productes","embeddable":true,"href":"https:\/\/dibosch.com\/es\/wp-json\/wp\/v2\/tipus-productes?post=12120"},{"taxonomy":"zona-aplicacio","embeddable":true,"href":"https:\/\/dibosch.com\/es\/wp-json\/wp\/v2\/zona-aplicacio?post=12120"},{"taxonomy":"tipus-maquinaria","embeddable":true,"href":"https:\/\/dibosch.com\/es\/wp-json\/wp\/v2\/tipus-maquinaria?post=12120"}],"curies":[{"name":"wp","href":"https:\/\/api.w.org\/{rel}","templated":true}]}}