{"id":12123,"date":"2022-12-07T10:34:31","date_gmt":"2022-12-07T10:34:31","guid":{"rendered":"https:\/\/www.dibosch.com\/producto\/m-barra-cs80b-2-cepillos-lateral\/"},"modified":"2025-02-04T16:26:21","modified_gmt":"2025-02-04T16:26:21","slug":"m-barredora-cs80b-2-cepillos-lateral","status":"publish","type":"product","link":"https:\/\/dibosch.com\/es\/producto\/m-barredora-cs80b-2-cepillos-lateral\/","title":{"rendered":"BARREDORA CS80B 2 CEPILLOS LATERAL &#8211; COMAC"},"content":{"rendered":"<p>Las <a href=\"https:\/\/dibosch.com\/es\/maquinas\/barredora\/\">barredoras industriales hombre a bordo<\/a> CS80\/CS90\/CS110 son unas de las m\u00e1s compactas de su categor\u00eda. Gracias a su bastidor en forma de caja, construido en torno al cepillo central, tienen unas dimensiones muy reducidas, pero, al mismo tiempo, son muy robustas. Esto hace que las barredoras CS80\/CS90\/CS110 sean sumamente vers\u00e1tiles, ya que se pueden utilizar tanto para la limpieza de grandes superficies como para zonas angostas o con obst\u00e1culos.<\/p>\n<p>Las CS80\/CS90\/CS110 de <a href=\"https:\/\/dibosch.com\/es\/marcas\/comac-es\/\">Comac<\/a> est\u00e1n disponibles en versi\u00f3n con bater\u00eda o con motor di\u00e9sel, y en tres anchuras de trabajo diferentes: de 112 cm (CS80), de 122 cm (CS90) o 142 cm (CS110). La CS110 tambi\u00e9n est\u00e1 disponible en la versi\u00f3n Bifuel con motor endot\u00e9rmico gasolina\/GPL para reducir el consumo y las emisiones.<\/p>\n<p>Estas <a href=\"https:\/\/dibosch.com\/es\/maquinas\/barredora\/barredoras-a-bordo\/\">barredoras de hombre a bordo<\/a> extremadamente productivas son adecuadas para limpiar la suciedad m\u00e1s resistente en superficies exteriores e interiores de ambientes industriales, grandes almacenes, campings, plazas y aparcamientos de hasta m\u00e1s de 30.000 m2.<\/p>\n<p>&nbsp;<\/p>\n<div data-olk-copy-source=\"MailCompose\">PRECIO CS80 B &#8211; 2 cepillos laterales<\/div>\n<div>Consultar accesorios incluidos en el precio.<\/div>\n<p>&nbsp;<\/p>\n","protected":false},"excerpt":{"rendered":"<p>Las barredoras industriales hombre a bordo CS80\/CS90\/CS110 son unas de las m\u00e1s compactas de su categor\u00eda. Gracias a su bastidor en forma de caja, construido en torno al cepillo central, tienen unas dimensiones muy reducidas, pero, al mismo tiempo, son muy robustas. Esto hace que las barredoras CS80\/CS90\/CS110 sean sumamente vers\u00e1tiles, ya que se pueden [&hellip;]<\/p>\n","protected":false},"featured_media":31379,"comment_status":"closed","ping_status":"closed","template":"","meta":[],"product_brand":[],"product_cat":[747,731,577],"product_tag":[],"marcas":[916],"certificats":[],"caracteristiques":[],"tipus-productes":[],"zona-aplicacio":[951,949],"tipus-maquinaria":[],"class_list":{"0":"post-12123","1":"product","2":"type-product","3":"status-publish","4":"has-post-thumbnail","6":"product_cat-barredoras-a-bordo","7":"product_cat-baterias","8":"product_cat-maquinas","9":"marcas-comac-es","10":"zona-aplicacio-exteriores-y-fachadas","11":"zona-aplicacio-zona-produccion-y-talleres","13":"first","14":"instock","15":"purchasable","16":"product-type-simple"},"_links":{"self":[{"href":"https:\/\/dibosch.com\/es\/wp-json\/wp\/v2\/product\/12123","targetHints":{"allow":["GET"]}}],"collection":[{"href":"https:\/\/dibosch.com\/es\/wp-json\/wp\/v2\/product"}],"about":[{"href":"https:\/\/dibosch.com\/es\/wp-json\/wp\/v2\/types\/product"}],"replies":[{"embeddable":true,"href":"https:\/\/dibosch.com\/es\/wp-json\/wp\/v2\/comments?post=12123"}],"wp:featuredmedia":[{"embeddable":true,"href":"https:\/\/dibosch.com\/es\/wp-json\/wp\/v2\/media\/31379"}],"wp:attachment":[{"href":"https:\/\/dibosch.com\/es\/wp-json\/wp\/v2\/media?parent=12123"}],"wp:term":[{"taxonomy":"product_brand","embeddable":true,"href":"https:\/\/dibosch.com\/es\/wp-json\/wp\/v2\/product_brand?post=12123"},{"taxonomy":"product_cat","embeddable":true,"href":"https:\/\/dibosch.com\/es\/wp-json\/wp\/v2\/product_cat?post=12123"},{"taxonomy":"product_tag","embeddable":true,"href":"https:\/\/dibosch.com\/es\/wp-json\/wp\/v2\/product_tag?post=12123"},{"taxonomy":"marcas","embeddable":true,"href":"https:\/\/dibosch.com\/es\/wp-json\/wp\/v2\/marcas?post=12123"},{"taxonomy":"certificats","embeddable":true,"href":"https:\/\/dibosch.com\/es\/wp-json\/wp\/v2\/certificats?post=12123"},{"taxonomy":"caracteristiques","embeddable":true,"href":"https:\/\/dibosch.com\/es\/wp-json\/wp\/v2\/caracteristiques?post=12123"},{"taxonomy":"tipus-productes","embeddable":true,"href":"https:\/\/dibosch.com\/es\/wp-json\/wp\/v2\/tipus-productes?post=12123"},{"taxonomy":"zona-aplicacio","embeddable":true,"href":"https:\/\/dibosch.com\/es\/wp-json\/wp\/v2\/zona-aplicacio?post=12123"},{"taxonomy":"tipus-maquinaria","embeddable":true,"href":"https:\/\/dibosch.com\/es\/wp-json\/wp\/v2\/tipus-maquinaria?post=12123"}],"curies":[{"name":"wp","href":"https:\/\/api.w.org\/{rel}","templated":true}]}}