{"id":12124,"date":"2022-12-07T10:35:03","date_gmt":"2022-12-07T10:35:03","guid":{"rendered":"https:\/\/www.dibosch.com\/producto\/fd-dl-pascal-bp20\/"},"modified":"2025-09-24T08:46:56","modified_gmt":"2025-09-24T08:46:56","slug":"fd-dl-pascal-bp20","status":"publish","type":"product","link":"https:\/\/dibosch.com\/es\/producto\/fd-dl-pascal-bp20\/","title":{"rendered":"FD-DL PASCAL BP20 &#8211; DIVERSEY"},"content":{"rendered":"<p><strong>Caracter\u00edsticas del producto:<\/strong><\/p>\n<p>Pascal es un desincrustante en base \u00e1cido n\u00edtrico no-fumante, de baja espuma, para eliminaci\u00f3n de suciedades dif\u00edciles en un amplio rango de aplicaciones CIP en las Industrias de Alimentaci\u00f3n y Bebidas.<\/p>\n<p>&nbsp;<\/p>\n<p><strong>Manual de uso:<\/strong><\/p>\n<p>Pascal se usa normalmente en aplicaciones CIP a concentraciones entre 0,5 &#8211; 3% p\/p (0,4 &#8211; 2,3% v\/v) para desincrustaciones, dependiendo de la aplicaci\u00f3n y nivel de incrustaci\u00f3n.<\/p>\n<p>Nota.- La concentraci\u00f3n exacta, tiempo y temperatura de uso de Pascal depender\u00b7 de la aplicaci\u00f3n.<\/p>\n<p>Todos los detergentes y desinfectantes deben aclararse abundantemente tras su uso para eliminarlas de las superficies en contacto con alimentos y bebidas.<\/p>\n","protected":false},"excerpt":{"rendered":"<p>Detergente desincrustante fuertemente \u00e1cido.<\/p>\n","protected":false},"featured_media":21271,"comment_status":"closed","ping_status":"closed","template":"","meta":[],"product_brand":[],"product_cat":[748,715,689],"product_tag":[],"marcas":[],"certificats":[],"caracteristiques":[],"tipus-productes":[],"zona-aplicacio":[],"tipus-maquinaria":[],"class_list":{"0":"post-12124","1":"product","2":"type-product","3":"status-publish","4":"has-post-thumbnail","6":"product_cat-acidos-no-espumante-cip","7":"product_cat-especificos-para-industria-alimentaria","8":"product_cat-productos-de-limpieza","10":"first","11":"instock","12":"product-type-simple"},"_links":{"self":[{"href":"https:\/\/dibosch.com\/es\/wp-json\/wp\/v2\/product\/12124","targetHints":{"allow":["GET"]}}],"collection":[{"href":"https:\/\/dibosch.com\/es\/wp-json\/wp\/v2\/product"}],"about":[{"href":"https:\/\/dibosch.com\/es\/wp-json\/wp\/v2\/types\/product"}],"replies":[{"embeddable":true,"href":"https:\/\/dibosch.com\/es\/wp-json\/wp\/v2\/comments?post=12124"}],"wp:featuredmedia":[{"embeddable":true,"href":"https:\/\/dibosch.com\/es\/wp-json\/wp\/v2\/media\/21271"}],"wp:attachment":[{"href":"https:\/\/dibosch.com\/es\/wp-json\/wp\/v2\/media?parent=12124"}],"wp:term":[{"taxonomy":"product_brand","embeddable":true,"href":"https:\/\/dibosch.com\/es\/wp-json\/wp\/v2\/product_brand?post=12124"},{"taxonomy":"product_cat","embeddable":true,"href":"https:\/\/dibosch.com\/es\/wp-json\/wp\/v2\/product_cat?post=12124"},{"taxonomy":"product_tag","embeddable":true,"href":"https:\/\/dibosch.com\/es\/wp-json\/wp\/v2\/product_tag?post=12124"},{"taxonomy":"marcas","embeddable":true,"href":"https:\/\/dibosch.com\/es\/wp-json\/wp\/v2\/marcas?post=12124"},{"taxonomy":"certificats","embeddable":true,"href":"https:\/\/dibosch.com\/es\/wp-json\/wp\/v2\/certificats?post=12124"},{"taxonomy":"caracteristiques","embeddable":true,"href":"https:\/\/dibosch.com\/es\/wp-json\/wp\/v2\/caracteristiques?post=12124"},{"taxonomy":"tipus-productes","embeddable":true,"href":"https:\/\/dibosch.com\/es\/wp-json\/wp\/v2\/tipus-productes?post=12124"},{"taxonomy":"zona-aplicacio","embeddable":true,"href":"https:\/\/dibosch.com\/es\/wp-json\/wp\/v2\/zona-aplicacio?post=12124"},{"taxonomy":"tipus-maquinaria","embeddable":true,"href":"https:\/\/dibosch.com\/es\/wp-json\/wp\/v2\/tipus-maquinaria?post=12124"}],"curies":[{"name":"wp","href":"https:\/\/api.w.org\/{rel}","templated":true}]}}