{"id":12159,"date":"2022-12-07T10:35:51","date_gmt":"2022-12-07T10:35:51","guid":{"rendered":"https:\/\/www.dibosch.com\/producto\/m-steam-box-pro-selector-de-potencia\/"},"modified":"2024-03-26T16:04:42","modified_gmt":"2024-03-26T16:04:42","slug":"m-steam-box-pro-selector-de-potencia","status":"publish","type":"product","link":"https:\/\/dibosch.com\/es\/producto\/m-steam-box-pro-selector-de-potencia\/","title":{"rendered":"M-STEAM BOX PRO SELECTOR DE POTENCIA &#8211; TECNOVAP"},"content":{"rendered":"<p>Los generadores de vapor Steam Box Pro destacan en el sector por: Su fabricaci\u00f3n a prueba de agua IPX 5, recarga autom\u00e1tica con control electromec\u00e1nico True Temp TM, inyecci\u00f3n de detergente, conexi\u00f3n directa con el suministro de agua, veleta de control de baja tensi\u00f3n, consola el\u00e9ctrica con: term\u00f3metro, man\u00f3metro, cuenta horas, aviso de caldera con cal y sistema de inyecci\u00f3n de agua sobre calentada de serie.<\/p>\n","protected":false},"excerpt":{"rendered":"<p>Producci\u00f3n de vapor 388 gr\/min | T\u00ba de trabajo 183\u00baC | Presi\u00f3n: 10bar |Potencia 14,4kW |Peso 60kg | Incluye manguera geyser 4 mts + lanza 800 + boq<\/p>\n","protected":false},"featured_media":24982,"comment_status":"closed","ping_status":"closed","template":"","meta":[],"product_brand":[],"product_cat":[761,577],"product_tag":[],"marcas":[913],"certificats":[],"caracteristiques":[],"tipus-productes":[],"zona-aplicacio":[],"tipus-maquinaria":[],"class_list":{"0":"post-12159","1":"product","2":"type-product","3":"status-publish","4":"has-post-thumbnail","6":"product_cat-vapor-industrial-es","7":"product_cat-maquinas","8":"marcas-tecnovap-es","10":"first","11":"instock","12":"product-type-simple"},"_links":{"self":[{"href":"https:\/\/dibosch.com\/es\/wp-json\/wp\/v2\/product\/12159","targetHints":{"allow":["GET"]}}],"collection":[{"href":"https:\/\/dibosch.com\/es\/wp-json\/wp\/v2\/product"}],"about":[{"href":"https:\/\/dibosch.com\/es\/wp-json\/wp\/v2\/types\/product"}],"replies":[{"embeddable":true,"href":"https:\/\/dibosch.com\/es\/wp-json\/wp\/v2\/comments?post=12159"}],"wp:featuredmedia":[{"embeddable":true,"href":"https:\/\/dibosch.com\/es\/wp-json\/wp\/v2\/media\/24982"}],"wp:attachment":[{"href":"https:\/\/dibosch.com\/es\/wp-json\/wp\/v2\/media?parent=12159"}],"wp:term":[{"taxonomy":"product_brand","embeddable":true,"href":"https:\/\/dibosch.com\/es\/wp-json\/wp\/v2\/product_brand?post=12159"},{"taxonomy":"product_cat","embeddable":true,"href":"https:\/\/dibosch.com\/es\/wp-json\/wp\/v2\/product_cat?post=12159"},{"taxonomy":"product_tag","embeddable":true,"href":"https:\/\/dibosch.com\/es\/wp-json\/wp\/v2\/product_tag?post=12159"},{"taxonomy":"marcas","embeddable":true,"href":"https:\/\/dibosch.com\/es\/wp-json\/wp\/v2\/marcas?post=12159"},{"taxonomy":"certificats","embeddable":true,"href":"https:\/\/dibosch.com\/es\/wp-json\/wp\/v2\/certificats?post=12159"},{"taxonomy":"caracteristiques","embeddable":true,"href":"https:\/\/dibosch.com\/es\/wp-json\/wp\/v2\/caracteristiques?post=12159"},{"taxonomy":"tipus-productes","embeddable":true,"href":"https:\/\/dibosch.com\/es\/wp-json\/wp\/v2\/tipus-productes?post=12159"},{"taxonomy":"zona-aplicacio","embeddable":true,"href":"https:\/\/dibosch.com\/es\/wp-json\/wp\/v2\/zona-aplicacio?post=12159"},{"taxonomy":"tipus-maquinaria","embeddable":true,"href":"https:\/\/dibosch.com\/es\/wp-json\/wp\/v2\/tipus-maquinaria?post=12159"}],"curies":[{"name":"wp","href":"https:\/\/api.w.org\/{rel}","templated":true}]}}