{"id":12163,"date":"2022-12-07T10:35:27","date_gmt":"2022-12-07T10:35:27","guid":{"rendered":"https:\/\/www.dibosch.com\/producto\/cubell-pile-30lts-azul-s-prensa\/"},"modified":"2024-03-26T16:04:43","modified_gmt":"2024-03-26T16:04:43","slug":"cubo-pile-30lts-azul-s-prensa","status":"publish","type":"product","link":"https:\/\/dibosch.com\/es\/producto\/cubo-pile-30lts-azul-s-prensa\/","title":{"rendered":"CUBELL PILE 30lts AZUL (S\/PRENSA) &#8211; TTS"},"content":{"rendered":"<p><strong>Caracter\u00edsticas del producto:<\/strong><\/p>\n<p>Cubo 30 L individual con ruedas de \u00f8 80 mm<\/p>\n<p>Cubo individual para prensa profesional<\/p>\n<p>Ideal para limpiar entornos medianos y grandes que necesitan aclarar el recambio<\/p>\n<p>Manejable: el asa transversal facilita su transporte y su vaciado<\/p>\n<p>Ergon\u00f3mico: m\u00e1s alto comparado con los carros del mercado, permite trabajar en posici\u00f3n recta<\/p>\n","protected":false},"excerpt":{"rendered":"<p>Caracter\u00edsticas del producto: Cubo 30 L individual con ruedas de \u00f8 80 mm Cubo individual para prensa profesional Ideal para limpiar entornos medianos y grandes que necesitan aclarar el recambio Manejable: el asa transversal facilita su transporte y su vaciado Ergon\u00f3mico: m\u00e1s alto comparado con los carros del mercado, permite trabajar en posici\u00f3n recta<\/p>\n","protected":false},"featured_media":33388,"comment_status":"closed","ping_status":"closed","template":"","meta":[],"product_brand":[],"product_cat":[723,724,684],"product_tag":[],"marcas":[917],"certificats":[],"caracteristiques":[],"tipus-productes":[],"zona-aplicacio":[],"tipus-maquinaria":[],"class_list":{"0":"post-12163","1":"product","2":"type-product","3":"status-publish","4":"has-post-thumbnail","6":"product_cat-gestion-de-residuos","7":"product_cat-papeleras-50","8":"product_cat-utiles-de-limpieza","9":"marcas-tts-es","11":"first","12":"instock","13":"product-type-simple"},"_links":{"self":[{"href":"https:\/\/dibosch.com\/es\/wp-json\/wp\/v2\/product\/12163","targetHints":{"allow":["GET"]}}],"collection":[{"href":"https:\/\/dibosch.com\/es\/wp-json\/wp\/v2\/product"}],"about":[{"href":"https:\/\/dibosch.com\/es\/wp-json\/wp\/v2\/types\/product"}],"replies":[{"embeddable":true,"href":"https:\/\/dibosch.com\/es\/wp-json\/wp\/v2\/comments?post=12163"}],"wp:featuredmedia":[{"embeddable":true,"href":"https:\/\/dibosch.com\/es\/wp-json\/wp\/v2\/media\/33388"}],"wp:attachment":[{"href":"https:\/\/dibosch.com\/es\/wp-json\/wp\/v2\/media?parent=12163"}],"wp:term":[{"taxonomy":"product_brand","embeddable":true,"href":"https:\/\/dibosch.com\/es\/wp-json\/wp\/v2\/product_brand?post=12163"},{"taxonomy":"product_cat","embeddable":true,"href":"https:\/\/dibosch.com\/es\/wp-json\/wp\/v2\/product_cat?post=12163"},{"taxonomy":"product_tag","embeddable":true,"href":"https:\/\/dibosch.com\/es\/wp-json\/wp\/v2\/product_tag?post=12163"},{"taxonomy":"marcas","embeddable":true,"href":"https:\/\/dibosch.com\/es\/wp-json\/wp\/v2\/marcas?post=12163"},{"taxonomy":"certificats","embeddable":true,"href":"https:\/\/dibosch.com\/es\/wp-json\/wp\/v2\/certificats?post=12163"},{"taxonomy":"caracteristiques","embeddable":true,"href":"https:\/\/dibosch.com\/es\/wp-json\/wp\/v2\/caracteristiques?post=12163"},{"taxonomy":"tipus-productes","embeddable":true,"href":"https:\/\/dibosch.com\/es\/wp-json\/wp\/v2\/tipus-productes?post=12163"},{"taxonomy":"zona-aplicacio","embeddable":true,"href":"https:\/\/dibosch.com\/es\/wp-json\/wp\/v2\/zona-aplicacio?post=12163"},{"taxonomy":"tipus-maquinaria","embeddable":true,"href":"https:\/\/dibosch.com\/es\/wp-json\/wp\/v2\/tipus-maquinaria?post=12163"}],"curies":[{"name":"wp","href":"https:\/\/api.w.org\/{rel}","templated":true}]}}