{"id":12166,"date":"2022-12-07T10:35:44","date_gmt":"2022-12-07T10:35:44","guid":{"rendered":"https:\/\/www.dibosch.com\/producto\/fd-safefoam-vf9-bp20\/"},"modified":"2024-03-26T16:04:44","modified_gmt":"2024-03-26T16:04:44","slug":"fd-safefoam-vf9-bp20","status":"publish","type":"product","link":"https:\/\/dibosch.com\/es\/producto\/fd-safefoam-vf9-bp20\/","title":{"rendered":"FD-SAFEFOAM VF9 BP20 &#8211; DIVERSEY"},"content":{"rendered":"<p><strong>Caracter\u00edsticas del producto:<\/strong><\/p>\n<p>Safefoam es una espuma de mediana alcalinidad, segura sobre metales blandos, dise\u00f1ada para la limpieza de todo tipo de superficies, con suciedad media, en un amplio rango de industrias procesadoras de alimentos y bebidas<\/p>\n<p>Ha sido desarrollada para ser aplicada en la limpieza de instalaciones de procesamiento de alimentos que contienen metales blandos u otros elementos no resistentes a agentes c\u00e1usticos fuertes.<\/p>\n<p>Basada en una mezcla de \u00e1lcalis no c\u00e1usticos, secuestrantes y agentes tensioactivos\/humectantes de alta espuma.<\/p>\n<p>Esta formulaci\u00f3n balanceada provee una efectiva acci\u00f3n de limpieza sin la necesidad de emplear agentes c\u00e1usticos ni solventes.<\/p>\n<p>&nbsp;<\/p>\n<p><strong>Manual de uso:<\/strong><\/p>\n<p>Las concentraciones recomendadas de uso dependen del tipo de suciedad a remover, encontr\u00e1ndose habitualmente en el rango del 1,0 al 5,0% v\/v (1,1-5,3% p\/p).<\/p>\n<p>Las superficies a lavar deben ser enjuagadas previamente para remover la suciedad gruesa, luego debe se aplicado Safefoam y dejar actuar de 5 a 10 minutos.<\/p>\n<p>De ser necesario puede ser dejado por m\u00e1s tiempo en contacto con la superficie, sin que se seque la capa de producto aplicada. Luego enjuagar la superficie con agua potable y de ser necesario, aplicar un desinfectante apropiado.<\/p>\n<p>Para instrucciones espec\u00edficas consultar con su representante de Diversey<\/p>\n","protected":false},"excerpt":{"rendered":"<p>Autoespumante ligeramente alcalino SMS, sin silicatos<\/p>\n","protected":false},"featured_media":21291,"comment_status":"closed","ping_status":"closed","template":"","meta":[],"product_brand":[],"product_cat":[716,715,689],"product_tag":[],"marcas":[],"certificats":[],"caracteristiques":[],"tipus-productes":[],"zona-aplicacio":[],"tipus-maquinaria":[],"class_list":{"0":"post-12166","1":"product","2":"type-product","3":"status-publish","4":"has-post-thumbnail","6":"product_cat-alcalinos-espumante","7":"product_cat-especificos-para-industria-alimentaria","8":"product_cat-productos-de-limpieza","10":"first","11":"instock","12":"product-type-simple"},"_links":{"self":[{"href":"https:\/\/dibosch.com\/es\/wp-json\/wp\/v2\/product\/12166","targetHints":{"allow":["GET"]}}],"collection":[{"href":"https:\/\/dibosch.com\/es\/wp-json\/wp\/v2\/product"}],"about":[{"href":"https:\/\/dibosch.com\/es\/wp-json\/wp\/v2\/types\/product"}],"replies":[{"embeddable":true,"href":"https:\/\/dibosch.com\/es\/wp-json\/wp\/v2\/comments?post=12166"}],"wp:featuredmedia":[{"embeddable":true,"href":"https:\/\/dibosch.com\/es\/wp-json\/wp\/v2\/media\/21291"}],"wp:attachment":[{"href":"https:\/\/dibosch.com\/es\/wp-json\/wp\/v2\/media?parent=12166"}],"wp:term":[{"taxonomy":"product_brand","embeddable":true,"href":"https:\/\/dibosch.com\/es\/wp-json\/wp\/v2\/product_brand?post=12166"},{"taxonomy":"product_cat","embeddable":true,"href":"https:\/\/dibosch.com\/es\/wp-json\/wp\/v2\/product_cat?post=12166"},{"taxonomy":"product_tag","embeddable":true,"href":"https:\/\/dibosch.com\/es\/wp-json\/wp\/v2\/product_tag?post=12166"},{"taxonomy":"marcas","embeddable":true,"href":"https:\/\/dibosch.com\/es\/wp-json\/wp\/v2\/marcas?post=12166"},{"taxonomy":"certificats","embeddable":true,"href":"https:\/\/dibosch.com\/es\/wp-json\/wp\/v2\/certificats?post=12166"},{"taxonomy":"caracteristiques","embeddable":true,"href":"https:\/\/dibosch.com\/es\/wp-json\/wp\/v2\/caracteristiques?post=12166"},{"taxonomy":"tipus-productes","embeddable":true,"href":"https:\/\/dibosch.com\/es\/wp-json\/wp\/v2\/tipus-productes?post=12166"},{"taxonomy":"zona-aplicacio","embeddable":true,"href":"https:\/\/dibosch.com\/es\/wp-json\/wp\/v2\/zona-aplicacio?post=12166"},{"taxonomy":"tipus-maquinaria","embeddable":true,"href":"https:\/\/dibosch.com\/es\/wp-json\/wp\/v2\/tipus-maquinaria?post=12166"}],"curies":[{"name":"wp","href":"https:\/\/api.w.org\/{rel}","templated":true}]}}