{"id":12192,"date":"2022-12-07T10:35:56","date_gmt":"2022-12-07T10:35:56","guid":{"rendered":"https:\/\/www.dibosch.com\/producto\/m-steam-box-vac-pro-72kw\/"},"modified":"2024-07-02T15:43:16","modified_gmt":"2024-07-02T15:43:16","slug":"m-steam-box-vac-pro-72kw","status":"publish","type":"product","link":"https:\/\/dibosch.com\/es\/producto\/m-steam-box-vac-pro-72kw\/","title":{"rendered":"STEAM BOX VAC PRO 7,2Kw- TECNOVAP"},"content":{"rendered":"<p>Generador de vapor industrial con cuerpo y caldera de acero inoxidable, autonom\u00eda de vapor ilimitada gracias al sistema de llenado autom\u00e1tico con dep\u00f3sito de agua interno o directamente con conexi\u00f3n a la red de agua. Funciones disponibles: inyecci\u00f3n de detergente, inyecci\u00f3n de agua sobrecalentada y aspirador h\u00famedo y seco integrado.<\/p>\n<p>&nbsp;<\/p>\n<p>Datos t\u00e9cnicos<\/p>\n<p>Caldera Acero inoxidable AISI 304 &#8211; con resistencia intercambiable<br \/>\nCuerpo Acero inoxidable AISI 304 BA<br \/>\nVolumen de la caldera 7 l<br \/>\nSalida m\u00e1xima 5 &#8211; 8,6 &#8211; 11 &#8211; 15,8<br \/>\nPotencia caldera 3,6 &#8211; 7,2 &#8211; 10,8 &#8211; 14,4<br \/>\nDep\u00f3sito de agua 14 litros<br \/>\nDep\u00f3sito de detergente 14 l<br \/>\nPresi\u00f3n de funcionamiento 10 bares<br \/>\nTemperatura del vapor 183\u00b0 C<br \/>\nProducci\u00f3n de vapor (g\/min) 97 &#8211; 194 &#8211; 291 &#8211; 388 g\/min<br \/>\n5,9 &#8211; 11,6 &#8211; 17,5 &#8211; 23 Kg\/h<\/p>\n","protected":false},"excerpt":{"rendered":"<p>Producci\u00f3n de vapor 194 gr\/min | T\u00ba de trabajo 183\u00baC | Presi\u00f3n: 10bar |Potencia 8,6kW |Peso 60kg | Incluye aspiradora + radamas 4 mts + boq. Turbo<\/p>\n","protected":false},"featured_media":27761,"comment_status":"closed","ping_status":"closed","template":"","meta":[],"product_brand":[],"product_cat":[761,1323,577],"product_tag":[],"marcas":[913],"certificats":[],"caracteristiques":[],"tipus-productes":[],"zona-aplicacio":[],"tipus-maquinaria":[],"class_list":{"0":"post-12192","1":"product","2":"type-product","3":"status-publish","4":"has-post-thumbnail","6":"product_cat-vapor-industrial-es","7":"product_cat-aspiradores-herramientas","8":"product_cat-maquinas","9":"marcas-tecnovap-es","11":"first","12":"instock","13":"product-type-simple"},"_links":{"self":[{"href":"https:\/\/dibosch.com\/es\/wp-json\/wp\/v2\/product\/12192","targetHints":{"allow":["GET"]}}],"collection":[{"href":"https:\/\/dibosch.com\/es\/wp-json\/wp\/v2\/product"}],"about":[{"href":"https:\/\/dibosch.com\/es\/wp-json\/wp\/v2\/types\/product"}],"replies":[{"embeddable":true,"href":"https:\/\/dibosch.com\/es\/wp-json\/wp\/v2\/comments?post=12192"}],"wp:featuredmedia":[{"embeddable":true,"href":"https:\/\/dibosch.com\/es\/wp-json\/wp\/v2\/media\/27761"}],"wp:attachment":[{"href":"https:\/\/dibosch.com\/es\/wp-json\/wp\/v2\/media?parent=12192"}],"wp:term":[{"taxonomy":"product_brand","embeddable":true,"href":"https:\/\/dibosch.com\/es\/wp-json\/wp\/v2\/product_brand?post=12192"},{"taxonomy":"product_cat","embeddable":true,"href":"https:\/\/dibosch.com\/es\/wp-json\/wp\/v2\/product_cat?post=12192"},{"taxonomy":"product_tag","embeddable":true,"href":"https:\/\/dibosch.com\/es\/wp-json\/wp\/v2\/product_tag?post=12192"},{"taxonomy":"marcas","embeddable":true,"href":"https:\/\/dibosch.com\/es\/wp-json\/wp\/v2\/marcas?post=12192"},{"taxonomy":"certificats","embeddable":true,"href":"https:\/\/dibosch.com\/es\/wp-json\/wp\/v2\/certificats?post=12192"},{"taxonomy":"caracteristiques","embeddable":true,"href":"https:\/\/dibosch.com\/es\/wp-json\/wp\/v2\/caracteristiques?post=12192"},{"taxonomy":"tipus-productes","embeddable":true,"href":"https:\/\/dibosch.com\/es\/wp-json\/wp\/v2\/tipus-productes?post=12192"},{"taxonomy":"zona-aplicacio","embeddable":true,"href":"https:\/\/dibosch.com\/es\/wp-json\/wp\/v2\/zona-aplicacio?post=12192"},{"taxonomy":"tipus-maquinaria","embeddable":true,"href":"https:\/\/dibosch.com\/es\/wp-json\/wp\/v2\/tipus-maquinaria?post=12192"}],"curies":[{"name":"wp","href":"https:\/\/api.w.org\/{rel}","templated":true}]}}