{"id":12194,"date":"2022-12-07T10:35:39","date_gmt":"2022-12-07T10:35:39","guid":{"rendered":"https:\/\/www.dibosch.com\/producto\/guantes-latex-l-x100\/"},"modified":"2024-03-26T16:04:52","modified_gmt":"2024-03-26T16:04:52","slug":"guantes-latex-l-x100","status":"publish","type":"product","link":"https:\/\/dibosch.com\/es\/producto\/guantes-latex-l-x100\/","title":{"rendered":"GUANTES LATEX L (x100) &#8211; SANICEN"},"content":{"rendered":"<p><strong>Descripci\u00f3n de producto:<\/strong><\/p>\n<p>SIN POLVO: estos guantes desechables de l\u00e1tex no contienen polvo, constituyen una alternativa m\u00e1s hipoalerg\u00e9nica a los guantes con polvo.<\/p>\n<p>ADAPTACI\u00d3N TOTAL: Los guantes de l\u00e1tex son el\u00e1sticos y proporcionan un ajuste perfecto a la mano que permite trabajar y realizar las tareas necesarias con total comodidad.<\/p>\n<p>ALTA CALIDAD: cumplen con la normativa UNE-EN 455, guantes m\u00e9dicos para un solo uso. Aptos para tatuadores, m\u00e9dicos, esteticien, hogar<\/p>\n<p>GRAN RESISTENCIA: estos guantes desechables de l\u00e1tex est\u00e1n fabricados con materiales de alta calidad que ofrecen gran resistencia al desgarro, permitiendo el manejo de todo tipo de objetos y herramientas sin romperse.<\/p>\n","protected":false},"excerpt":{"rendered":"<p>Guantes desechables homologados. Talla grande.<\/p>\n","protected":false},"featured_media":21837,"comment_status":"closed","ping_status":"closed","template":"","meta":[],"product_brand":[],"product_cat":[767,713,684],"product_tag":[],"marcas":[],"certificats":[],"caracteristiques":[],"tipus-productes":[],"zona-aplicacio":[],"tipus-maquinaria":[],"class_list":{"0":"post-12194","1":"product","2":"type-product","3":"status-publish","4":"has-post-thumbnail","6":"product_cat-guantes","7":"product_cat-utensilios","8":"product_cat-utiles-de-limpieza","10":"first","11":"instock","12":"product-type-simple"},"_links":{"self":[{"href":"https:\/\/dibosch.com\/es\/wp-json\/wp\/v2\/product\/12194","targetHints":{"allow":["GET"]}}],"collection":[{"href":"https:\/\/dibosch.com\/es\/wp-json\/wp\/v2\/product"}],"about":[{"href":"https:\/\/dibosch.com\/es\/wp-json\/wp\/v2\/types\/product"}],"replies":[{"embeddable":true,"href":"https:\/\/dibosch.com\/es\/wp-json\/wp\/v2\/comments?post=12194"}],"wp:featuredmedia":[{"embeddable":true,"href":"https:\/\/dibosch.com\/es\/wp-json\/wp\/v2\/media\/21837"}],"wp:attachment":[{"href":"https:\/\/dibosch.com\/es\/wp-json\/wp\/v2\/media?parent=12194"}],"wp:term":[{"taxonomy":"product_brand","embeddable":true,"href":"https:\/\/dibosch.com\/es\/wp-json\/wp\/v2\/product_brand?post=12194"},{"taxonomy":"product_cat","embeddable":true,"href":"https:\/\/dibosch.com\/es\/wp-json\/wp\/v2\/product_cat?post=12194"},{"taxonomy":"product_tag","embeddable":true,"href":"https:\/\/dibosch.com\/es\/wp-json\/wp\/v2\/product_tag?post=12194"},{"taxonomy":"marcas","embeddable":true,"href":"https:\/\/dibosch.com\/es\/wp-json\/wp\/v2\/marcas?post=12194"},{"taxonomy":"certificats","embeddable":true,"href":"https:\/\/dibosch.com\/es\/wp-json\/wp\/v2\/certificats?post=12194"},{"taxonomy":"caracteristiques","embeddable":true,"href":"https:\/\/dibosch.com\/es\/wp-json\/wp\/v2\/caracteristiques?post=12194"},{"taxonomy":"tipus-productes","embeddable":true,"href":"https:\/\/dibosch.com\/es\/wp-json\/wp\/v2\/tipus-productes?post=12194"},{"taxonomy":"zona-aplicacio","embeddable":true,"href":"https:\/\/dibosch.com\/es\/wp-json\/wp\/v2\/zona-aplicacio?post=12194"},{"taxonomy":"tipus-maquinaria","embeddable":true,"href":"https:\/\/dibosch.com\/es\/wp-json\/wp\/v2\/tipus-maquinaria?post=12194"}],"curies":[{"name":"wp","href":"https:\/\/api.w.org\/{rel}","templated":true}]}}