{"id":12196,"date":"2022-12-07T10:36:09","date_gmt":"2022-12-07T10:36:09","guid":{"rendered":"https:\/\/www.dibosch.com\/producto\/brys-bp750\/"},"modified":"2024-03-26T16:04:52","modified_gmt":"2024-03-26T16:04:52","slug":"brys-bp750","status":"publish","type":"product","link":"https:\/\/dibosch.com\/es\/producto\/brys-bp750\/","title":{"rendered":"BRYS BP750 &#8211; SUCITESA"},"content":{"rendered":"<p><strong>Caracter\u00edsticas del producto:<\/strong><\/p>\n<p>Elimina olores desagradables, dif\u00edciles y persistentes. Acci\u00f3n inmediata y prolongada. Encapsula y neutraliza los olores ofensivos, haci\u00e9ndolos indetectables .Incorpora la Tecnolog\u00eda DEODOR. Desodoriza de forma eficiente y segura. Eficaz contra olores de tabaco, mascotas, olores corporales, humedad, humo, basura y dem\u00e1s olores org\u00e1nicos. Aporta una fragancia fresca y sutil, que crea sensaci\u00f3n de limpieza. Indicado como refuerzo post-limpieza.<\/p>\n<p>&nbsp;<\/p>\n<p><strong>Modo de empleo:<\/strong><\/p>\n<ul>\n<li>SUPERFICIES. Pulverizar el producto sobre la superficie. Dejar secar sin frotar. Repetir el proceso si el olor persiste.<\/li>\n<li>AMBIENTE. Pulverizar hacia arriba, en todas direcciones.<\/li>\n<\/ul>\n<p>&nbsp;<\/p>\n<p><strong>Indicado para:<\/strong><\/p>\n<p>Ambientaci\u00f3n y control del olor. Superf\u00edcies textiles, zapatos, armarios, taquillas, interior del autom\u00f3vil, etc. \u00c1reas destinadas al almacenamiento de residuos. Ropa de trabajo.<\/p>\n","protected":false},"excerpt":{"rendered":"<p>Desodorizante. Superficies lavables y ambientes.<\/p>\n","protected":false},"featured_media":9731,"comment_status":"closed","ping_status":"closed","template":"","meta":[],"product_brand":[],"product_cat":[733,689,694],"product_tag":[],"marcas":[922],"certificats":[],"caracteristiques":[],"tipus-productes":[],"zona-aplicacio":[945],"tipus-maquinaria":[],"class_list":{"0":"post-12196","1":"product","2":"type-product","3":"status-publish","4":"has-post-thumbnail","6":"product_cat-ambientadores","7":"product_cat-productos-de-limpieza","8":"product_cat-quimicos","9":"marcas-sucitesa-es","10":"zona-aplicacio-zona-bano","12":"first","13":"instock","14":"product-type-simple"},"_links":{"self":[{"href":"https:\/\/dibosch.com\/es\/wp-json\/wp\/v2\/product\/12196","targetHints":{"allow":["GET"]}}],"collection":[{"href":"https:\/\/dibosch.com\/es\/wp-json\/wp\/v2\/product"}],"about":[{"href":"https:\/\/dibosch.com\/es\/wp-json\/wp\/v2\/types\/product"}],"replies":[{"embeddable":true,"href":"https:\/\/dibosch.com\/es\/wp-json\/wp\/v2\/comments?post=12196"}],"wp:featuredmedia":[{"embeddable":true,"href":"https:\/\/dibosch.com\/es\/wp-json\/wp\/v2\/media\/9731"}],"wp:attachment":[{"href":"https:\/\/dibosch.com\/es\/wp-json\/wp\/v2\/media?parent=12196"}],"wp:term":[{"taxonomy":"product_brand","embeddable":true,"href":"https:\/\/dibosch.com\/es\/wp-json\/wp\/v2\/product_brand?post=12196"},{"taxonomy":"product_cat","embeddable":true,"href":"https:\/\/dibosch.com\/es\/wp-json\/wp\/v2\/product_cat?post=12196"},{"taxonomy":"product_tag","embeddable":true,"href":"https:\/\/dibosch.com\/es\/wp-json\/wp\/v2\/product_tag?post=12196"},{"taxonomy":"marcas","embeddable":true,"href":"https:\/\/dibosch.com\/es\/wp-json\/wp\/v2\/marcas?post=12196"},{"taxonomy":"certificats","embeddable":true,"href":"https:\/\/dibosch.com\/es\/wp-json\/wp\/v2\/certificats?post=12196"},{"taxonomy":"caracteristiques","embeddable":true,"href":"https:\/\/dibosch.com\/es\/wp-json\/wp\/v2\/caracteristiques?post=12196"},{"taxonomy":"tipus-productes","embeddable":true,"href":"https:\/\/dibosch.com\/es\/wp-json\/wp\/v2\/tipus-productes?post=12196"},{"taxonomy":"zona-aplicacio","embeddable":true,"href":"https:\/\/dibosch.com\/es\/wp-json\/wp\/v2\/zona-aplicacio?post=12196"},{"taxonomy":"tipus-maquinaria","embeddable":true,"href":"https:\/\/dibosch.com\/es\/wp-json\/wp\/v2\/tipus-maquinaria?post=12196"}],"curies":[{"name":"wp","href":"https:\/\/api.w.org\/{rel}","templated":true}]}}