{"id":12208,"date":"2022-12-07T10:37:06","date_gmt":"2022-12-07T10:37:06","guid":{"rendered":"https:\/\/www.dibosch.com\/producto\/dosificador-touchfree-500-negro-44702\/"},"modified":"2024-03-26T16:04:55","modified_gmt":"2024-03-26T16:04:55","slug":"dosificador-touchfree-500-negro-44702","status":"publish","type":"product","link":"https:\/\/dibosch.com\/es\/producto\/dosificador-touchfree-500-negro-44702\/","title":{"rendered":"DOSIFICADOR TOUCHFREE 500 NEGRO -44702- &#8211; KATRIN"},"content":{"rendered":"<p>La mejor soluci\u00f3n higi\u00e9nica<\/p>\n","protected":false},"excerpt":{"rendered":"<p>Dispensador de jab\u00f3n en espuma Touch Free de dise\u00f1o compacto. Disminuye los escapes y ayuda a ahorrar en jab\u00f3n.<\/p>\n","protected":false},"featured_media":17187,"comment_status":"closed","ping_status":"closed","template":"","meta":[],"product_brand":[],"product_cat":[760,687],"product_tag":[],"marcas":[923],"certificats":[],"caracteristiques":[],"tipus-productes":[942,943],"zona-aplicacio":[945,955],"tipus-maquinaria":[],"class_list":{"0":"post-12208","1":"product","2":"type-product","3":"status-publish","4":"has-post-thumbnail","6":"product_cat-dosificadores-de-jabon","7":"product_cat-equipamientos","8":"marcas-katrin-es","9":"tipus-productes-novedad-es","10":"tipus-productes-sistema-de-ahorro-es","11":"zona-aplicacio-zona-bano","12":"zona-aplicacio-zona-sanitaria","14":"first","15":"instock","16":"product-type-simple"},"_links":{"self":[{"href":"https:\/\/dibosch.com\/es\/wp-json\/wp\/v2\/product\/12208","targetHints":{"allow":["GET"]}}],"collection":[{"href":"https:\/\/dibosch.com\/es\/wp-json\/wp\/v2\/product"}],"about":[{"href":"https:\/\/dibosch.com\/es\/wp-json\/wp\/v2\/types\/product"}],"replies":[{"embeddable":true,"href":"https:\/\/dibosch.com\/es\/wp-json\/wp\/v2\/comments?post=12208"}],"wp:featuredmedia":[{"embeddable":true,"href":"https:\/\/dibosch.com\/es\/wp-json\/wp\/v2\/media\/17187"}],"wp:attachment":[{"href":"https:\/\/dibosch.com\/es\/wp-json\/wp\/v2\/media?parent=12208"}],"wp:term":[{"taxonomy":"product_brand","embeddable":true,"href":"https:\/\/dibosch.com\/es\/wp-json\/wp\/v2\/product_brand?post=12208"},{"taxonomy":"product_cat","embeddable":true,"href":"https:\/\/dibosch.com\/es\/wp-json\/wp\/v2\/product_cat?post=12208"},{"taxonomy":"product_tag","embeddable":true,"href":"https:\/\/dibosch.com\/es\/wp-json\/wp\/v2\/product_tag?post=12208"},{"taxonomy":"marcas","embeddable":true,"href":"https:\/\/dibosch.com\/es\/wp-json\/wp\/v2\/marcas?post=12208"},{"taxonomy":"certificats","embeddable":true,"href":"https:\/\/dibosch.com\/es\/wp-json\/wp\/v2\/certificats?post=12208"},{"taxonomy":"caracteristiques","embeddable":true,"href":"https:\/\/dibosch.com\/es\/wp-json\/wp\/v2\/caracteristiques?post=12208"},{"taxonomy":"tipus-productes","embeddable":true,"href":"https:\/\/dibosch.com\/es\/wp-json\/wp\/v2\/tipus-productes?post=12208"},{"taxonomy":"zona-aplicacio","embeddable":true,"href":"https:\/\/dibosch.com\/es\/wp-json\/wp\/v2\/zona-aplicacio?post=12208"},{"taxonomy":"tipus-maquinaria","embeddable":true,"href":"https:\/\/dibosch.com\/es\/wp-json\/wp\/v2\/tipus-maquinaria?post=12208"}],"curies":[{"name":"wp","href":"https:\/\/api.w.org\/{rel}","templated":true}]}}