{"id":12229,"date":"2022-12-07T10:36:54","date_gmt":"2022-12-07T10:36:54","guid":{"rendered":"https:\/\/www.dibosch.com\/producto\/m-comac-sanex-ca-100\/"},"modified":"2024-03-26T16:05:00","modified_gmt":"2024-03-26T16:05:00","slug":"m-comac-sanex-es-100","status":"publish","type":"product","link":"https:\/\/dibosch.com\/es\/producto\/m-comac-sanex-es-100\/","title":{"rendered":"M- COMAC SANEX CA 100"},"content":{"rendered":"<p>SANEX es la soluci\u00f3n profesional para desinfectar manualmente de manera r\u00e1pida y eficaz sin humedecer las superficies.<\/p>\n<p>Un atomizador UVL manual, perfecto para desinfectar ambientes y espacios como oficinas, veh\u00edculos, entre otros.<\/p>\n<p>SANEX una m\u00e1quina desinfectadora para peque\u00f1as \u00e1reas de interior que permite desinfectar todas las superficies y espacios, en muy poco tiempo.<br \/>\nPuede trabajar seguido gracias a su alimentaci\u00f3n a la corriente y cada tanque lleno puede contener hasta 5 litros de producto diluido.<\/p>\n<p>Protege la salud de las personas haciendo que los pavimentos est\u00e9n completamente desinfecta.<\/p>\n","protected":false},"excerpt":{"rendered":"<p>Micropulverizador el\u00e9ctrico con compresor. Dep\u00f3sito de 5 l. Autonom\u00eda ilimitada. 20 \u00b5m<\/p>\n","protected":false},"featured_media":25186,"comment_status":"closed","ping_status":"closed","template":"","meta":[],"product_brand":[],"product_cat":[577,722],"product_tag":[],"marcas":[],"certificats":[],"caracteristiques":[],"tipus-productes":[],"zona-aplicacio":[],"tipus-maquinaria":[],"class_list":{"0":"post-12229","1":"product","2":"type-product","3":"status-publish","4":"has-post-thumbnail","6":"product_cat-maquinas","7":"product_cat-maquinas-especificas-de-limpieza","9":"first","10":"instock","11":"product-type-simple"},"_links":{"self":[{"href":"https:\/\/dibosch.com\/es\/wp-json\/wp\/v2\/product\/12229","targetHints":{"allow":["GET"]}}],"collection":[{"href":"https:\/\/dibosch.com\/es\/wp-json\/wp\/v2\/product"}],"about":[{"href":"https:\/\/dibosch.com\/es\/wp-json\/wp\/v2\/types\/product"}],"replies":[{"embeddable":true,"href":"https:\/\/dibosch.com\/es\/wp-json\/wp\/v2\/comments?post=12229"}],"wp:featuredmedia":[{"embeddable":true,"href":"https:\/\/dibosch.com\/es\/wp-json\/wp\/v2\/media\/25186"}],"wp:attachment":[{"href":"https:\/\/dibosch.com\/es\/wp-json\/wp\/v2\/media?parent=12229"}],"wp:term":[{"taxonomy":"product_brand","embeddable":true,"href":"https:\/\/dibosch.com\/es\/wp-json\/wp\/v2\/product_brand?post=12229"},{"taxonomy":"product_cat","embeddable":true,"href":"https:\/\/dibosch.com\/es\/wp-json\/wp\/v2\/product_cat?post=12229"},{"taxonomy":"product_tag","embeddable":true,"href":"https:\/\/dibosch.com\/es\/wp-json\/wp\/v2\/product_tag?post=12229"},{"taxonomy":"marcas","embeddable":true,"href":"https:\/\/dibosch.com\/es\/wp-json\/wp\/v2\/marcas?post=12229"},{"taxonomy":"certificats","embeddable":true,"href":"https:\/\/dibosch.com\/es\/wp-json\/wp\/v2\/certificats?post=12229"},{"taxonomy":"caracteristiques","embeddable":true,"href":"https:\/\/dibosch.com\/es\/wp-json\/wp\/v2\/caracteristiques?post=12229"},{"taxonomy":"tipus-productes","embeddable":true,"href":"https:\/\/dibosch.com\/es\/wp-json\/wp\/v2\/tipus-productes?post=12229"},{"taxonomy":"zona-aplicacio","embeddable":true,"href":"https:\/\/dibosch.com\/es\/wp-json\/wp\/v2\/zona-aplicacio?post=12229"},{"taxonomy":"tipus-maquinaria","embeddable":true,"href":"https:\/\/dibosch.com\/es\/wp-json\/wp\/v2\/tipus-maquinaria?post=12229"}],"curies":[{"name":"wp","href":"https:\/\/api.w.org\/{rel}","templated":true}]}}