{"id":12238,"date":"2022-12-07T10:37:17","date_gmt":"2022-12-07T10:37:17","guid":{"rendered":"https:\/\/www.dibosch.com\/producto\/fd-jontec-regrass-2x5\/"},"modified":"2024-03-26T16:05:02","modified_gmt":"2024-03-26T16:05:02","slug":"fd-juntec-regrass-2x5","status":"publish","type":"product","link":"https:\/\/dibosch.com\/es\/producto\/fd-juntec-regrass-2x5\/","title":{"rendered":"FD- JONTEC REGRASS (2&#215;5) &#8211; DIVERSEY"},"content":{"rendered":"<p><strong>Caracter\u00edsticas del producto:<\/strong><\/p>\n<p>Detergente alcalino en\u00e9rgico con disolventes para la eliminaci\u00f3n de todo tipo de grasas y restos org\u00e1nicos en la limpieza de suelos y superficies duras resistentes al agua.<\/p>\n<p>Su componente disolvente le hace apropiado para la eliminaci\u00f3n de restos de tintas, marcas de bol\u00edgrafos, pintalabios, etc. en superficies duras, no porosas y resistentes al agua como mesas, sillas, despachos, taquillas y paredes pulidas.<\/p>\n<p>&nbsp;<\/p>\n<p><strong>Instrucciones de uso:<\/strong><\/p>\n<p>Dosificaci\u00f3n m\u00ednima: 100 ml. por 10 L. de soluci\u00f3n (1%). Incrementar la concentraci\u00f3n para suciedades dif\u00edciles. Para la limpieza de acero inoxidable y superficies resistentes al agua, no utilizar a una concentraci\u00f3n superior al 10%.<\/p>\n<p>Aplicar la soluci\u00f3n, dejar actuar unos minutos y aclarar con agua fr\u00eda. Para suciedades dif\u00edciles, frotar con un estropajo antes del aclarado. En caso de utilizar el producto en concentraciones elevadas, asegurarse de un correcto aclarado con agua abundante. Puede atacar el aluminio, realizar test de compatibilidad en una peque\u00f1a zona antes de usa<\/p>\n<p>&nbsp;<\/p>\n<p><strong>Indicado para:<\/strong><\/p>\n<p>Suelos y superficies duras resistentes al agua<\/p>\n","protected":false},"excerpt":{"rendered":"<p>Detergente alcalino en\u00e9rgico con disolventes para la eliminaci\u00f3n de todo tipo de grasas y restos org\u00e1nicos en la limpieza de suelos y superficies duras resistentes al agua<\/p>\n","protected":false},"featured_media":11264,"comment_status":"closed","ping_status":"closed","template":"","meta":[],"product_brand":[],"product_cat":[772,689,765],"product_tag":[],"marcas":[],"certificats":[],"caracteristiques":[],"tipus-productes":[],"zona-aplicacio":[],"tipus-maquinaria":[],"class_list":{"0":"post-12238","1":"product","2":"type-product","3":"status-publish","4":"has-post-thumbnail","6":"product_cat-limpieza-suelos","7":"product_cat-productos-de-limpieza","8":"product_cat-quimicos-maquinaria","10":"first","11":"instock","12":"product-type-simple"},"_links":{"self":[{"href":"https:\/\/dibosch.com\/es\/wp-json\/wp\/v2\/product\/12238","targetHints":{"allow":["GET"]}}],"collection":[{"href":"https:\/\/dibosch.com\/es\/wp-json\/wp\/v2\/product"}],"about":[{"href":"https:\/\/dibosch.com\/es\/wp-json\/wp\/v2\/types\/product"}],"replies":[{"embeddable":true,"href":"https:\/\/dibosch.com\/es\/wp-json\/wp\/v2\/comments?post=12238"}],"wp:featuredmedia":[{"embeddable":true,"href":"https:\/\/dibosch.com\/es\/wp-json\/wp\/v2\/media\/11264"}],"wp:attachment":[{"href":"https:\/\/dibosch.com\/es\/wp-json\/wp\/v2\/media?parent=12238"}],"wp:term":[{"taxonomy":"product_brand","embeddable":true,"href":"https:\/\/dibosch.com\/es\/wp-json\/wp\/v2\/product_brand?post=12238"},{"taxonomy":"product_cat","embeddable":true,"href":"https:\/\/dibosch.com\/es\/wp-json\/wp\/v2\/product_cat?post=12238"},{"taxonomy":"product_tag","embeddable":true,"href":"https:\/\/dibosch.com\/es\/wp-json\/wp\/v2\/product_tag?post=12238"},{"taxonomy":"marcas","embeddable":true,"href":"https:\/\/dibosch.com\/es\/wp-json\/wp\/v2\/marcas?post=12238"},{"taxonomy":"certificats","embeddable":true,"href":"https:\/\/dibosch.com\/es\/wp-json\/wp\/v2\/certificats?post=12238"},{"taxonomy":"caracteristiques","embeddable":true,"href":"https:\/\/dibosch.com\/es\/wp-json\/wp\/v2\/caracteristiques?post=12238"},{"taxonomy":"tipus-productes","embeddable":true,"href":"https:\/\/dibosch.com\/es\/wp-json\/wp\/v2\/tipus-productes?post=12238"},{"taxonomy":"zona-aplicacio","embeddable":true,"href":"https:\/\/dibosch.com\/es\/wp-json\/wp\/v2\/zona-aplicacio?post=12238"},{"taxonomy":"tipus-maquinaria","embeddable":true,"href":"https:\/\/dibosch.com\/es\/wp-json\/wp\/v2\/tipus-maquinaria?post=12238"}],"curies":[{"name":"wp","href":"https:\/\/api.w.org\/{rel}","templated":true}]}}