{"id":12280,"date":"2022-12-07T10:38:03","date_gmt":"2022-12-07T10:38:03","guid":{"rendered":"https:\/\/www.dibosch.com\/producto\/disolcido-sc-bp25\/"},"modified":"2024-03-26T16:05:15","modified_gmt":"2024-03-26T16:05:15","slug":"disuelto-sc-bp25","status":"publish","type":"product","link":"https:\/\/dibosch.com\/es\/producto\/disuelto-sc-bp25\/","title":{"rendered":"DISOLCIT SC BP25 &#8211; PAHES LIMPER"},"content":{"rendered":"<p><strong>Caracter\u00edsticas del producto:<\/strong><\/p>\n<p>DISOLCIT SC es un producto especialmente formulado para la eliminaci\u00f3n de manchas dif\u00edciles en la ropa blanca y de color producidas por vaselina, aceites, grasas, etc. puede utilizarse en el lavado de todo tipo de tejidos, tanto en ropa blanca como de color; adem\u00e1s, a\u00f1adi\u00e9ndolo en cada lavado, puede reducirse la dosis habitual del producto detergente utilizado. Se recomienda seguir cuidadosamente las instrucciones de lavado de la prenda.<\/p>\n<p>&nbsp;<\/p>\n<p><strong>Manual de uso:<\/strong><\/p>\n<p>Quitamanchas: Antes del lavado aplicar directamente sobre la mancha a eliminar, dejar actuar unos minutos para un buena humectaci\u00f3n, e introducir la prenda en la lavadora.<\/p>\n<p>Reforzante: se puede utilizar en ba\u00f1os de humectaci\u00f3n o en el prelavado con dosis de 6 a 12 g\/Kg de ropa (manteles, monos de mec\u00e1nicos, etc), o en el Lavado junto con el detergente habitual a una dosis de entre 2 a 10g\/Kg<\/p>\n<p>&nbsp;<\/p>\n<p><strong>Indicado para:<\/strong><\/p>\n<p>Es adecuado para el lavado en todo tipo de aguas, tanto blandas como duras. Es activo en un muy amplio margen de temperaturas. A las dosis y condiciones de uso recomendadas, produce muy poca espuma.<\/p>\n","protected":false},"excerpt":{"rendered":"<p>Aditivo humectante y desengrasante de baja espuma para el lavado de ropa.<\/p>\n","protected":false},"featured_media":21141,"comment_status":"closed","ping_status":"closed","template":"","meta":[],"product_brand":[],"product_cat":[711,690,689],"product_tag":[],"marcas":[],"certificats":[],"caracteristiques":[939],"tipus-productes":[],"zona-aplicacio":[],"tipus-maquinaria":[],"class_list":{"0":"post-12280","1":"product","2":"type-product","3":"status-publish","4":"has-post-thumbnail","6":"product_cat-aditivos","7":"product_cat-especificos-para-lavanderia","8":"product_cat-productos-de-limpieza","9":"caracteristiques-concentrados-es","11":"first","12":"instock","13":"product-type-simple"},"_links":{"self":[{"href":"https:\/\/dibosch.com\/es\/wp-json\/wp\/v2\/product\/12280","targetHints":{"allow":["GET"]}}],"collection":[{"href":"https:\/\/dibosch.com\/es\/wp-json\/wp\/v2\/product"}],"about":[{"href":"https:\/\/dibosch.com\/es\/wp-json\/wp\/v2\/types\/product"}],"replies":[{"embeddable":true,"href":"https:\/\/dibosch.com\/es\/wp-json\/wp\/v2\/comments?post=12280"}],"wp:featuredmedia":[{"embeddable":true,"href":"https:\/\/dibosch.com\/es\/wp-json\/wp\/v2\/media\/21141"}],"wp:attachment":[{"href":"https:\/\/dibosch.com\/es\/wp-json\/wp\/v2\/media?parent=12280"}],"wp:term":[{"taxonomy":"product_brand","embeddable":true,"href":"https:\/\/dibosch.com\/es\/wp-json\/wp\/v2\/product_brand?post=12280"},{"taxonomy":"product_cat","embeddable":true,"href":"https:\/\/dibosch.com\/es\/wp-json\/wp\/v2\/product_cat?post=12280"},{"taxonomy":"product_tag","embeddable":true,"href":"https:\/\/dibosch.com\/es\/wp-json\/wp\/v2\/product_tag?post=12280"},{"taxonomy":"marcas","embeddable":true,"href":"https:\/\/dibosch.com\/es\/wp-json\/wp\/v2\/marcas?post=12280"},{"taxonomy":"certificats","embeddable":true,"href":"https:\/\/dibosch.com\/es\/wp-json\/wp\/v2\/certificats?post=12280"},{"taxonomy":"caracteristiques","embeddable":true,"href":"https:\/\/dibosch.com\/es\/wp-json\/wp\/v2\/caracteristiques?post=12280"},{"taxonomy":"tipus-productes","embeddable":true,"href":"https:\/\/dibosch.com\/es\/wp-json\/wp\/v2\/tipus-productes?post=12280"},{"taxonomy":"zona-aplicacio","embeddable":true,"href":"https:\/\/dibosch.com\/es\/wp-json\/wp\/v2\/zona-aplicacio?post=12280"},{"taxonomy":"tipus-maquinaria","embeddable":true,"href":"https:\/\/dibosch.com\/es\/wp-json\/wp\/v2\/tipus-maquinaria?post=12280"}],"curies":[{"name":"wp","href":"https:\/\/api.w.org\/{rel}","templated":true}]}}