{"id":12291,"date":"2022-12-07T10:38:09","date_gmt":"2022-12-07T10:38:09","guid":{"rendered":"https:\/\/www.dibosch.com\/producto\/contenedor-70-lit-con-desagua-00005780\/"},"modified":"2024-03-26T16:05:18","modified_gmt":"2024-03-26T16:05:18","slug":"contenedor-70-lit-con-desagua-00005780","status":"publish","type":"product","link":"https:\/\/dibosch.com\/es\/producto\/contenedor-70-lit-con-desagua-00005780\/","title":{"rendered":"CONTENEDOR 70 LIT CON DESAG\u00dcE &#8211; 00005780 &#8211; TTS"},"content":{"rendered":"<p><strong>Caracter\u00edsticas del producto:<\/strong><\/p>\n<p>Contenedor completo de 2 ruedas de \u00f8 100 mm y asa abatible, con tap\u00f3n de desag\u00fce para una f\u00e1cil limpieza<\/p>\n<p>Contenedor con tap\u00f3n de desag\u00fce que garantice una f\u00e1cil limpieza<\/p>\n<p>Ideal para residuos org\u00e1nicos<\/p>\n<p>Compacto: la altura de 71 cm permite utilizarlo debajo de las mesas de trabajo de las cocinas<\/p>\n<p>Mantenimiento f\u00e1cil: las superficies lisas y la ausencia de cavidades facilitan la limpieza y garantizan un alto nivel de higiene<\/p>\n","protected":false},"excerpt":{"rendered":"<p>Contenedor completo de 2 ruedas de \u00f8 100 mm y asa abatible, con tap\u00f3n de desag\u00fce para una f\u00e1cil limpieza<\/p>\n","protected":false},"featured_media":20338,"comment_status":"closed","ping_status":"closed","template":"","meta":[],"product_brand":[],"product_cat":[735,723,684],"product_tag":[],"marcas":[917],"certificats":[],"caracteristiques":[],"tipus-productes":[],"zona-aplicacio":[],"tipus-maquinaria":[],"class_list":{"0":"post-12291","1":"product","2":"type-product","3":"status-publish","4":"has-post-thumbnail","6":"product_cat-contenedores-50l","7":"product_cat-gestion-de-residuos","8":"product_cat-utiles-de-limpieza","9":"marcas-tts-es","11":"first","12":"instock","13":"product-type-simple"},"_links":{"self":[{"href":"https:\/\/dibosch.com\/es\/wp-json\/wp\/v2\/product\/12291","targetHints":{"allow":["GET"]}}],"collection":[{"href":"https:\/\/dibosch.com\/es\/wp-json\/wp\/v2\/product"}],"about":[{"href":"https:\/\/dibosch.com\/es\/wp-json\/wp\/v2\/types\/product"}],"replies":[{"embeddable":true,"href":"https:\/\/dibosch.com\/es\/wp-json\/wp\/v2\/comments?post=12291"}],"wp:featuredmedia":[{"embeddable":true,"href":"https:\/\/dibosch.com\/es\/wp-json\/wp\/v2\/media\/20338"}],"wp:attachment":[{"href":"https:\/\/dibosch.com\/es\/wp-json\/wp\/v2\/media?parent=12291"}],"wp:term":[{"taxonomy":"product_brand","embeddable":true,"href":"https:\/\/dibosch.com\/es\/wp-json\/wp\/v2\/product_brand?post=12291"},{"taxonomy":"product_cat","embeddable":true,"href":"https:\/\/dibosch.com\/es\/wp-json\/wp\/v2\/product_cat?post=12291"},{"taxonomy":"product_tag","embeddable":true,"href":"https:\/\/dibosch.com\/es\/wp-json\/wp\/v2\/product_tag?post=12291"},{"taxonomy":"marcas","embeddable":true,"href":"https:\/\/dibosch.com\/es\/wp-json\/wp\/v2\/marcas?post=12291"},{"taxonomy":"certificats","embeddable":true,"href":"https:\/\/dibosch.com\/es\/wp-json\/wp\/v2\/certificats?post=12291"},{"taxonomy":"caracteristiques","embeddable":true,"href":"https:\/\/dibosch.com\/es\/wp-json\/wp\/v2\/caracteristiques?post=12291"},{"taxonomy":"tipus-productes","embeddable":true,"href":"https:\/\/dibosch.com\/es\/wp-json\/wp\/v2\/tipus-productes?post=12291"},{"taxonomy":"zona-aplicacio","embeddable":true,"href":"https:\/\/dibosch.com\/es\/wp-json\/wp\/v2\/zona-aplicacio?post=12291"},{"taxonomy":"tipus-maquinaria","embeddable":true,"href":"https:\/\/dibosch.com\/es\/wp-json\/wp\/v2\/tipus-maquinaria?post=12291"}],"curies":[{"name":"wp","href":"https:\/\/api.w.org\/{rel}","templated":true}]}}