{"id":12297,"date":"2022-12-07T10:38:19","date_gmt":"2022-12-07T10:38:19","guid":{"rendered":"https:\/\/www.dibosch.com\/producto\/m-maquina-inyeccion-extraccion-p-25\/"},"modified":"2024-03-26T16:05:19","modified_gmt":"2024-03-26T16:05:19","slug":"m-maquina-inyeccion-extraccion-p-25","status":"publish","type":"product","link":"https:\/\/dibosch.com\/es\/producto\/m-maquina-inyeccion-extraccion-p-25\/","title":{"rendered":"M- M\u00c1QUINA INYECCI\u00d3N-EXTRACCI\u00d3N P-25 &#8211; COMAC"},"content":{"rendered":"<p>Aspiradora con bomba de inyecci\u00f3n de l\u00edquido. Especial para limpieza de tejidos. Dep\u00f3sito reguera: de 25 l<\/p>\n","protected":false},"excerpt":{"rendered":"<p>Aspiradora con bomba de inyecci\u00f3n de liquido. Especial para la limpieza de tejidos. Dep\u00f3sito riego: de 25 l<\/p>\n","protected":false},"featured_media":25058,"comment_status":"closed","ping_status":"closed","template":"","meta":[],"product_brand":[],"product_cat":[1323,779,577],"product_tag":[],"marcas":[916],"certificats":[],"caracteristiques":[],"tipus-productes":[],"zona-aplicacio":[952],"tipus-maquinaria":[],"class_list":{"0":"post-12297","1":"product","2":"type-product","3":"status-publish","4":"has-post-thumbnail","6":"product_cat-aspiradores-herramientas","7":"product_cat-inyeccion-extraccion","8":"product_cat-maquinas","9":"marcas-comac-es","10":"zona-aplicacio-moqueta-y-tejidos","12":"first","13":"instock","14":"product-type-simple"},"_links":{"self":[{"href":"https:\/\/dibosch.com\/es\/wp-json\/wp\/v2\/product\/12297","targetHints":{"allow":["GET"]}}],"collection":[{"href":"https:\/\/dibosch.com\/es\/wp-json\/wp\/v2\/product"}],"about":[{"href":"https:\/\/dibosch.com\/es\/wp-json\/wp\/v2\/types\/product"}],"replies":[{"embeddable":true,"href":"https:\/\/dibosch.com\/es\/wp-json\/wp\/v2\/comments?post=12297"}],"wp:featuredmedia":[{"embeddable":true,"href":"https:\/\/dibosch.com\/es\/wp-json\/wp\/v2\/media\/25058"}],"wp:attachment":[{"href":"https:\/\/dibosch.com\/es\/wp-json\/wp\/v2\/media?parent=12297"}],"wp:term":[{"taxonomy":"product_brand","embeddable":true,"href":"https:\/\/dibosch.com\/es\/wp-json\/wp\/v2\/product_brand?post=12297"},{"taxonomy":"product_cat","embeddable":true,"href":"https:\/\/dibosch.com\/es\/wp-json\/wp\/v2\/product_cat?post=12297"},{"taxonomy":"product_tag","embeddable":true,"href":"https:\/\/dibosch.com\/es\/wp-json\/wp\/v2\/product_tag?post=12297"},{"taxonomy":"marcas","embeddable":true,"href":"https:\/\/dibosch.com\/es\/wp-json\/wp\/v2\/marcas?post=12297"},{"taxonomy":"certificats","embeddable":true,"href":"https:\/\/dibosch.com\/es\/wp-json\/wp\/v2\/certificats?post=12297"},{"taxonomy":"caracteristiques","embeddable":true,"href":"https:\/\/dibosch.com\/es\/wp-json\/wp\/v2\/caracteristiques?post=12297"},{"taxonomy":"tipus-productes","embeddable":true,"href":"https:\/\/dibosch.com\/es\/wp-json\/wp\/v2\/tipus-productes?post=12297"},{"taxonomy":"zona-aplicacio","embeddable":true,"href":"https:\/\/dibosch.com\/es\/wp-json\/wp\/v2\/zona-aplicacio?post=12297"},{"taxonomy":"tipus-maquinaria","embeddable":true,"href":"https:\/\/dibosch.com\/es\/wp-json\/wp\/v2\/tipus-maquinaria?post=12297"}],"curies":[{"name":"wp","href":"https:\/\/api.w.org\/{rel}","templated":true}]}}