{"id":12306,"date":"2022-12-07T10:38:46","date_gmt":"2022-12-07T10:38:46","guid":{"rendered":"https:\/\/www.dibosch.com\/producto\/m-pistola-smt-sanex\/"},"modified":"2024-03-26T16:05:21","modified_gmt":"2024-03-26T16:05:21","slug":"m-pistola-smt-sanex","status":"publish","type":"product","link":"https:\/\/dibosch.com\/es\/producto\/m-pistola-smt-sanex\/","title":{"rendered":"M- PISTOLA SMT SANEX &#8211; COMAC"},"content":{"rendered":"<p>Sanex es un peque\u00f1o equipo de desinfecci\u00f3n con compresor ideal para la nebulizaci\u00f3n de productos desinfectantes en entornos peque\u00f1os y medios.<\/p>\n","protected":false},"excerpt":{"rendered":"<p>Sanex es un peque\u00f1o equipo de desinfecci\u00f3n con compresor ideal para la nebulizaci\u00f3n de productos desinfectantes en entornos peque\u00f1os y medios.<\/p>\n","protected":false},"featured_media":0,"comment_status":"closed","ping_status":"closed","template":"","meta":[],"product_brand":[],"product_cat":[577,722],"product_tag":[],"marcas":[],"certificats":[],"caracteristiques":[],"tipus-productes":[],"zona-aplicacio":[],"tipus-maquinaria":[],"class_list":{"0":"post-12306","1":"product","2":"type-product","3":"status-publish","5":"product_cat-maquinas","6":"product_cat-maquinas-especificas-de-limpieza","8":"first","9":"instock","10":"product-type-simple"},"_links":{"self":[{"href":"https:\/\/dibosch.com\/es\/wp-json\/wp\/v2\/product\/12306","targetHints":{"allow":["GET"]}}],"collection":[{"href":"https:\/\/dibosch.com\/es\/wp-json\/wp\/v2\/product"}],"about":[{"href":"https:\/\/dibosch.com\/es\/wp-json\/wp\/v2\/types\/product"}],"replies":[{"embeddable":true,"href":"https:\/\/dibosch.com\/es\/wp-json\/wp\/v2\/comments?post=12306"}],"wp:attachment":[{"href":"https:\/\/dibosch.com\/es\/wp-json\/wp\/v2\/media?parent=12306"}],"wp:term":[{"taxonomy":"product_brand","embeddable":true,"href":"https:\/\/dibosch.com\/es\/wp-json\/wp\/v2\/product_brand?post=12306"},{"taxonomy":"product_cat","embeddable":true,"href":"https:\/\/dibosch.com\/es\/wp-json\/wp\/v2\/product_cat?post=12306"},{"taxonomy":"product_tag","embeddable":true,"href":"https:\/\/dibosch.com\/es\/wp-json\/wp\/v2\/product_tag?post=12306"},{"taxonomy":"marcas","embeddable":true,"href":"https:\/\/dibosch.com\/es\/wp-json\/wp\/v2\/marcas?post=12306"},{"taxonomy":"certificats","embeddable":true,"href":"https:\/\/dibosch.com\/es\/wp-json\/wp\/v2\/certificats?post=12306"},{"taxonomy":"caracteristiques","embeddable":true,"href":"https:\/\/dibosch.com\/es\/wp-json\/wp\/v2\/caracteristiques?post=12306"},{"taxonomy":"tipus-productes","embeddable":true,"href":"https:\/\/dibosch.com\/es\/wp-json\/wp\/v2\/tipus-productes?post=12306"},{"taxonomy":"zona-aplicacio","embeddable":true,"href":"https:\/\/dibosch.com\/es\/wp-json\/wp\/v2\/zona-aplicacio?post=12306"},{"taxonomy":"tipus-maquinaria","embeddable":true,"href":"https:\/\/dibosch.com\/es\/wp-json\/wp\/v2\/tipus-maquinaria?post=12306"}],"curies":[{"name":"wp","href":"https:\/\/api.w.org\/{rel}","templated":true}]}}