{"id":12339,"date":"2022-12-07T10:39:00","date_gmt":"2022-12-07T10:39:00","guid":{"rendered":"https:\/\/www.dibosch.com\/producto\/toa-man-2c-azul-ecolabelo-dibpaper-x1500-35x21\/"},"modified":"2024-03-26T16:05:29","modified_gmt":"2024-03-26T16:05:29","slug":"toa-man-2c-azul-ecolabel-dibpaper-x1500-35x21","status":"publish","type":"product","link":"https:\/\/dibosch.com\/es\/producto\/toa-man-2c-azul-ecolabel-dibpaper-x1500-35x21\/","title":{"rendered":"TOA MAN 2C AZUL ECOLABELO DIBPAPER (x1500) 35&#215;21 &#8211; JABIPACK"},"content":{"rendered":"<p>Toalla seca-manos de celulosa azul, 2 capas, plegada en W<\/p>\n<ul>\n<li>15 paquetes x 100 unidades<\/li>\n<li>Celulosa micro-gofrada<\/li>\n<li>Gran capacidad de absorci\u00f3n, secado de manos r\u00e1pido y eficaz. Ideal para aseos, ba\u00f1os y zonas de lavado de manos<\/li>\n<li>Certificado ecol\u00f3gico ECOLABEL<\/li>\n<li>M\u00e1xima suavidad y resistencia<\/li>\n<\/ul>\n","protected":false},"excerpt":{"rendered":"<p>Toallita \u00abW\u00bb azul 2C micro-gofrada. Laminado en seco. Ecolabel.<\/p>\n","protected":false},"featured_media":21428,"comment_status":"closed","ping_status":"closed","template":"","meta":[],"product_brand":[],"product_cat":[737,743],"product_tag":[],"marcas":[],"certificats":[],"caracteristiques":[],"tipus-productes":[],"zona-aplicacio":[],"tipus-maquinaria":[],"class_list":{"0":"post-12339","1":"product","2":"type-product","3":"status-publish","4":"has-post-thumbnail","6":"product_cat-celulosa","7":"product_cat-toallitas","9":"first","10":"instock","11":"product-type-simple"},"_links":{"self":[{"href":"https:\/\/dibosch.com\/es\/wp-json\/wp\/v2\/product\/12339","targetHints":{"allow":["GET"]}}],"collection":[{"href":"https:\/\/dibosch.com\/es\/wp-json\/wp\/v2\/product"}],"about":[{"href":"https:\/\/dibosch.com\/es\/wp-json\/wp\/v2\/types\/product"}],"replies":[{"embeddable":true,"href":"https:\/\/dibosch.com\/es\/wp-json\/wp\/v2\/comments?post=12339"}],"wp:featuredmedia":[{"embeddable":true,"href":"https:\/\/dibosch.com\/es\/wp-json\/wp\/v2\/media\/21428"}],"wp:attachment":[{"href":"https:\/\/dibosch.com\/es\/wp-json\/wp\/v2\/media?parent=12339"}],"wp:term":[{"taxonomy":"product_brand","embeddable":true,"href":"https:\/\/dibosch.com\/es\/wp-json\/wp\/v2\/product_brand?post=12339"},{"taxonomy":"product_cat","embeddable":true,"href":"https:\/\/dibosch.com\/es\/wp-json\/wp\/v2\/product_cat?post=12339"},{"taxonomy":"product_tag","embeddable":true,"href":"https:\/\/dibosch.com\/es\/wp-json\/wp\/v2\/product_tag?post=12339"},{"taxonomy":"marcas","embeddable":true,"href":"https:\/\/dibosch.com\/es\/wp-json\/wp\/v2\/marcas?post=12339"},{"taxonomy":"certificats","embeddable":true,"href":"https:\/\/dibosch.com\/es\/wp-json\/wp\/v2\/certificats?post=12339"},{"taxonomy":"caracteristiques","embeddable":true,"href":"https:\/\/dibosch.com\/es\/wp-json\/wp\/v2\/caracteristiques?post=12339"},{"taxonomy":"tipus-productes","embeddable":true,"href":"https:\/\/dibosch.com\/es\/wp-json\/wp\/v2\/tipus-productes?post=12339"},{"taxonomy":"zona-aplicacio","embeddable":true,"href":"https:\/\/dibosch.com\/es\/wp-json\/wp\/v2\/zona-aplicacio?post=12339"},{"taxonomy":"tipus-maquinaria","embeddable":true,"href":"https:\/\/dibosch.com\/es\/wp-json\/wp\/v2\/tipus-maquinaria?post=12339"}],"curies":[{"name":"wp","href":"https:\/\/api.w.org\/{rel}","templated":true}]}}