{"id":12342,"date":"2022-12-07T10:39:10","date_gmt":"2022-12-07T10:39:10","guid":{"rendered":"https:\/\/www.dibosch.com\/producto\/m-pistola-sanifyer\/"},"modified":"2024-03-26T16:05:29","modified_gmt":"2024-03-26T16:05:29","slug":"m-pistola-sanifyer","status":"publish","type":"product","link":"https:\/\/dibosch.com\/es\/producto\/m-pistola-sanifyer\/","title":{"rendered":"M- PISTOLA SANIFYER"},"content":{"rendered":"<p>Permite aplicar l\u00edquido desinfectante sin mojar las superficies. As\u00ed, no es necesario secar ni aclarar las superficies despu\u00e9s de su aplicaci\u00f3n, ahorrando mucho tiempo en el proceso de aplicaci\u00f3n.<\/p>\n","protected":false},"excerpt":{"rendered":"<p>Permite aplicar l\u00edquido desinfectante sin mojar las superficies. As\u00ed, no es necesario secar ni aclarar las superficies despu\u00e9s de su aplicaci\u00f3n, ahorrando mucho tiempo en el proceso de aplicaci\u00f3n.<\/p>\n","protected":false},"featured_media":17357,"comment_status":"closed","ping_status":"closed","template":"","meta":[],"product_brand":[],"product_cat":[663],"product_tag":[],"marcas":[],"certificats":[],"caracteristiques":[],"tipus-productes":[],"zona-aplicacio":[],"tipus-maquinaria":[],"class_list":{"0":"post-12342","1":"product","2":"type-product","3":"status-publish","4":"has-post-thumbnail","6":"product_cat-accesorios-aspirador-profesional","8":"first","9":"instock","10":"product-type-simple"},"_links":{"self":[{"href":"https:\/\/dibosch.com\/es\/wp-json\/wp\/v2\/product\/12342","targetHints":{"allow":["GET"]}}],"collection":[{"href":"https:\/\/dibosch.com\/es\/wp-json\/wp\/v2\/product"}],"about":[{"href":"https:\/\/dibosch.com\/es\/wp-json\/wp\/v2\/types\/product"}],"replies":[{"embeddable":true,"href":"https:\/\/dibosch.com\/es\/wp-json\/wp\/v2\/comments?post=12342"}],"wp:featuredmedia":[{"embeddable":true,"href":"https:\/\/dibosch.com\/es\/wp-json\/wp\/v2\/media\/17357"}],"wp:attachment":[{"href":"https:\/\/dibosch.com\/es\/wp-json\/wp\/v2\/media?parent=12342"}],"wp:term":[{"taxonomy":"product_brand","embeddable":true,"href":"https:\/\/dibosch.com\/es\/wp-json\/wp\/v2\/product_brand?post=12342"},{"taxonomy":"product_cat","embeddable":true,"href":"https:\/\/dibosch.com\/es\/wp-json\/wp\/v2\/product_cat?post=12342"},{"taxonomy":"product_tag","embeddable":true,"href":"https:\/\/dibosch.com\/es\/wp-json\/wp\/v2\/product_tag?post=12342"},{"taxonomy":"marcas","embeddable":true,"href":"https:\/\/dibosch.com\/es\/wp-json\/wp\/v2\/marcas?post=12342"},{"taxonomy":"certificats","embeddable":true,"href":"https:\/\/dibosch.com\/es\/wp-json\/wp\/v2\/certificats?post=12342"},{"taxonomy":"caracteristiques","embeddable":true,"href":"https:\/\/dibosch.com\/es\/wp-json\/wp\/v2\/caracteristiques?post=12342"},{"taxonomy":"tipus-productes","embeddable":true,"href":"https:\/\/dibosch.com\/es\/wp-json\/wp\/v2\/tipus-productes?post=12342"},{"taxonomy":"zona-aplicacio","embeddable":true,"href":"https:\/\/dibosch.com\/es\/wp-json\/wp\/v2\/zona-aplicacio?post=12342"},{"taxonomy":"tipus-maquinaria","embeddable":true,"href":"https:\/\/dibosch.com\/es\/wp-json\/wp\/v2\/tipus-maquinaria?post=12342"}],"curies":[{"name":"wp","href":"https:\/\/api.w.org\/{rel}","templated":true}]}}