{"id":12345,"date":"2022-12-07T10:39:16","date_gmt":"2022-12-07T10:39:16","guid":{"rendered":"https:\/\/www.dibosch.com\/producto\/fd-bruspray-acid-bp20\/"},"modified":"2024-03-26T16:05:30","modified_gmt":"2024-03-26T16:05:30","slug":"fd-bruspray-acid-bp20","status":"publish","type":"product","link":"https:\/\/dibosch.com\/es\/producto\/fd-bruspray-acid-bp20\/","title":{"rendered":"FD- BRUSPRAY ACID BP20 &#8211; DIVERSEY"},"content":{"rendered":"<p><strong>Caracter\u00edsticas del producto:<\/strong><\/p>\n<p>Detergente \u00e1cido desincrustante para suciedades dif\u00edciles con propiedades antiespumantes.<\/p>\n<p>Bruspray Acid es un detergente l\u00edquido en base \u00e1cido fosf\u00f3rico, con propiedades antiespumantes para suciedades dif\u00edciles, adecuado para su uso en un amplio rango de procesos en todo tipo de aplicaciones en la Industria Alimentaria y de Bebidas.<\/p>\n<p>&nbsp;<\/p>\n<p><strong>Manual de uso:<\/strong><\/p>\n<p>Bruspray Acid se usa normalmente a una concentraci\u00f3n de 1-3% p\/p (0,7-2,1% v\/v) dependiendo del nivel de suciedad.<\/p>\n<p>Las soluciones que contengan Bruspray Acid deben aclararse abundantemente tras su uso para eliminarlas de las superficies en contacto con alimentos y bebidas<\/p>\n","protected":false},"excerpt":{"rendered":"<p>Soluci\u00f3n \u00e1cida l\u00edquida espumosa de \u00e1cido fosf\u00f3rico<\/p>\n","protected":false},"featured_media":21268,"comment_status":"closed","ping_status":"closed","template":"","meta":[],"product_brand":[],"product_cat":[748,715,689],"product_tag":[],"marcas":[],"certificats":[],"caracteristiques":[],"tipus-productes":[],"zona-aplicacio":[],"tipus-maquinaria":[],"class_list":{"0":"post-12345","1":"product","2":"type-product","3":"status-publish","4":"has-post-thumbnail","6":"product_cat-acidos-no-espumante-cip","7":"product_cat-especificos-para-industria-alimentaria","8":"product_cat-productos-de-limpieza","10":"first","11":"instock","12":"product-type-simple"},"_links":{"self":[{"href":"https:\/\/dibosch.com\/es\/wp-json\/wp\/v2\/product\/12345","targetHints":{"allow":["GET"]}}],"collection":[{"href":"https:\/\/dibosch.com\/es\/wp-json\/wp\/v2\/product"}],"about":[{"href":"https:\/\/dibosch.com\/es\/wp-json\/wp\/v2\/types\/product"}],"replies":[{"embeddable":true,"href":"https:\/\/dibosch.com\/es\/wp-json\/wp\/v2\/comments?post=12345"}],"wp:featuredmedia":[{"embeddable":true,"href":"https:\/\/dibosch.com\/es\/wp-json\/wp\/v2\/media\/21268"}],"wp:attachment":[{"href":"https:\/\/dibosch.com\/es\/wp-json\/wp\/v2\/media?parent=12345"}],"wp:term":[{"taxonomy":"product_brand","embeddable":true,"href":"https:\/\/dibosch.com\/es\/wp-json\/wp\/v2\/product_brand?post=12345"},{"taxonomy":"product_cat","embeddable":true,"href":"https:\/\/dibosch.com\/es\/wp-json\/wp\/v2\/product_cat?post=12345"},{"taxonomy":"product_tag","embeddable":true,"href":"https:\/\/dibosch.com\/es\/wp-json\/wp\/v2\/product_tag?post=12345"},{"taxonomy":"marcas","embeddable":true,"href":"https:\/\/dibosch.com\/es\/wp-json\/wp\/v2\/marcas?post=12345"},{"taxonomy":"certificats","embeddable":true,"href":"https:\/\/dibosch.com\/es\/wp-json\/wp\/v2\/certificats?post=12345"},{"taxonomy":"caracteristiques","embeddable":true,"href":"https:\/\/dibosch.com\/es\/wp-json\/wp\/v2\/caracteristiques?post=12345"},{"taxonomy":"tipus-productes","embeddable":true,"href":"https:\/\/dibosch.com\/es\/wp-json\/wp\/v2\/tipus-productes?post=12345"},{"taxonomy":"zona-aplicacio","embeddable":true,"href":"https:\/\/dibosch.com\/es\/wp-json\/wp\/v2\/zona-aplicacio?post=12345"},{"taxonomy":"tipus-maquinaria","embeddable":true,"href":"https:\/\/dibosch.com\/es\/wp-json\/wp\/v2\/tipus-maquinaria?post=12345"}],"curies":[{"name":"wp","href":"https:\/\/api.w.org\/{rel}","templated":true}]}}