{"id":12352,"date":"2022-12-07T10:39:21","date_gmt":"2022-12-07T10:39:21","guid":{"rendered":"https:\/\/www.dibosch.com\/producto\/m-rotativa-c43-erg\/"},"modified":"2024-03-26T16:05:32","modified_gmt":"2024-03-26T16:05:32","slug":"m-rotativa-c43-erg","status":"publish","type":"product","link":"https:\/\/dibosch.com\/es\/producto\/m-rotativa-c43-erg\/","title":{"rendered":"M- ROTATIVA C43 ERG"},"content":{"rendered":"<p>M\u00e1quina de moderna concepci\u00f3n, robusta, fiable y de f\u00e1cil utilizaci\u00f3n.<\/p>\n<p>La empu\u00f1adura est\u00e1 equipada de un sistema de doble seguridad de arranque, es ergon\u00f3mica en PVC.<\/p>\n<p>Lleva ruedas con di\u00e1metro de 140mm.<\/p>\n","protected":false},"excerpt":{"rendered":"<p>M\u00e1quina de moderna concepci\u00f3n, robusta, fiable y de f\u00e1cil utilizaci\u00f3n. La empu\u00f1adura est\u00e1 equipada de un sistema de doble seguridad de arranque, es ergon\u00f3mica en PVC. Lleva ruedas con di\u00e1metro de 140mm.<\/p>\n","protected":false},"featured_media":24814,"comment_status":"closed","ping_status":"closed","template":"","meta":[],"product_brand":[],"product_cat":[577,778],"product_tag":[],"marcas":[],"certificats":[],"caracteristiques":[],"tipus-productes":[],"zona-aplicacio":[],"tipus-maquinaria":[],"class_list":{"0":"post-12352","1":"product","2":"type-product","3":"status-publish","4":"has-post-thumbnail","6":"product_cat-maquinas","7":"product_cat-rotativas","9":"first","10":"instock","11":"product-type-simple"},"_links":{"self":[{"href":"https:\/\/dibosch.com\/es\/wp-json\/wp\/v2\/product\/12352","targetHints":{"allow":["GET"]}}],"collection":[{"href":"https:\/\/dibosch.com\/es\/wp-json\/wp\/v2\/product"}],"about":[{"href":"https:\/\/dibosch.com\/es\/wp-json\/wp\/v2\/types\/product"}],"replies":[{"embeddable":true,"href":"https:\/\/dibosch.com\/es\/wp-json\/wp\/v2\/comments?post=12352"}],"wp:featuredmedia":[{"embeddable":true,"href":"https:\/\/dibosch.com\/es\/wp-json\/wp\/v2\/media\/24814"}],"wp:attachment":[{"href":"https:\/\/dibosch.com\/es\/wp-json\/wp\/v2\/media?parent=12352"}],"wp:term":[{"taxonomy":"product_brand","embeddable":true,"href":"https:\/\/dibosch.com\/es\/wp-json\/wp\/v2\/product_brand?post=12352"},{"taxonomy":"product_cat","embeddable":true,"href":"https:\/\/dibosch.com\/es\/wp-json\/wp\/v2\/product_cat?post=12352"},{"taxonomy":"product_tag","embeddable":true,"href":"https:\/\/dibosch.com\/es\/wp-json\/wp\/v2\/product_tag?post=12352"},{"taxonomy":"marcas","embeddable":true,"href":"https:\/\/dibosch.com\/es\/wp-json\/wp\/v2\/marcas?post=12352"},{"taxonomy":"certificats","embeddable":true,"href":"https:\/\/dibosch.com\/es\/wp-json\/wp\/v2\/certificats?post=12352"},{"taxonomy":"caracteristiques","embeddable":true,"href":"https:\/\/dibosch.com\/es\/wp-json\/wp\/v2\/caracteristiques?post=12352"},{"taxonomy":"tipus-productes","embeddable":true,"href":"https:\/\/dibosch.com\/es\/wp-json\/wp\/v2\/tipus-productes?post=12352"},{"taxonomy":"zona-aplicacio","embeddable":true,"href":"https:\/\/dibosch.com\/es\/wp-json\/wp\/v2\/zona-aplicacio?post=12352"},{"taxonomy":"tipus-maquinaria","embeddable":true,"href":"https:\/\/dibosch.com\/es\/wp-json\/wp\/v2\/tipus-maquinaria?post=12352"}],"curies":[{"name":"wp","href":"https:\/\/api.w.org\/{rel}","templated":true}]}}