{"id":12367,"date":"2022-12-07T10:39:26","date_gmt":"2022-12-07T10:39:26","guid":{"rendered":"https:\/\/www.dibosch.com\/producto\/unix-bp5\/"},"modified":"2024-03-26T16:05:36","modified_gmt":"2024-03-26T16:05:36","slug":"unix-bp5","status":"publish","type":"product","link":"https:\/\/dibosch.com\/es\/producto\/unix-bp5\/","title":{"rendered":"UNIX BP5 &#8211; SUCITESA"},"content":{"rendered":"<p><strong>Caracter\u00edsticas del producto:<\/strong><\/p>\n<p>Elimina la suciedad y las marcas de huellas. Protege el pavimento y restaura el brillo. Facilita la eliminaci\u00f3n de chicles y adhesivos. No resbala ni marca pisadas. Forma una pel\u00edcula invisible que protege la superficie. Retrasa la aparici\u00f3n de suciedad. Su f\u00f3rmula favorece la disminuci\u00f3n de la carga electrost\u00e1tica de los pavimentos.<\/p>\n<p>&nbsp;<\/p>\n<p><strong>Modo de empleo:<\/strong><\/p>\n<p>USO CON M\u00c1QUINA:. Dosificar 5-20 ml\/l de producto en el dep\u00f3sito del agua limpia. Proceder del modo habitual.<\/p>\n<p>&nbsp;<\/p>\n<p><strong>Indicado para:<\/strong><\/p>\n<p>Suelos. PVC, caucho, terrazo, m\u00e1rmol, cer\u00e1mica, baldosas y similares.<\/p>\n","protected":false},"excerpt":{"rendered":"<p>Caracter\u00edsticas del producto: Elimina la suciedad y las marcas de huellas. Protege el pavimento y restaura el brillo. Facilita la eliminaci\u00f3n de chicles y adhesivos. No resbala ni marca pisadas. Forma una pel\u00edcula invisible que protege la superficie. Retrasa la aparici\u00f3n de suciedad. Su f\u00f3rmula favorece la disminuci\u00f3n de la carga electrost\u00e1tica de los pavimentos. [&hellip;]<\/p>\n","protected":false},"featured_media":26817,"comment_status":"closed","ping_status":"closed","template":"","meta":[],"product_brand":[],"product_cat":[785,689,694],"product_tag":[],"marcas":[922],"certificats":[],"caracteristiques":[],"tipus-productes":[],"zona-aplicacio":[948,946],"tipus-maquinaria":[],"class_list":{"0":"post-12367","1":"product","2":"type-product","3":"status-publish","4":"has-post-thumbnail","6":"product_cat-fregasuelos","7":"product_cat-productos-de-limpieza","8":"product_cat-quimicos","9":"marcas-sucitesa-es","10":"zona-aplicacio-zona-habitaciones","11":"zona-aplicacio-zonas-comunes","13":"first","14":"instock","15":"product-type-simple"},"_links":{"self":[{"href":"https:\/\/dibosch.com\/es\/wp-json\/wp\/v2\/product\/12367","targetHints":{"allow":["GET"]}}],"collection":[{"href":"https:\/\/dibosch.com\/es\/wp-json\/wp\/v2\/product"}],"about":[{"href":"https:\/\/dibosch.com\/es\/wp-json\/wp\/v2\/types\/product"}],"replies":[{"embeddable":true,"href":"https:\/\/dibosch.com\/es\/wp-json\/wp\/v2\/comments?post=12367"}],"wp:featuredmedia":[{"embeddable":true,"href":"https:\/\/dibosch.com\/es\/wp-json\/wp\/v2\/media\/26817"}],"wp:attachment":[{"href":"https:\/\/dibosch.com\/es\/wp-json\/wp\/v2\/media?parent=12367"}],"wp:term":[{"taxonomy":"product_brand","embeddable":true,"href":"https:\/\/dibosch.com\/es\/wp-json\/wp\/v2\/product_brand?post=12367"},{"taxonomy":"product_cat","embeddable":true,"href":"https:\/\/dibosch.com\/es\/wp-json\/wp\/v2\/product_cat?post=12367"},{"taxonomy":"product_tag","embeddable":true,"href":"https:\/\/dibosch.com\/es\/wp-json\/wp\/v2\/product_tag?post=12367"},{"taxonomy":"marcas","embeddable":true,"href":"https:\/\/dibosch.com\/es\/wp-json\/wp\/v2\/marcas?post=12367"},{"taxonomy":"certificats","embeddable":true,"href":"https:\/\/dibosch.com\/es\/wp-json\/wp\/v2\/certificats?post=12367"},{"taxonomy":"caracteristiques","embeddable":true,"href":"https:\/\/dibosch.com\/es\/wp-json\/wp\/v2\/caracteristiques?post=12367"},{"taxonomy":"tipus-productes","embeddable":true,"href":"https:\/\/dibosch.com\/es\/wp-json\/wp\/v2\/tipus-productes?post=12367"},{"taxonomy":"zona-aplicacio","embeddable":true,"href":"https:\/\/dibosch.com\/es\/wp-json\/wp\/v2\/zona-aplicacio?post=12367"},{"taxonomy":"tipus-maquinaria","embeddable":true,"href":"https:\/\/dibosch.com\/es\/wp-json\/wp\/v2\/tipus-maquinaria?post=12367"}],"curies":[{"name":"wp","href":"https:\/\/api.w.org\/{rel}","templated":true}]}}