{"id":12371,"date":"2022-12-07T10:39:44","date_gmt":"2022-12-07T10:39:44","guid":{"rendered":"https:\/\/www.dibosch.com\/producto\/carro-mini-magic-mm300b6a0000\/"},"modified":"2025-10-27T09:14:31","modified_gmt":"2025-10-27T09:14:31","slug":"carro-mini-magic-mm300b6a0000","status":"publish","type":"product","link":"https:\/\/dibosch.com\/es\/producto\/carro-mini-magic-mm300b6a0000\/","title":{"rendered":"CARRO MINI MAGIC &#8211; MM300B6A0000 &#8211; TTS"},"content":{"rendered":"<p><strong>Caracter\u00edsticas del producto:<\/strong><\/p>\n<p>&nbsp;<\/p>\n<p>Carro multiuso en polipropileno modular y con accesorios para responder a todas las necesidades de limpieza<\/p>\n<p>Ideal para limpiar entornos medianos y grandes que necesitan aclarar el recambio<\/p>\n<p>Higi\u00e9nico: los estantes de material pl\u00e1stico separan los m\u00f3dulos del carro evitando contaminaciones entre las zonas de fregado, almacenaje y recogida de residuos<\/p>\n<p>Robusto: el polipropileno, naturalmente inoxidable y el\u00e1stico, garantiza el rendimiento a prueba de golpes<\/p>\n<p>Modular: componentes y accesorios permiten personalizar el carro para cada necesidad, lo que facilita su actualizaci\u00f3n o reparaci\u00f3n en cualquier momento<\/p>\n","protected":false},"excerpt":{"rendered":"<p>Equipado con 2 cubos 4 lt, prensa Dry 2 cubos 15 lt<\/p>\n","protected":false},"featured_media":35085,"comment_status":"closed","ping_status":"closed","template":"","meta":[],"product_brand":[],"product_cat":[685,705,684],"product_tag":[],"marcas":[917],"certificats":[],"caracteristiques":[],"tipus-productes":[],"zona-aplicacio":[],"tipus-maquinaria":[],"class_list":{"0":"post-12371","1":"product","2":"type-product","3":"status-publish","4":"has-post-thumbnail","6":"product_cat-carros-es","7":"product_cat-carros-de-limpieza","8":"product_cat-utiles-de-limpieza","9":"marcas-tts-es","11":"first","12":"instock","13":"product-type-simple"},"_links":{"self":[{"href":"https:\/\/dibosch.com\/es\/wp-json\/wp\/v2\/product\/12371","targetHints":{"allow":["GET"]}}],"collection":[{"href":"https:\/\/dibosch.com\/es\/wp-json\/wp\/v2\/product"}],"about":[{"href":"https:\/\/dibosch.com\/es\/wp-json\/wp\/v2\/types\/product"}],"replies":[{"embeddable":true,"href":"https:\/\/dibosch.com\/es\/wp-json\/wp\/v2\/comments?post=12371"}],"wp:featuredmedia":[{"embeddable":true,"href":"https:\/\/dibosch.com\/es\/wp-json\/wp\/v2\/media\/35085"}],"wp:attachment":[{"href":"https:\/\/dibosch.com\/es\/wp-json\/wp\/v2\/media?parent=12371"}],"wp:term":[{"taxonomy":"product_brand","embeddable":true,"href":"https:\/\/dibosch.com\/es\/wp-json\/wp\/v2\/product_brand?post=12371"},{"taxonomy":"product_cat","embeddable":true,"href":"https:\/\/dibosch.com\/es\/wp-json\/wp\/v2\/product_cat?post=12371"},{"taxonomy":"product_tag","embeddable":true,"href":"https:\/\/dibosch.com\/es\/wp-json\/wp\/v2\/product_tag?post=12371"},{"taxonomy":"marcas","embeddable":true,"href":"https:\/\/dibosch.com\/es\/wp-json\/wp\/v2\/marcas?post=12371"},{"taxonomy":"certificats","embeddable":true,"href":"https:\/\/dibosch.com\/es\/wp-json\/wp\/v2\/certificats?post=12371"},{"taxonomy":"caracteristiques","embeddable":true,"href":"https:\/\/dibosch.com\/es\/wp-json\/wp\/v2\/caracteristiques?post=12371"},{"taxonomy":"tipus-productes","embeddable":true,"href":"https:\/\/dibosch.com\/es\/wp-json\/wp\/v2\/tipus-productes?post=12371"},{"taxonomy":"zona-aplicacio","embeddable":true,"href":"https:\/\/dibosch.com\/es\/wp-json\/wp\/v2\/zona-aplicacio?post=12371"},{"taxonomy":"tipus-maquinaria","embeddable":true,"href":"https:\/\/dibosch.com\/es\/wp-json\/wp\/v2\/tipus-maquinaria?post=12371"}],"curies":[{"name":"wp","href":"https:\/\/api.w.org\/{rel}","templated":true}]}}