{"id":12372,"date":"2022-12-07T10:39:50","date_gmt":"2022-12-07T10:39:50","guid":{"rendered":"https:\/\/www.dibosch.com\/producto\/natursafe-xtra-cleaner-bp5\/"},"modified":"2024-03-26T16:05:37","modified_gmt":"2024-03-26T16:05:37","slug":"natursafe-xtra-cleaner-bp5","status":"publish","type":"product","link":"https:\/\/dibosch.com\/es\/producto\/natursafe-xtra-cleaner-bp5\/","title":{"rendered":"NATURSAFE XTRA CLEANER BP5 &#8211; SUCITESA"},"content":{"rendered":"<p><strong>Caracter\u00edsticas del producto:<\/strong><\/p>\n<p>Elimina la suciedad general. Realza y conserva el brillo original del suelo. Secado r\u00e1pido. Sin rastros ni marcas. Aporta una fragancia fresca y sutil, que crea sensaci\u00f3n de limpieza. Efecto ambientador. Producto sostenible desarrollado bajo estrictos criterios medioambientales y de seguridad, con la garant\u00eda LIFE CARE. Producto VEGANO. F\u00f3rmula que no contiene ning\u00fan ingrediente de origen animal.<\/p>\n<p>&nbsp;<\/p>\n<p><strong>Modo de empleo:<\/strong><\/p>\n<p>SUELOS: Dosificar 2-10 ml \/l de producto en agua (1 tap\u00f3n=10 ml). Fregar del modo habitual. Repetir la operaci\u00f3n, en caso necesario<\/p>\n<p>&nbsp;<\/p>\n<p><strong>Indicado para:<\/strong><\/p>\n<p>Suelos. Terrazo, m\u00e1rmol, cer\u00e1mica, baldosas y similares. PVC, caucho y tambi\u00e9n linoleum.<\/p>\n","protected":false},"excerpt":{"rendered":"<p>Limpiatierras con Ecolabel.<\/p>\n","protected":false},"featured_media":26815,"comment_status":"closed","ping_status":"closed","template":"","meta":[],"product_brand":[],"product_cat":[785,689,694],"product_tag":[],"marcas":[922],"certificats":[936],"caracteristiques":[939,940],"tipus-productes":[943],"zona-aplicacio":[948,946],"tipus-maquinaria":[],"class_list":{"0":"post-12372","1":"product","2":"type-product","3":"status-publish","4":"has-post-thumbnail","6":"product_cat-fregasuelos","7":"product_cat-productos-de-limpieza","8":"product_cat-quimicos","9":"marcas-sucitesa-es","10":"certificats-eu-ecolabel-es","11":"caracteristiques-concentrados-es","12":"caracteristiques-ecologicos-es","13":"tipus-productes-sistema-de-ahorro-es","14":"zona-aplicacio-zona-habitaciones","15":"zona-aplicacio-zonas-comunes","17":"first","18":"instock","19":"product-type-simple"},"_links":{"self":[{"href":"https:\/\/dibosch.com\/es\/wp-json\/wp\/v2\/product\/12372","targetHints":{"allow":["GET"]}}],"collection":[{"href":"https:\/\/dibosch.com\/es\/wp-json\/wp\/v2\/product"}],"about":[{"href":"https:\/\/dibosch.com\/es\/wp-json\/wp\/v2\/types\/product"}],"replies":[{"embeddable":true,"href":"https:\/\/dibosch.com\/es\/wp-json\/wp\/v2\/comments?post=12372"}],"wp:featuredmedia":[{"embeddable":true,"href":"https:\/\/dibosch.com\/es\/wp-json\/wp\/v2\/media\/26815"}],"wp:attachment":[{"href":"https:\/\/dibosch.com\/es\/wp-json\/wp\/v2\/media?parent=12372"}],"wp:term":[{"taxonomy":"product_brand","embeddable":true,"href":"https:\/\/dibosch.com\/es\/wp-json\/wp\/v2\/product_brand?post=12372"},{"taxonomy":"product_cat","embeddable":true,"href":"https:\/\/dibosch.com\/es\/wp-json\/wp\/v2\/product_cat?post=12372"},{"taxonomy":"product_tag","embeddable":true,"href":"https:\/\/dibosch.com\/es\/wp-json\/wp\/v2\/product_tag?post=12372"},{"taxonomy":"marcas","embeddable":true,"href":"https:\/\/dibosch.com\/es\/wp-json\/wp\/v2\/marcas?post=12372"},{"taxonomy":"certificats","embeddable":true,"href":"https:\/\/dibosch.com\/es\/wp-json\/wp\/v2\/certificats?post=12372"},{"taxonomy":"caracteristiques","embeddable":true,"href":"https:\/\/dibosch.com\/es\/wp-json\/wp\/v2\/caracteristiques?post=12372"},{"taxonomy":"tipus-productes","embeddable":true,"href":"https:\/\/dibosch.com\/es\/wp-json\/wp\/v2\/tipus-productes?post=12372"},{"taxonomy":"zona-aplicacio","embeddable":true,"href":"https:\/\/dibosch.com\/es\/wp-json\/wp\/v2\/zona-aplicacio?post=12372"},{"taxonomy":"tipus-maquinaria","embeddable":true,"href":"https:\/\/dibosch.com\/es\/wp-json\/wp\/v2\/tipus-maquinaria?post=12372"}],"curies":[{"name":"wp","href":"https:\/\/api.w.org\/{rel}","templated":true}]}}