{"id":12388,"date":"2022-12-07T10:39:44","date_gmt":"2022-12-07T10:39:44","guid":{"rendered":"https:\/\/www.dibosch.com\/producto\/fd-divosan-tc-86-bp20\/"},"modified":"2025-09-24T07:47:15","modified_gmt":"2025-09-24T07:47:15","slug":"fd-divosan-tc-86-bp20","status":"publish","type":"product","link":"https:\/\/dibosch.com\/es\/producto\/fd-divosan-tc-86-bp20\/","title":{"rendered":"FD- DIVOSAN TC 86 BP20 &#8211; DIVERSEY"},"content":{"rendered":"<p><strong>Caracter\u00edsticas del producto:<\/strong><\/p>\n<p>Divosan TC86 contiene una mezcla de \u00e1lcalis c\u00e1usticas, hipoclorito s\u00f3dico y agentes secuestrantes org\u00e1nicos. Esta combinaci\u00f3n de ingredientes proporciona una excelente eliminaci\u00f3n de la grasa y de las manchas.<\/p>\n<p>Tambi\u00e9n proporciona una gran acci\u00f3n desinfectante contra todo tipo de microorganismos incluyendo bacterias, levaduras, hongos, esporas y virus.<\/p>\n<p>Divosan TC86 es un detergente desinfectante clorado de baja espuma, para suciedades dif\u00edciles, de amplio espectro para su uso en aguas duras por CIP y aplicaciones de lavado por spray en la industria de alimentos y bebidas.<\/p>\n<p>&nbsp;<\/p>\n<p><strong>Manual de uso:<\/strong><\/p>\n<p>Divosan TC86 se usa en CIP y lavados por spray a una concentraci\u00f3n de 2 &#8211; 5,0% p\/p y a un rango de temperaturas desde ambiente a 50\u00baC, el tiempo de contacto depende de la aplicaci\u00f3n y el grado de suciedad.<\/p>\n<p>Las soluciones que contengan Divosan TC86 deben aclararse abundantemente tras su uso para eliminarlas de las superficies en contacto con alimentos y bebidas.<\/p>\n","protected":false},"excerpt":{"rendered":"<p>Desinfectante para superficies<\/p>\n","protected":false},"featured_media":21350,"comment_status":"closed","ping_status":"closed","template":"","meta":[],"product_brand":[],"product_cat":[768,715,689],"product_tag":[],"marcas":[],"certificats":[],"caracteristiques":[],"tipus-productes":[],"zona-aplicacio":[],"tipus-maquinaria":[],"class_list":{"0":"post-12388","1":"product","2":"type-product","3":"status-publish","4":"has-post-thumbnail","6":"product_cat-desinfectantes","7":"product_cat-especificos-para-industria-alimentaria","8":"product_cat-productos-de-limpieza","10":"first","11":"instock","12":"product-type-simple"},"_links":{"self":[{"href":"https:\/\/dibosch.com\/es\/wp-json\/wp\/v2\/product\/12388","targetHints":{"allow":["GET"]}}],"collection":[{"href":"https:\/\/dibosch.com\/es\/wp-json\/wp\/v2\/product"}],"about":[{"href":"https:\/\/dibosch.com\/es\/wp-json\/wp\/v2\/types\/product"}],"replies":[{"embeddable":true,"href":"https:\/\/dibosch.com\/es\/wp-json\/wp\/v2\/comments?post=12388"}],"wp:featuredmedia":[{"embeddable":true,"href":"https:\/\/dibosch.com\/es\/wp-json\/wp\/v2\/media\/21350"}],"wp:attachment":[{"href":"https:\/\/dibosch.com\/es\/wp-json\/wp\/v2\/media?parent=12388"}],"wp:term":[{"taxonomy":"product_brand","embeddable":true,"href":"https:\/\/dibosch.com\/es\/wp-json\/wp\/v2\/product_brand?post=12388"},{"taxonomy":"product_cat","embeddable":true,"href":"https:\/\/dibosch.com\/es\/wp-json\/wp\/v2\/product_cat?post=12388"},{"taxonomy":"product_tag","embeddable":true,"href":"https:\/\/dibosch.com\/es\/wp-json\/wp\/v2\/product_tag?post=12388"},{"taxonomy":"marcas","embeddable":true,"href":"https:\/\/dibosch.com\/es\/wp-json\/wp\/v2\/marcas?post=12388"},{"taxonomy":"certificats","embeddable":true,"href":"https:\/\/dibosch.com\/es\/wp-json\/wp\/v2\/certificats?post=12388"},{"taxonomy":"caracteristiques","embeddable":true,"href":"https:\/\/dibosch.com\/es\/wp-json\/wp\/v2\/caracteristiques?post=12388"},{"taxonomy":"tipus-productes","embeddable":true,"href":"https:\/\/dibosch.com\/es\/wp-json\/wp\/v2\/tipus-productes?post=12388"},{"taxonomy":"zona-aplicacio","embeddable":true,"href":"https:\/\/dibosch.com\/es\/wp-json\/wp\/v2\/zona-aplicacio?post=12388"},{"taxonomy":"tipus-maquinaria","embeddable":true,"href":"https:\/\/dibosch.com\/es\/wp-json\/wp\/v2\/tipus-maquinaria?post=12388"}],"curies":[{"name":"wp","href":"https:\/\/api.w.org\/{rel}","templated":true}]}}