{"id":12389,"date":"2022-12-07T10:40:00","date_gmt":"2022-12-07T10:40:00","guid":{"rendered":"https:\/\/www.dibosch.com\/producto\/m-aspirador-zefiro-ev-420-z22-x\/"},"modified":"2025-09-23T10:21:40","modified_gmt":"2025-09-23T10:21:40","slug":"m-aspirador-zefiro-ev-420-z22-x","status":"publish","type":"product","link":"https:\/\/dibosch.com\/es\/producto\/m-aspirador-zefiro-ev-420-z22-x\/","title":{"rendered":"ASPIRADOR ZEFIRO EV 420 Z22 X &#8211; DELFIN"},"content":{"rendered":"<p>Alta superficie de filtraci\u00f3n antiest\u00e1tica con un c\u00f3modo sistema de limpieza manual integrado, puesta a tierra y un potente ventilador el\u00e9ctrico capaz de generar altos niveles de flujo de aire.<\/p>\n<p>Todo el que necesita para la extracci\u00f3n segura de polvo fino y humos en el aire en entornos con un riesgo de explosi\u00f3n poco frecuente.<\/p>\n<p>La extracci\u00f3n de polvo explosivo en zonas peligrosas puede crear una situaci\u00f3n todav\u00eda m\u00e1s peligrosa dentro del aspirador industrial, donde se recoge el polvo extra\u00eddo.<\/p>\n<p>La certificaci\u00f3n de la zona 20 del interior de la c\u00e1mara del aspirador elimina este riesgo.<\/p>\n<p>&nbsp;<\/p>\n<p>&nbsp;<\/p>\n<p><strong>*Precio base sujeto a disponibilidad (Sin IVA) Consultar complementos incluidos.<\/strong><\/p>\n","protected":false},"excerpt":{"rendered":"<p>EX II 3D | Tensi\u00f3n: 400V | Puede: 0,75 kW|Superficiefiltrante 20.000 cm\u00b2 | Depresi\u00f3n 180 mmH?O | Caudal:1000 m?\/h | Capacidad 45 l | pulso | accesorios excluidos |contenedor INOX<\/p>\n","protected":false},"featured_media":24646,"comment_status":"closed","ping_status":"closed","template":"","meta":[],"product_brand":[],"product_cat":[1174,1172,578,577],"product_tag":[],"marcas":[915],"certificats":[],"caracteristiques":[],"tipus-productes":[],"zona-aplicacio":[],"tipus-maquinaria":[],"class_list":{"0":"post-12389","1":"product","2":"type-product","3":"status-publish","4":"has-post-thumbnail","6":"product_cat-aspirador-industrial-polvo-fino","7":"product_cat-aspiradores-polvo-madera","8":"product_cat-aspiradores-industriales","9":"product_cat-maquinas","10":"marcas-delfin-es","12":"first","13":"instock","14":"purchasable","15":"product-type-simple"},"_links":{"self":[{"href":"https:\/\/dibosch.com\/es\/wp-json\/wp\/v2\/product\/12389","targetHints":{"allow":["GET"]}}],"collection":[{"href":"https:\/\/dibosch.com\/es\/wp-json\/wp\/v2\/product"}],"about":[{"href":"https:\/\/dibosch.com\/es\/wp-json\/wp\/v2\/types\/product"}],"replies":[{"embeddable":true,"href":"https:\/\/dibosch.com\/es\/wp-json\/wp\/v2\/comments?post=12389"}],"wp:featuredmedia":[{"embeddable":true,"href":"https:\/\/dibosch.com\/es\/wp-json\/wp\/v2\/media\/24646"}],"wp:attachment":[{"href":"https:\/\/dibosch.com\/es\/wp-json\/wp\/v2\/media?parent=12389"}],"wp:term":[{"taxonomy":"product_brand","embeddable":true,"href":"https:\/\/dibosch.com\/es\/wp-json\/wp\/v2\/product_brand?post=12389"},{"taxonomy":"product_cat","embeddable":true,"href":"https:\/\/dibosch.com\/es\/wp-json\/wp\/v2\/product_cat?post=12389"},{"taxonomy":"product_tag","embeddable":true,"href":"https:\/\/dibosch.com\/es\/wp-json\/wp\/v2\/product_tag?post=12389"},{"taxonomy":"marcas","embeddable":true,"href":"https:\/\/dibosch.com\/es\/wp-json\/wp\/v2\/marcas?post=12389"},{"taxonomy":"certificats","embeddable":true,"href":"https:\/\/dibosch.com\/es\/wp-json\/wp\/v2\/certificats?post=12389"},{"taxonomy":"caracteristiques","embeddable":true,"href":"https:\/\/dibosch.com\/es\/wp-json\/wp\/v2\/caracteristiques?post=12389"},{"taxonomy":"tipus-productes","embeddable":true,"href":"https:\/\/dibosch.com\/es\/wp-json\/wp\/v2\/tipus-productes?post=12389"},{"taxonomy":"zona-aplicacio","embeddable":true,"href":"https:\/\/dibosch.com\/es\/wp-json\/wp\/v2\/zona-aplicacio?post=12389"},{"taxonomy":"tipus-maquinaria","embeddable":true,"href":"https:\/\/dibosch.com\/es\/wp-json\/wp\/v2\/tipus-maquinaria?post=12389"}],"curies":[{"name":"wp","href":"https:\/\/api.w.org\/{rel}","templated":true}]}}