{"id":12423,"date":"2022-12-07T10:41:12","date_gmt":"2022-12-07T10:41:12","guid":{"rendered":"https:\/\/www.dibosch.com\/producto\/papel-hig-ind-lc-nature-1c-x18-175m-30gr-c\/"},"modified":"2024-03-26T16:05:51","modified_gmt":"2024-03-26T16:05:51","slug":"papel-hig-ind-lc-nature-1c-x18-175m-30gr-c","status":"publish","type":"product","link":"https:\/\/dibosch.com\/es\/producto\/papel-hig-ind-lc-nature-1c-x18-175m-30gr-c\/","title":{"rendered":"PAPEL HIG. IND. LC NATURE 1C (x18) 175m &#8211; 30gr\/c &#8211; LC PAPER"},"content":{"rendered":"<p>Papel higi\u00e9nico, no blanqueado, 1 capa. Rollo tama\u00f1o industrial<\/p>\n<ul>\n<li>18 rollos x 175 m<\/li>\n<li>Celulosa ecol\u00f3gica.<\/li>\n<li>Producto Sostenible, certificaci\u00f3n Cradle-to-Cradle y EU-Ecolabel<\/li>\n<li>Fabricado con energ\u00edas 100% renovables y con huella de carbono auditada<\/li>\n<li>M\u00e1xima suavidad<\/li>\n<li>Gran capacidad, reduce el riesgo de quedarse sin papel y las tareas de mantenimiento\/ reposici\u00f3n. Ideal para ba\u00f1os con elevado tr\u00e1fico de personas<\/li>\n<\/ul>\n","protected":false},"excerpt":{"rendered":"<p>Papel higi\u00e9nico industrial 1C sin blanquear. 175m\/rull.<\/p>\n","protected":false},"featured_media":21467,"comment_status":"closed","ping_status":"closed","template":"","meta":[],"product_brand":[],"product_cat":[737,738],"product_tag":[],"marcas":[],"certificats":[936],"caracteristiques":[940],"tipus-productes":[],"zona-aplicacio":[],"tipus-maquinaria":[],"class_list":{"0":"post-12423","1":"product","2":"type-product","3":"status-publish","4":"has-post-thumbnail","6":"product_cat-celulosa","7":"product_cat-papel-higienico","8":"certificats-eu-ecolabel-es","9":"caracteristiques-ecologicos-es","11":"first","12":"instock","13":"product-type-simple"},"_links":{"self":[{"href":"https:\/\/dibosch.com\/es\/wp-json\/wp\/v2\/product\/12423","targetHints":{"allow":["GET"]}}],"collection":[{"href":"https:\/\/dibosch.com\/es\/wp-json\/wp\/v2\/product"}],"about":[{"href":"https:\/\/dibosch.com\/es\/wp-json\/wp\/v2\/types\/product"}],"replies":[{"embeddable":true,"href":"https:\/\/dibosch.com\/es\/wp-json\/wp\/v2\/comments?post=12423"}],"wp:featuredmedia":[{"embeddable":true,"href":"https:\/\/dibosch.com\/es\/wp-json\/wp\/v2\/media\/21467"}],"wp:attachment":[{"href":"https:\/\/dibosch.com\/es\/wp-json\/wp\/v2\/media?parent=12423"}],"wp:term":[{"taxonomy":"product_brand","embeddable":true,"href":"https:\/\/dibosch.com\/es\/wp-json\/wp\/v2\/product_brand?post=12423"},{"taxonomy":"product_cat","embeddable":true,"href":"https:\/\/dibosch.com\/es\/wp-json\/wp\/v2\/product_cat?post=12423"},{"taxonomy":"product_tag","embeddable":true,"href":"https:\/\/dibosch.com\/es\/wp-json\/wp\/v2\/product_tag?post=12423"},{"taxonomy":"marcas","embeddable":true,"href":"https:\/\/dibosch.com\/es\/wp-json\/wp\/v2\/marcas?post=12423"},{"taxonomy":"certificats","embeddable":true,"href":"https:\/\/dibosch.com\/es\/wp-json\/wp\/v2\/certificats?post=12423"},{"taxonomy":"caracteristiques","embeddable":true,"href":"https:\/\/dibosch.com\/es\/wp-json\/wp\/v2\/caracteristiques?post=12423"},{"taxonomy":"tipus-productes","embeddable":true,"href":"https:\/\/dibosch.com\/es\/wp-json\/wp\/v2\/tipus-productes?post=12423"},{"taxonomy":"zona-aplicacio","embeddable":true,"href":"https:\/\/dibosch.com\/es\/wp-json\/wp\/v2\/zona-aplicacio?post=12423"},{"taxonomy":"tipus-maquinaria","embeddable":true,"href":"https:\/\/dibosch.com\/es\/wp-json\/wp\/v2\/tipus-maquinaria?post=12423"}],"curies":[{"name":"wp","href":"https:\/\/api.w.org\/{rel}","templated":true}]}}