{"id":12440,"date":"2022-12-07T10:40:40","date_gmt":"2022-12-07T10:40:40","guid":{"rendered":"https:\/\/www.dibosch.com\/producto\/carro-green-hotel-918-doble\/"},"modified":"2024-03-26T16:05:55","modified_gmt":"2024-03-26T16:05:55","slug":"carro-green-hotel-918-doble","status":"publish","type":"product","link":"https:\/\/dibosch.com\/es\/producto\/carro-green-hotel-918-doble\/","title":{"rendered":"CARRO GREEN HOTEL 918 DOBLE &#8211; TTS"},"content":{"rendered":"<p><strong>Caracter\u00edsticas del producto:<\/strong><\/p>\n<p>Carro lavander\u00eda con bolsa plastificad<\/p>\n<p>Robusto: el polipropileno, naturalmente inoxidable y el\u00e1stico, garantiza el rendimiento a prueba de golpes<\/p>\n<p>Mantenimiento f\u00e1cil: las superficies lisas y la ausencia de cavidades facilitan la limpieza y garantizan un alto nivel de higiene<\/p>\n<p>Ergon\u00f3mico: el soporte de bolsa permite extraer la bolsa sin tener que levantarla, evitando traumas y fatiga en la columna vertebral<\/p>\n<p>Personalizable: dos etiquetas en la base del carro pueden llevar el logotipo de la empresa de limpieza<\/p>\n","protected":false},"excerpt":{"rendered":"<p>Caracter\u00edsticas del producto: Carro lavander\u00eda con bolsa plastificad Robusto: el polipropileno, naturalmente inoxidable y el\u00e1stico, garantiza el rendimiento a prueba de golpes Mantenimiento f\u00e1cil: las superficies lisas y la ausencia de cavidades facilitan la limpieza y garantizan un alto nivel de higiene Ergon\u00f3mico: el soporte de bolsa permite extraer la bolsa sin tener que levantarla, [&hellip;]<\/p>\n","protected":false},"featured_media":23846,"comment_status":"closed","ping_status":"closed","template":"","meta":[],"product_brand":[],"product_cat":[685,706,684],"product_tag":[],"marcas":[917],"certificats":[],"caracteristiques":[],"tipus-productes":[],"zona-aplicacio":[],"tipus-maquinaria":[],"class_list":{"0":"post-12440","1":"product","2":"type-product","3":"status-publish","4":"has-post-thumbnail","6":"product_cat-carros-es","7":"product_cat-carros-de-servicio","8":"product_cat-utiles-de-limpieza","9":"marcas-tts-es","11":"first","12":"instock","13":"product-type-simple"},"_links":{"self":[{"href":"https:\/\/dibosch.com\/es\/wp-json\/wp\/v2\/product\/12440","targetHints":{"allow":["GET"]}}],"collection":[{"href":"https:\/\/dibosch.com\/es\/wp-json\/wp\/v2\/product"}],"about":[{"href":"https:\/\/dibosch.com\/es\/wp-json\/wp\/v2\/types\/product"}],"replies":[{"embeddable":true,"href":"https:\/\/dibosch.com\/es\/wp-json\/wp\/v2\/comments?post=12440"}],"wp:featuredmedia":[{"embeddable":true,"href":"https:\/\/dibosch.com\/es\/wp-json\/wp\/v2\/media\/23846"}],"wp:attachment":[{"href":"https:\/\/dibosch.com\/es\/wp-json\/wp\/v2\/media?parent=12440"}],"wp:term":[{"taxonomy":"product_brand","embeddable":true,"href":"https:\/\/dibosch.com\/es\/wp-json\/wp\/v2\/product_brand?post=12440"},{"taxonomy":"product_cat","embeddable":true,"href":"https:\/\/dibosch.com\/es\/wp-json\/wp\/v2\/product_cat?post=12440"},{"taxonomy":"product_tag","embeddable":true,"href":"https:\/\/dibosch.com\/es\/wp-json\/wp\/v2\/product_tag?post=12440"},{"taxonomy":"marcas","embeddable":true,"href":"https:\/\/dibosch.com\/es\/wp-json\/wp\/v2\/marcas?post=12440"},{"taxonomy":"certificats","embeddable":true,"href":"https:\/\/dibosch.com\/es\/wp-json\/wp\/v2\/certificats?post=12440"},{"taxonomy":"caracteristiques","embeddable":true,"href":"https:\/\/dibosch.com\/es\/wp-json\/wp\/v2\/caracteristiques?post=12440"},{"taxonomy":"tipus-productes","embeddable":true,"href":"https:\/\/dibosch.com\/es\/wp-json\/wp\/v2\/tipus-productes?post=12440"},{"taxonomy":"zona-aplicacio","embeddable":true,"href":"https:\/\/dibosch.com\/es\/wp-json\/wp\/v2\/zona-aplicacio?post=12440"},{"taxonomy":"tipus-maquinaria","embeddable":true,"href":"https:\/\/dibosch.com\/es\/wp-json\/wp\/v2\/tipus-maquinaria?post=12440"}],"curies":[{"name":"wp","href":"https:\/\/api.w.org\/{rel}","templated":true}]}}