{"id":12442,"date":"2022-12-07T10:40:50","date_gmt":"2022-12-07T10:40:50","guid":{"rendered":"https:\/\/www.dibosch.com\/producto\/carro-h-cube-ohk03890\/"},"modified":"2024-03-26T16:05:55","modified_gmt":"2024-03-26T16:05:55","slug":"carro-h-cube-ohk03890","status":"publish","type":"product","link":"https:\/\/dibosch.com\/es\/producto\/carro-h-cube-ohk03890\/","title":{"rendered":"CARRO H-CUBE OHK03890 &#8211; TTS"},"content":{"rendered":"<p><strong>Caracter\u00edsticas del producto:<\/strong><\/p>\n<p>Carro de servicio completo de bandeja extra\u00edble y bolsillos multiuso, con gancho y banda con sistema adherente para fijar herramientas y separadores m\u00f3viles<\/p>\n<p>Carro de servicio<\/p>\n<p>Ideal para hacer las operaciones de limpieza y montaje en las habitaciones de hotel<\/p>\n<p>Recomendado para el servicio de 2 habitaciones<\/p>\n<p>Con ruedas de 90 mm alta fluidez<\/p>\n<p>Eficiente: caracterizado por la discreci\u00f3n, la velocidad y la complicidad, ayuda a hacer las operaciones de limpieza r\u00e1pidamente y sin llamar la atenci\u00f3n<\/p>\n","protected":false},"excerpt":{"rendered":"<p>Carro de servicio completo, bandeja extra\u00edble y bolsillos, con gancho y banda de velcro para fijadoras y separadores m\u00f3viles<\/p>\n","protected":false},"featured_media":23559,"comment_status":"closed","ping_status":"closed","template":"","meta":[],"product_brand":[],"product_cat":[685,705,684],"product_tag":[],"marcas":[917],"certificats":[],"caracteristiques":[],"tipus-productes":[],"zona-aplicacio":[],"tipus-maquinaria":[],"class_list":{"0":"post-12442","1":"product","2":"type-product","3":"status-publish","4":"has-post-thumbnail","6":"product_cat-carros-es","7":"product_cat-carros-de-limpieza","8":"product_cat-utiles-de-limpieza","9":"marcas-tts-es","11":"first","12":"instock","13":"product-type-simple"},"_links":{"self":[{"href":"https:\/\/dibosch.com\/es\/wp-json\/wp\/v2\/product\/12442","targetHints":{"allow":["GET"]}}],"collection":[{"href":"https:\/\/dibosch.com\/es\/wp-json\/wp\/v2\/product"}],"about":[{"href":"https:\/\/dibosch.com\/es\/wp-json\/wp\/v2\/types\/product"}],"replies":[{"embeddable":true,"href":"https:\/\/dibosch.com\/es\/wp-json\/wp\/v2\/comments?post=12442"}],"wp:featuredmedia":[{"embeddable":true,"href":"https:\/\/dibosch.com\/es\/wp-json\/wp\/v2\/media\/23559"}],"wp:attachment":[{"href":"https:\/\/dibosch.com\/es\/wp-json\/wp\/v2\/media?parent=12442"}],"wp:term":[{"taxonomy":"product_brand","embeddable":true,"href":"https:\/\/dibosch.com\/es\/wp-json\/wp\/v2\/product_brand?post=12442"},{"taxonomy":"product_cat","embeddable":true,"href":"https:\/\/dibosch.com\/es\/wp-json\/wp\/v2\/product_cat?post=12442"},{"taxonomy":"product_tag","embeddable":true,"href":"https:\/\/dibosch.com\/es\/wp-json\/wp\/v2\/product_tag?post=12442"},{"taxonomy":"marcas","embeddable":true,"href":"https:\/\/dibosch.com\/es\/wp-json\/wp\/v2\/marcas?post=12442"},{"taxonomy":"certificats","embeddable":true,"href":"https:\/\/dibosch.com\/es\/wp-json\/wp\/v2\/certificats?post=12442"},{"taxonomy":"caracteristiques","embeddable":true,"href":"https:\/\/dibosch.com\/es\/wp-json\/wp\/v2\/caracteristiques?post=12442"},{"taxonomy":"tipus-productes","embeddable":true,"href":"https:\/\/dibosch.com\/es\/wp-json\/wp\/v2\/tipus-productes?post=12442"},{"taxonomy":"zona-aplicacio","embeddable":true,"href":"https:\/\/dibosch.com\/es\/wp-json\/wp\/v2\/zona-aplicacio?post=12442"},{"taxonomy":"tipus-maquinaria","embeddable":true,"href":"https:\/\/dibosch.com\/es\/wp-json\/wp\/v2\/tipus-maquinaria?post=12442"}],"curies":[{"name":"wp","href":"https:\/\/api.w.org\/{rel}","templated":true}]}}