{"id":12464,"date":"2022-12-07T10:42:12","date_gmt":"2022-12-07T10:42:12","guid":{"rendered":"https:\/\/www.dibosch.com\/producto\/m-aspirador-ca-80\/"},"modified":"2026-01-02T14:16:15","modified_gmt":"2026-01-02T14:16:15","slug":"m-aspirador-es-80","status":"publish","type":"product","link":"https:\/\/dibosch.com\/es\/producto\/m-aspirador-es-80\/","title":{"rendered":"ASPIRADOR CA 80 &#8211; COMAC"},"content":{"rendered":"<p>La gama de aspiradores CA est\u00e1 pensada para cubrir las necesidades de aspirar s\u00f3lidos y l\u00edquidos desde peque\u00f1as oficinas hasta espacios m\u00e1s grandes. Los aspiradores CA tienen un motor \u00fanico, muy potente, pr\u00e1ctico y manejable, puesto que disponen de grandes ruedas para facilitar la maniobrabilidad de las m\u00e1quinas. Todos los aspiradores incorporan una asa para ser f\u00e1cilmente transportados de un lado al otro o para vaciar el dep\u00f3sito un golpe llena.<\/p>\n<p>Los aspiradores COMAC CA 80 son los m\u00e1s grandes de la gama de aspiradores comerciales. El tanque tiene mucha m\u00e1s capacidad a diferencia del resto a pesar de que mantienen la maniobrabilidad y facilidad de uso. En esta gama, se puede instalar una goma de secado para aumentar la capacidad de secado. COMAC CA 80, una capacidad \u00fatil de 60 litros.<\/p>\n","protected":false},"excerpt":{"rendered":"<p>Potencia 1000 W | Capacidad 80 l | Nivel sonoro 72dB | Peso 15 kg | Agua &#8211; Pulso<\/p>\n","protected":false},"featured_media":11365,"comment_status":"closed","ping_status":"closed","template":"","meta":[],"product_brand":[],"product_cat":[578,577],"product_tag":[],"marcas":[],"certificats":[],"caracteristiques":[],"tipus-productes":[],"zona-aplicacio":[],"tipus-maquinaria":[],"class_list":{"0":"post-12464","1":"product","2":"type-product","3":"status-publish","4":"has-post-thumbnail","6":"product_cat-aspiradores-industriales","7":"product_cat-maquinas","9":"first","10":"instock","11":"product-type-simple"},"_links":{"self":[{"href":"https:\/\/dibosch.com\/es\/wp-json\/wp\/v2\/product\/12464","targetHints":{"allow":["GET"]}}],"collection":[{"href":"https:\/\/dibosch.com\/es\/wp-json\/wp\/v2\/product"}],"about":[{"href":"https:\/\/dibosch.com\/es\/wp-json\/wp\/v2\/types\/product"}],"replies":[{"embeddable":true,"href":"https:\/\/dibosch.com\/es\/wp-json\/wp\/v2\/comments?post=12464"}],"wp:featuredmedia":[{"embeddable":true,"href":"https:\/\/dibosch.com\/es\/wp-json\/wp\/v2\/media\/11365"}],"wp:attachment":[{"href":"https:\/\/dibosch.com\/es\/wp-json\/wp\/v2\/media?parent=12464"}],"wp:term":[{"taxonomy":"product_brand","embeddable":true,"href":"https:\/\/dibosch.com\/es\/wp-json\/wp\/v2\/product_brand?post=12464"},{"taxonomy":"product_cat","embeddable":true,"href":"https:\/\/dibosch.com\/es\/wp-json\/wp\/v2\/product_cat?post=12464"},{"taxonomy":"product_tag","embeddable":true,"href":"https:\/\/dibosch.com\/es\/wp-json\/wp\/v2\/product_tag?post=12464"},{"taxonomy":"marcas","embeddable":true,"href":"https:\/\/dibosch.com\/es\/wp-json\/wp\/v2\/marcas?post=12464"},{"taxonomy":"certificats","embeddable":true,"href":"https:\/\/dibosch.com\/es\/wp-json\/wp\/v2\/certificats?post=12464"},{"taxonomy":"caracteristiques","embeddable":true,"href":"https:\/\/dibosch.com\/es\/wp-json\/wp\/v2\/caracteristiques?post=12464"},{"taxonomy":"tipus-productes","embeddable":true,"href":"https:\/\/dibosch.com\/es\/wp-json\/wp\/v2\/tipus-productes?post=12464"},{"taxonomy":"zona-aplicacio","embeddable":true,"href":"https:\/\/dibosch.com\/es\/wp-json\/wp\/v2\/zona-aplicacio?post=12464"},{"taxonomy":"tipus-maquinaria","embeddable":true,"href":"https:\/\/dibosch.com\/es\/wp-json\/wp\/v2\/tipus-maquinaria?post=12464"}],"curies":[{"name":"wp","href":"https:\/\/api.w.org\/{rel}","templated":true}]}}