{"id":12467,"date":"2022-12-07T10:41:27","date_gmt":"2022-12-07T10:41:27","guid":{"rendered":"https:\/\/www.dibosch.com\/producto\/bobi-mec-2c-gof-reciclada-425m-x2\/"},"modified":"2024-03-26T16:06:01","modified_gmt":"2024-03-26T16:06:01","slug":"bobi-mec-2c-gof-reciclada-425m-x2","status":"publish","type":"product","link":"https:\/\/dibosch.com\/es\/producto\/bobi-mec-2c-gof-reciclada-425m-x2\/","title":{"rendered":"BOBI MEC 2C GOF. RECICLADA 425m (x2) &#8211; JABIPACK"},"content":{"rendered":"<p>Bobina de papel mec\u00e0nica. Celulosa blanca reciclada, 2 capas<\/p>\n<ul>\n<li>2 bobinas x 425 m<\/li>\n<li>Producto Sostenible, Ecolabel: sello &#8216;eco&#8217; de la UE<\/li>\n<li>M\u00e1xima capacidad de absorci\u00f3n<\/li>\n<li>Suave y resistente<\/li>\n<li>Multiusos, puede usarse para m\u00faltiples funciones, como secado de manos, limpieza y secado de superficies y objetos, absorci\u00f3n de l\u00edquidos.<\/li>\n<\/ul>\n","protected":false},"excerpt":{"rendered":"<p>Bobina mec\u00e1nica gofrada 425 m\/rull.<\/p>\n","protected":false},"featured_media":21410,"comment_status":"closed","ping_status":"closed","template":"","meta":[],"product_brand":[],"product_cat":[758,737],"product_tag":[],"marcas":[],"certificats":[],"caracteristiques":[],"tipus-productes":[],"zona-aplicacio":[],"tipus-maquinaria":[],"class_list":{"0":"post-12467","1":"product","2":"type-product","3":"status-publish","4":"has-post-thumbnail","6":"product_cat-bobinas","7":"product_cat-celulosa","9":"first","10":"instock","11":"product-type-simple"},"_links":{"self":[{"href":"https:\/\/dibosch.com\/es\/wp-json\/wp\/v2\/product\/12467","targetHints":{"allow":["GET"]}}],"collection":[{"href":"https:\/\/dibosch.com\/es\/wp-json\/wp\/v2\/product"}],"about":[{"href":"https:\/\/dibosch.com\/es\/wp-json\/wp\/v2\/types\/product"}],"replies":[{"embeddable":true,"href":"https:\/\/dibosch.com\/es\/wp-json\/wp\/v2\/comments?post=12467"}],"wp:featuredmedia":[{"embeddable":true,"href":"https:\/\/dibosch.com\/es\/wp-json\/wp\/v2\/media\/21410"}],"wp:attachment":[{"href":"https:\/\/dibosch.com\/es\/wp-json\/wp\/v2\/media?parent=12467"}],"wp:term":[{"taxonomy":"product_brand","embeddable":true,"href":"https:\/\/dibosch.com\/es\/wp-json\/wp\/v2\/product_brand?post=12467"},{"taxonomy":"product_cat","embeddable":true,"href":"https:\/\/dibosch.com\/es\/wp-json\/wp\/v2\/product_cat?post=12467"},{"taxonomy":"product_tag","embeddable":true,"href":"https:\/\/dibosch.com\/es\/wp-json\/wp\/v2\/product_tag?post=12467"},{"taxonomy":"marcas","embeddable":true,"href":"https:\/\/dibosch.com\/es\/wp-json\/wp\/v2\/marcas?post=12467"},{"taxonomy":"certificats","embeddable":true,"href":"https:\/\/dibosch.com\/es\/wp-json\/wp\/v2\/certificats?post=12467"},{"taxonomy":"caracteristiques","embeddable":true,"href":"https:\/\/dibosch.com\/es\/wp-json\/wp\/v2\/caracteristiques?post=12467"},{"taxonomy":"tipus-productes","embeddable":true,"href":"https:\/\/dibosch.com\/es\/wp-json\/wp\/v2\/tipus-productes?post=12467"},{"taxonomy":"zona-aplicacio","embeddable":true,"href":"https:\/\/dibosch.com\/es\/wp-json\/wp\/v2\/zona-aplicacio?post=12467"},{"taxonomy":"tipus-maquinaria","embeddable":true,"href":"https:\/\/dibosch.com\/es\/wp-json\/wp\/v2\/tipus-maquinaria?post=12467"}],"curies":[{"name":"wp","href":"https:\/\/api.w.org\/{rel}","templated":true}]}}