{"id":12477,"date":"2022-12-07T10:41:36","date_gmt":"2022-12-07T10:41:36","guid":{"rendered":"https:\/\/www.dibosch.com\/producto\/m-duplex-profesional-350\/"},"modified":"2024-03-26T16:06:04","modified_gmt":"2024-03-26T16:06:04","slug":"m-duplex-profesional-350","status":"publish","type":"product","link":"https:\/\/dibosch.com\/es\/producto\/m-duplex-profesional-350\/","title":{"rendered":"M- DUPLEX PROFESIONAL 350 &#8211;  DUPLEX"},"content":{"rendered":"<p>Combina barrer y fregar para conseguir nuevos est\u00e1ndares de limpieza de escalas mec\u00e1nicas, con cepillos extra largos y un sistema de gu\u00eda autom\u00e1tica patentado que mantiene la m\u00e1quina perfectamente al\u00edcuota en todo tipo de escalas mec\u00e1nicas.<\/p>\n<p>Las t\u00e9cnicas convencionales de limpieza de escalas mec\u00e1nicas han requerido el desmontaje de toda la escala mec\u00e1nica y la limpieza manual de cada escal\u00f3n.<br \/>\nEl limpiador de escala mec\u00e1nica d\u00faplex tarda solo 45 minutos a barrer y frotar la escala mec\u00e1nica sin necesidad de desmontarla.<\/p>\n","protected":false},"excerpt":{"rendered":"<p>Ancho: 35 cm | Dep\u00f3sito agua limpia: 12 l | autonom\u00eda ilimitada | el\u00e9ctrica |Peso 50 kg<\/p>\n","protected":false},"featured_media":24584,"comment_status":"closed","ping_status":"closed","template":"","meta":[],"product_brand":[],"product_cat":[731,729,727,989,810,577],"product_tag":[],"marcas":[924],"certificats":[],"caracteristiques":[],"tipus-productes":[],"zona-aplicacio":[952],"tipus-maquinaria":[],"class_list":{"0":"post-12477","1":"product","2":"type-product","3":"status-publish","4":"has-post-thumbnail","6":"product_cat-baterias","7":"product_cat-circular","8":"product_cat-fregadoras-a-pie","9":"product_cat-fregadoras-duplex","10":"product_cat-fregadora-es","11":"product_cat-maquinas","12":"marcas-duplex-es","13":"zona-aplicacio-moqueta-y-tejidos","15":"first","16":"instock","17":"product-type-simple"},"_links":{"self":[{"href":"https:\/\/dibosch.com\/es\/wp-json\/wp\/v2\/product\/12477","targetHints":{"allow":["GET"]}}],"collection":[{"href":"https:\/\/dibosch.com\/es\/wp-json\/wp\/v2\/product"}],"about":[{"href":"https:\/\/dibosch.com\/es\/wp-json\/wp\/v2\/types\/product"}],"replies":[{"embeddable":true,"href":"https:\/\/dibosch.com\/es\/wp-json\/wp\/v2\/comments?post=12477"}],"wp:featuredmedia":[{"embeddable":true,"href":"https:\/\/dibosch.com\/es\/wp-json\/wp\/v2\/media\/24584"}],"wp:attachment":[{"href":"https:\/\/dibosch.com\/es\/wp-json\/wp\/v2\/media?parent=12477"}],"wp:term":[{"taxonomy":"product_brand","embeddable":true,"href":"https:\/\/dibosch.com\/es\/wp-json\/wp\/v2\/product_brand?post=12477"},{"taxonomy":"product_cat","embeddable":true,"href":"https:\/\/dibosch.com\/es\/wp-json\/wp\/v2\/product_cat?post=12477"},{"taxonomy":"product_tag","embeddable":true,"href":"https:\/\/dibosch.com\/es\/wp-json\/wp\/v2\/product_tag?post=12477"},{"taxonomy":"marcas","embeddable":true,"href":"https:\/\/dibosch.com\/es\/wp-json\/wp\/v2\/marcas?post=12477"},{"taxonomy":"certificats","embeddable":true,"href":"https:\/\/dibosch.com\/es\/wp-json\/wp\/v2\/certificats?post=12477"},{"taxonomy":"caracteristiques","embeddable":true,"href":"https:\/\/dibosch.com\/es\/wp-json\/wp\/v2\/caracteristiques?post=12477"},{"taxonomy":"tipus-productes","embeddable":true,"href":"https:\/\/dibosch.com\/es\/wp-json\/wp\/v2\/tipus-productes?post=12477"},{"taxonomy":"zona-aplicacio","embeddable":true,"href":"https:\/\/dibosch.com\/es\/wp-json\/wp\/v2\/zona-aplicacio?post=12477"},{"taxonomy":"tipus-maquinaria","embeddable":true,"href":"https:\/\/dibosch.com\/es\/wp-json\/wp\/v2\/tipus-maquinaria?post=12477"}],"curies":[{"name":"wp","href":"https:\/\/api.w.org\/{rel}","templated":true}]}}