{"id":12479,"date":"2022-12-07T11:22:49","date_gmt":"2022-12-07T11:22:49","guid":{"rendered":"https:\/\/www.dibosch.com\/producto\/m-aspirador-mistral-501-wd-inox\/"},"modified":"2024-03-26T16:06:05","modified_gmt":"2024-03-26T16:06:05","slug":"m-aspirador-mistral-501-wd-inox","status":"publish","type":"product","link":"https:\/\/dibosch.com\/es\/producto\/m-aspirador-mistral-501-wd-inox\/","title":{"rendered":"ASPIRADOR MISTRAL 501 WD INOX &#8211; DELFIN"},"content":{"rendered":"<p>El aspirador 501WD es un aspirador compacto y manejable, ideal para la aspiraci\u00f3n de l\u00edquidos y s\u00f3lidos.<br \/>\nAlimentado por un potente motor monof\u00e1sico, est\u00e1 equipado con un kit de filtraci\u00f3n doble para polvos y l\u00edquidos, lo que lo convierte en la herramienta ideal para la limpieza y el mantenimiento de los entornos de trabajo.<br \/>\nEl contenedor de 50 litros, totalmente hecho de acero pintado, permite la recolecci\u00f3n de una gran cantidad de l\u00edquidos mezclados con polvos con total seguridad.<br \/>\nEl c\u00f3modo tubo de escape posterior le permite drenar el l\u00edquido aspirado de una forma pr\u00e1ctica y r\u00e1pida.<\/p>\n<p>&nbsp;<\/p>\n<p>&nbsp;<\/p>\n<p>&nbsp;<\/p>\n<p><strong>*Precio base sujeto a disponibilidad (Sin IVA) Consultar complementos incluidos.<\/strong><\/p>\n","protected":false},"excerpt":{"rendered":"<p>Tensi\u00f3n: 220V | Puede: 1,15 kW|Superficie filtrante 8.000 cm\u00b2 | Caudal: 180 m?\/h | Capacidad 50 l | inoxidable 304 | liquidos-polvo | incluye accesorios<\/p>\n","protected":false},"featured_media":24668,"comment_status":"closed","ping_status":"closed","template":"","meta":[],"product_brand":[],"product_cat":[1329,1192,1165,1184,1333,578,577],"product_tag":[],"marcas":[915],"certificats":[],"caracteristiques":[],"tipus-productes":[],"zona-aplicacio":[],"tipus-maquinaria":[],"class_list":{"0":"post-12479","1":"product","2":"type-product","3":"status-publish","4":"has-post-thumbnail","6":"product_cat-aspirador-liquidos-industriales","7":"product_cat-aspirador-industrial-obras","8":"product_cat-aspirador-de-polvo-liquido-industrial","9":"product_cat-aspirador-hornos-panaderia","10":"product_cat-aspiradoras-semi-industriales","11":"product_cat-aspiradores-industriales","12":"product_cat-maquinas","13":"marcas-delfin-es","15":"first","16":"outofstock","17":"purchasable","18":"product-type-simple"},"_links":{"self":[{"href":"https:\/\/dibosch.com\/es\/wp-json\/wp\/v2\/product\/12479","targetHints":{"allow":["GET"]}}],"collection":[{"href":"https:\/\/dibosch.com\/es\/wp-json\/wp\/v2\/product"}],"about":[{"href":"https:\/\/dibosch.com\/es\/wp-json\/wp\/v2\/types\/product"}],"replies":[{"embeddable":true,"href":"https:\/\/dibosch.com\/es\/wp-json\/wp\/v2\/comments?post=12479"}],"wp:featuredmedia":[{"embeddable":true,"href":"https:\/\/dibosch.com\/es\/wp-json\/wp\/v2\/media\/24668"}],"wp:attachment":[{"href":"https:\/\/dibosch.com\/es\/wp-json\/wp\/v2\/media?parent=12479"}],"wp:term":[{"taxonomy":"product_brand","embeddable":true,"href":"https:\/\/dibosch.com\/es\/wp-json\/wp\/v2\/product_brand?post=12479"},{"taxonomy":"product_cat","embeddable":true,"href":"https:\/\/dibosch.com\/es\/wp-json\/wp\/v2\/product_cat?post=12479"},{"taxonomy":"product_tag","embeddable":true,"href":"https:\/\/dibosch.com\/es\/wp-json\/wp\/v2\/product_tag?post=12479"},{"taxonomy":"marcas","embeddable":true,"href":"https:\/\/dibosch.com\/es\/wp-json\/wp\/v2\/marcas?post=12479"},{"taxonomy":"certificats","embeddable":true,"href":"https:\/\/dibosch.com\/es\/wp-json\/wp\/v2\/certificats?post=12479"},{"taxonomy":"caracteristiques","embeddable":true,"href":"https:\/\/dibosch.com\/es\/wp-json\/wp\/v2\/caracteristiques?post=12479"},{"taxonomy":"tipus-productes","embeddable":true,"href":"https:\/\/dibosch.com\/es\/wp-json\/wp\/v2\/tipus-productes?post=12479"},{"taxonomy":"zona-aplicacio","embeddable":true,"href":"https:\/\/dibosch.com\/es\/wp-json\/wp\/v2\/zona-aplicacio?post=12479"},{"taxonomy":"tipus-maquinaria","embeddable":true,"href":"https:\/\/dibosch.com\/es\/wp-json\/wp\/v2\/tipus-maquinaria?post=12479"}],"curies":[{"name":"wp","href":"https:\/\/api.w.org\/{rel}","templated":true}]}}