{"id":12503,"date":"2022-12-07T10:42:23","date_gmt":"2022-12-07T10:42:23","guid":{"rendered":"https:\/\/www.dibosch.com\/producto\/rull-baieta-cristales-vileda\/"},"modified":"2024-03-26T16:06:15","modified_gmt":"2024-03-26T16:06:15","slug":"rull-bayeta-cristales-villa","status":"publish","type":"product","link":"https:\/\/dibosch.com\/es\/producto\/rull-bayeta-cristales-villa\/","title":{"rendered":"RULL BAIETA CRISTALES &#8211; VILEDA"},"content":{"rendered":"<p><strong>Descripci\u00f3n de producto:<\/strong><\/p>\n<p>Bayeta absorbente de tela sin tejer con microporos, recubierta de l\u00e1tex. Permite una limpieza sin huella en todo tipo de superficies lisas, aportando adem\u00e1s una muy alta capacidad de absorci\u00f3n y secado. No se acartona al secarse.<\/p>\n<p>&nbsp;<\/p>\n<p><strong>C\u00f3mo utilizar:<\/strong><\/p>\n<p>\u2022 Aclarar bien con abundante agua antes del primer uso.<br \/>\n\u2022 Utilizar siempre humedecida, dejando las superficies acristaladas limpias, secas y brillantes.<br \/>\n\u2022 Ideal para utilizar con el Sistema Limpiacristales Evolution de Vileda.<br \/>\n\u2022 Escurrir sucesivamente a medida que vaya quedando saturada de agua.<br \/>\n\u2022 Lavar la bayeta una vez que se ensucie<\/p>\n<p>&nbsp;<\/p>\n<p><strong>\u00c1rea de aplicaci\u00f3n:<\/strong><\/p>\n<p>Bayeta dise\u00f1ada para su empleo en tareas de limpieza profesional de todo tipo de cristales, espejos, escaparates, mostradores, metales, etc. En general, se puede utilizar para cualquier superficie que exija acabados perfectos.<\/p>\n","protected":false},"excerpt":{"rendered":"<p>Limpieza y secado perfecto de cristales.<\/p>\n","protected":false},"featured_media":21670,"comment_status":"closed","ping_status":"closed","template":"","meta":[],"product_brand":[],"product_cat":[753,713,684],"product_tag":[],"marcas":[928],"certificats":[],"caracteristiques":[],"tipus-productes":[],"zona-aplicacio":[],"tipus-maquinaria":[],"class_list":{"0":"post-12503","1":"product","2":"type-product","3":"status-publish","4":"has-post-thumbnail","6":"product_cat-bayetas-y-panos","7":"product_cat-utensilios","8":"product_cat-utiles-de-limpieza","9":"marcas-vileda-es","11":"first","12":"instock","13":"product-type-simple"},"_links":{"self":[{"href":"https:\/\/dibosch.com\/es\/wp-json\/wp\/v2\/product\/12503","targetHints":{"allow":["GET"]}}],"collection":[{"href":"https:\/\/dibosch.com\/es\/wp-json\/wp\/v2\/product"}],"about":[{"href":"https:\/\/dibosch.com\/es\/wp-json\/wp\/v2\/types\/product"}],"replies":[{"embeddable":true,"href":"https:\/\/dibosch.com\/es\/wp-json\/wp\/v2\/comments?post=12503"}],"wp:featuredmedia":[{"embeddable":true,"href":"https:\/\/dibosch.com\/es\/wp-json\/wp\/v2\/media\/21670"}],"wp:attachment":[{"href":"https:\/\/dibosch.com\/es\/wp-json\/wp\/v2\/media?parent=12503"}],"wp:term":[{"taxonomy":"product_brand","embeddable":true,"href":"https:\/\/dibosch.com\/es\/wp-json\/wp\/v2\/product_brand?post=12503"},{"taxonomy":"product_cat","embeddable":true,"href":"https:\/\/dibosch.com\/es\/wp-json\/wp\/v2\/product_cat?post=12503"},{"taxonomy":"product_tag","embeddable":true,"href":"https:\/\/dibosch.com\/es\/wp-json\/wp\/v2\/product_tag?post=12503"},{"taxonomy":"marcas","embeddable":true,"href":"https:\/\/dibosch.com\/es\/wp-json\/wp\/v2\/marcas?post=12503"},{"taxonomy":"certificats","embeddable":true,"href":"https:\/\/dibosch.com\/es\/wp-json\/wp\/v2\/certificats?post=12503"},{"taxonomy":"caracteristiques","embeddable":true,"href":"https:\/\/dibosch.com\/es\/wp-json\/wp\/v2\/caracteristiques?post=12503"},{"taxonomy":"tipus-productes","embeddable":true,"href":"https:\/\/dibosch.com\/es\/wp-json\/wp\/v2\/tipus-productes?post=12503"},{"taxonomy":"zona-aplicacio","embeddable":true,"href":"https:\/\/dibosch.com\/es\/wp-json\/wp\/v2\/zona-aplicacio?post=12503"},{"taxonomy":"tipus-maquinaria","embeddable":true,"href":"https:\/\/dibosch.com\/es\/wp-json\/wp\/v2\/tipus-maquinaria?post=12503"}],"curies":[{"name":"wp","href":"https:\/\/api.w.org\/{rel}","templated":true}]}}