{"id":12507,"date":"2022-12-07T10:42:53","date_gmt":"2022-12-07T10:42:53","guid":{"rendered":"https:\/\/www.dibosch.com\/producto\/carro-nick-plus-70-0p066509rn\/"},"modified":"2024-03-26T16:06:16","modified_gmt":"2024-03-26T16:06:16","slug":"carro-nick-plus-70-0p066509rn","status":"publish","type":"product","link":"https:\/\/dibosch.com\/es\/producto\/carro-nick-plus-70-0p066509rn\/","title":{"rendered":"CARRO NICK PLUS 70 &#8211; 0P066509RN &#8211; TTS"},"content":{"rendered":"<p><strong>Caracter\u00edsticas del producto:<\/strong><\/p>\n<p>Carro con cubo 28 L para el fregado con separador y soporte de bolsa<\/p>\n<p>Carro simple para el fregado con prensa ergon\u00f3mica de rodillo y soporte de bolsa para la recogida de residuos<\/p>\n<p>Ideal para limpiar entornos medianos y peque\u00f1os que necesitan aclarar la mopa<\/p>\n<p>Ergon\u00f3mico: el escurrido con rodillo permite una reducci\u00f3n del 30% del esfuerzo en comparaci\u00f3n con las prensas tradicionales<\/p>\n<p>Eficaz: el mecanismo de escurrido mantiene constante la humedad de la mopa, eliminando la subjetividad del operario<\/p>\n<p>Reduce el tiempo de trabajo: escurrir sin fondo permite de enjuagar y escurrir en un movimiento \u00fanico y simple dentro de la prensa, ahorrando tiempo y esfuerzo<\/p>\n","protected":false},"excerpt":{"rendered":"<p>Carro de 28.lt con prensa dry (rodillo negro).<\/p>\n","protected":false},"featured_media":23554,"comment_status":"closed","ping_status":"closed","template":"","meta":[],"product_brand":[],"product_cat":[685,705,684],"product_tag":[],"marcas":[917],"certificats":[],"caracteristiques":[],"tipus-productes":[],"zona-aplicacio":[],"tipus-maquinaria":[],"class_list":{"0":"post-12507","1":"product","2":"type-product","3":"status-publish","4":"has-post-thumbnail","6":"product_cat-carros-es","7":"product_cat-carros-de-limpieza","8":"product_cat-utiles-de-limpieza","9":"marcas-tts-es","11":"first","12":"instock","13":"product-type-simple"},"_links":{"self":[{"href":"https:\/\/dibosch.com\/es\/wp-json\/wp\/v2\/product\/12507","targetHints":{"allow":["GET"]}}],"collection":[{"href":"https:\/\/dibosch.com\/es\/wp-json\/wp\/v2\/product"}],"about":[{"href":"https:\/\/dibosch.com\/es\/wp-json\/wp\/v2\/types\/product"}],"replies":[{"embeddable":true,"href":"https:\/\/dibosch.com\/es\/wp-json\/wp\/v2\/comments?post=12507"}],"wp:featuredmedia":[{"embeddable":true,"href":"https:\/\/dibosch.com\/es\/wp-json\/wp\/v2\/media\/23554"}],"wp:attachment":[{"href":"https:\/\/dibosch.com\/es\/wp-json\/wp\/v2\/media?parent=12507"}],"wp:term":[{"taxonomy":"product_brand","embeddable":true,"href":"https:\/\/dibosch.com\/es\/wp-json\/wp\/v2\/product_brand?post=12507"},{"taxonomy":"product_cat","embeddable":true,"href":"https:\/\/dibosch.com\/es\/wp-json\/wp\/v2\/product_cat?post=12507"},{"taxonomy":"product_tag","embeddable":true,"href":"https:\/\/dibosch.com\/es\/wp-json\/wp\/v2\/product_tag?post=12507"},{"taxonomy":"marcas","embeddable":true,"href":"https:\/\/dibosch.com\/es\/wp-json\/wp\/v2\/marcas?post=12507"},{"taxonomy":"certificats","embeddable":true,"href":"https:\/\/dibosch.com\/es\/wp-json\/wp\/v2\/certificats?post=12507"},{"taxonomy":"caracteristiques","embeddable":true,"href":"https:\/\/dibosch.com\/es\/wp-json\/wp\/v2\/caracteristiques?post=12507"},{"taxonomy":"tipus-productes","embeddable":true,"href":"https:\/\/dibosch.com\/es\/wp-json\/wp\/v2\/tipus-productes?post=12507"},{"taxonomy":"zona-aplicacio","embeddable":true,"href":"https:\/\/dibosch.com\/es\/wp-json\/wp\/v2\/zona-aplicacio?post=12507"},{"taxonomy":"tipus-maquinaria","embeddable":true,"href":"https:\/\/dibosch.com\/es\/wp-json\/wp\/v2\/tipus-maquinaria?post=12507"}],"curies":[{"name":"wp","href":"https:\/\/api.w.org\/{rel}","templated":true}]}}