{"id":12552,"date":"2022-12-07T10:42:49","date_gmt":"2022-12-07T10:42:49","guid":{"rendered":"https:\/\/www.dibosch.com\/producto\/fd-enduro-uniphase-ve15-x950\/"},"modified":"2024-03-26T16:06:26","modified_gmt":"2024-03-26T16:06:26","slug":"fd-enduro-uniphase-ve15-x950","status":"publish","type":"product","link":"https:\/\/dibosch.com\/es\/producto\/fd-enduro-uniphase-ve15-x950\/","title":{"rendered":"FD- ENDURO UNIPHASE VE15 (x950) &#8211; DIVERSEY"},"content":{"rendered":"<p><strong>Caracter\u00edsticas del producto:<\/strong><\/p>\n<p>EnduroUniphase es un detergente espumante c\u00e1ustico con elevada secuestraci\u00f3n de elevada eficacia para ser aplicado en las industrias de procesado de alimentos, bebidas y l\u00e1cteas.<\/p>\n<p>Contiene una mezcla concentrada de alcalinidad c\u00e1ustica, secuestrantes org\u00e1nicos y agentes tensioactivos humectantes de elevada capacidad espumante. Es adecuado para ser utilizado frente a un amplio rango de suciedades y durezas de agua. Su uso regular deber\u00eda prevenir la necesidad peri\u00f3dica de utilizar un \u00e1cido desincrustante.<\/p>\n<p>&nbsp;<\/p>\n<p><strong>Manual de uso:<\/strong><\/p>\n<p>Aplicar EnduroUniphase a concentraciones entre 2-6% dependiendo del tipo de suciedad y nivel de espuma.<\/p>\n","protected":false},"excerpt":{"rendered":"<p>Detergente alcalino para limpieza alimenticia<\/p>\n","protected":false},"featured_media":21230,"comment_status":"closed","ping_status":"closed","template":"","meta":[],"product_brand":[],"product_cat":[716,715,689],"product_tag":[],"marcas":[],"certificats":[],"caracteristiques":[],"tipus-productes":[],"zona-aplicacio":[],"tipus-maquinaria":[],"class_list":{"0":"post-12552","1":"product","2":"type-product","3":"status-publish","4":"has-post-thumbnail","6":"product_cat-alcalinos-espumante","7":"product_cat-especificos-para-industria-alimentaria","8":"product_cat-productos-de-limpieza","10":"first","11":"instock","12":"product-type-simple"},"_links":{"self":[{"href":"https:\/\/dibosch.com\/es\/wp-json\/wp\/v2\/product\/12552","targetHints":{"allow":["GET"]}}],"collection":[{"href":"https:\/\/dibosch.com\/es\/wp-json\/wp\/v2\/product"}],"about":[{"href":"https:\/\/dibosch.com\/es\/wp-json\/wp\/v2\/types\/product"}],"replies":[{"embeddable":true,"href":"https:\/\/dibosch.com\/es\/wp-json\/wp\/v2\/comments?post=12552"}],"wp:featuredmedia":[{"embeddable":true,"href":"https:\/\/dibosch.com\/es\/wp-json\/wp\/v2\/media\/21230"}],"wp:attachment":[{"href":"https:\/\/dibosch.com\/es\/wp-json\/wp\/v2\/media?parent=12552"}],"wp:term":[{"taxonomy":"product_brand","embeddable":true,"href":"https:\/\/dibosch.com\/es\/wp-json\/wp\/v2\/product_brand?post=12552"},{"taxonomy":"product_cat","embeddable":true,"href":"https:\/\/dibosch.com\/es\/wp-json\/wp\/v2\/product_cat?post=12552"},{"taxonomy":"product_tag","embeddable":true,"href":"https:\/\/dibosch.com\/es\/wp-json\/wp\/v2\/product_tag?post=12552"},{"taxonomy":"marcas","embeddable":true,"href":"https:\/\/dibosch.com\/es\/wp-json\/wp\/v2\/marcas?post=12552"},{"taxonomy":"certificats","embeddable":true,"href":"https:\/\/dibosch.com\/es\/wp-json\/wp\/v2\/certificats?post=12552"},{"taxonomy":"caracteristiques","embeddable":true,"href":"https:\/\/dibosch.com\/es\/wp-json\/wp\/v2\/caracteristiques?post=12552"},{"taxonomy":"tipus-productes","embeddable":true,"href":"https:\/\/dibosch.com\/es\/wp-json\/wp\/v2\/tipus-productes?post=12552"},{"taxonomy":"zona-aplicacio","embeddable":true,"href":"https:\/\/dibosch.com\/es\/wp-json\/wp\/v2\/zona-aplicacio?post=12552"},{"taxonomy":"tipus-maquinaria","embeddable":true,"href":"https:\/\/dibosch.com\/es\/wp-json\/wp\/v2\/tipus-maquinaria?post=12552"}],"curies":[{"name":"wp","href":"https:\/\/api.w.org\/{rel}","templated":true}]}}